{"id":10,"date":"2024-05-03T07:36:10","date_gmt":"2024-05-03T07:36:10","guid":{"rendered":"https:\/\/denkraum42.de\/?page_id=10"},"modified":"2024-08-25T11:14:52","modified_gmt":"2024-08-25T11:14:52","slug":"startseite","status":"publish","type":"page","link":"https:\/\/denkraum42.de\/","title":{"rendered":"Startseite"},"content":{"rendered":"\n<h2 class=\"wp-block-heading\"><br><strong>Entdecke die Zukunft des Menschseins \u2013 Sei Teil des Wandels!<\/strong><\/h2>\n\n\n\n<blockquote class=\"wp-block-quote is-layout-flow wp-block-quote-is-layout-flow\">\n<h2 class=\"wp-block-heading\">&#8222;Die aufregendsten Durchbr\u00fcche des 21. Jahrhunderts werden nicht aufgrund der Technologie stattfinden, sondern aufgrund eines sich erweiternden Konzepts dessen, was es bedeutet, Mensch zu sein&#8220;<\/h2>\n\n\n\n<p>John Naisbitt, Zukunftsforscher<\/p>\n\n\n\n<p>Wir leben in einer Zeit voller spannender Ver\u00e4nderungen. Die Welt wandelt sich von einer EGO-Kultur hin zu einer ECO-Kultur, die zunehmend generativ-demokratisch gepr\u00e4gt ist. Das alte Paradigma des \u201eschneller-h\u00f6her-weiter\u201c st\u00f6\u00dft an seine Grenzen.<\/p>\n\n\n\n<p>Einfach nur Effektivit\u00e4t und Gewinn zu steigern reicht nicht mehr aus! Die herk\u00f6mmlichen Methoden zur Analyse von Situationen, Konflikten und Problemen sind \u00fcberholt. Menschen und Unternehmen sind keine Maschinen \u2013 sie k\u00f6nnen nicht einfach zerlegt, repariert oder neu programmiert werden.<\/p>\n\n\n\n<h2 class=\"wp-block-heading\">Das mechanistische Ursache-Wirkungsprinzip funktioniert nicht mehr! Die wirtschaftlichen und psychologischen Ans\u00e4tze der Vergangenheit sind nicht l\u00e4nger geeignet, um Menschen und Organisationen zukunftsf\u00e4hig zu machen.<br><br><strong>Die Zeit einfacher Antworten ist vorbei!<\/strong><br><br>Jetzt ist der Moment f\u00fcr einen Paradigmenwechsel! W\u00e4hrend viele noch nachdenken, denken wir bereits voraus. Werde Teil dieser Bewegung und gestalte aktiv die Zukunft mit!<br><\/h2>\n\n\n\n<h1 class=\"wp-block-heading\"><br><strong>Bist du bereit f\u00fcr den Wandel? <\/strong><\/h1>\n\n\n\n<h1 class=\"wp-block-heading\"><strong>Lass uns gemeinsam neue Wege beschreiten!<\/strong><\/h1>\n\n\n\n<p><\/p>\n\n\n\n<h1 class=\"wp-block-heading\"><\/h1>\n<\/blockquote>\n","protected":false},"excerpt":{"rendered":"<p>Entdecke die Zukunft des Menschseins \u2013 Sei Teil des Wandels! &#8222;Die aufregendsten Durchbr\u00fcche des 21. Jahrhunderts werden nicht aufgrund der Technologie stattfinden, sondern aufgrund eines sich erweiternden Konzepts dessen, was es bedeutet, Mensch zu sein&#8220; John Naisbitt, Zukunftsforscher Wir leben in einer Zeit voller spannender Ver\u00e4nderungen. Die Welt wandelt sich von einer EGO-Kultur hin zu &hellip; <\/p>\n<p class=\"link-more\"><a href=\"https:\/\/denkraum42.de\/\" class=\"more-link\"><span class=\"screen-reader-text\">\u201eStartseite\u201c<\/span> weiterlesen<\/a><\/p>\n","protected":false},"author":1,"featured_media":0,"parent":0,"menu_order":0,"comment_status":"closed","ping_status":"closed","template":"","meta":{"footnotes":""},"class_list":["post-10","page","type-page","status-publish","hentry"],"yoast_head":"<!-- This site is optimized with the Yoast SEO plugin v22.6 - https:\/\/yoast.com\/wordpress\/plugins\/seo\/ -->\n<title>Startseite - Denkraum 42<\/title>\n<meta name=\"description\" content=\"Die aufregendsten Durchbr\u00fcche des 21. Jahrhunderts werden nicht durch Technologie stattfinden, sondern aufgrund eines sich erweiternden Konzepts dessen, was es bedeutet, Mensch zu sein\" \/>\n<meta name=\"robots\" content=\"index, follow, max-snippet:-1, max-image-preview:large, max-video-preview:-1\" \/>\n<link rel=\"canonical\" href=\"https:\/\/denkraum42.de\/\" \/>\n<meta property=\"og:locale\" content=\"de_DE\" \/>\n<meta property=\"og:type\" content=\"article\" \/>\n<meta property=\"og:title\" content=\"Startseite - Denkraum 42\" \/>\n<meta property=\"og:description\" content=\"Die aufregendsten Durchbr\u00fcche des 21. Jahrhunderts werden nicht durch Technologie stattfinden, sondern aufgrund eines sich erweiternden Konzepts dessen, was es bedeutet, Mensch zu sein\" \/>\n<meta property=\"og:url\" content=\"https:\/\/denkraum42.de\/\" \/>\n<meta property=\"og:site_name\" content=\"Denkraum 42\" \/>\n<meta property=\"article:modified_time\" content=\"2024-08-25T11:14:52+00:00\" \/>\n<meta name=\"twitter:card\" content=\"summary_large_image\" \/>\n<meta name=\"twitter:label1\" content=\"Gesch\u00e4tzte Lesezeit\" \/>\n\t<meta name=\"twitter:data1\" content=\"1\u00a0Minute\" \/>\n<script type=\"application\/ld+json\" class=\"yoast-schema-graph\">{\"@context\":\"https:\/\/schema.org\",\"@graph\":[{\"@type\":\"WebPage\",\"@id\":\"https:\/\/denkraum42.de\/\",\"url\":\"https:\/\/denkraum42.de\/\",\"name\":\"Startseite - Denkraum 42\",\"isPartOf\":{\"@id\":\"https:\/\/denkraum42.de\/#website\"},\"datePublished\":\"2024-05-03T07:36:10+00:00\",\"dateModified\":\"2024-08-25T11:14:52+00:00\",\"description\":\"Die aufregendsten Durchbr\u00fcche des 21. Jahrhunderts werden nicht durch Technologie stattfinden, sondern aufgrund eines sich erweiternden Konzepts dessen, was es bedeutet, Mensch zu sein\",\"breadcrumb\":{\"@id\":\"https:\/\/denkraum42.de\/#breadcrumb\"},\"inLanguage\":\"de\",\"potentialAction\":[{\"@type\":\"ReadAction\",\"target\":[\"https:\/\/denkraum42.de\/\"]}]},{\"@type\":\"BreadcrumbList\",\"@id\":\"https:\/\/denkraum42.de\/#breadcrumb\",\"itemListElement\":[{\"@type\":\"ListItem\",\"position\":1,\"name\":\"Startseite\",\"item\":\"https:\/\/denkraum42.de\/\"},{\"@type\":\"ListItem\",\"position\":2,\"name\":\"Startseite\"}]},{\"@type\":\"WebSite\",\"@id\":\"https:\/\/denkraum42.de\/#website\",\"url\":\"https:\/\/denkraum42.de\/\",\"name\":\"Denkraum 42\",\"description\":\"Echte Transformation und integraler Wandel. Entwicklung evolution\u00e4r gestalten.\",\"publisher\":{\"@id\":\"https:\/\/denkraum42.de\/#organization\"},\"potentialAction\":[{\"@type\":\"SearchAction\",\"target\":{\"@type\":\"EntryPoint\",\"urlTemplate\":\"https:\/\/denkraum42.de\/?s={search_term_string}\"},\"query-input\":\"required name=search_term_string\"}],\"inLanguage\":\"de\"},{\"@type\":\"Organization\",\"@id\":\"https:\/\/denkraum42.de\/#organization\",\"name\":\"Denkraum 42\",\"url\":\"https:\/\/denkraum42.de\/\",\"logo\":{\"@type\":\"ImageObject\",\"inLanguage\":\"de\",\"@id\":\"https:\/\/denkraum42.de\/#\/schema\/logo\/image\/\",\"url\":\"https:\/\/denkraum42.de\/wp-content\/uploads\/2024\/05\/cropped-cropped-triskell-1193998_1920.png\",\"contentUrl\":\"https:\/\/denkraum42.de\/wp-content\/uploads\/2024\/05\/cropped-cropped-triskell-1193998_1920.png\",\"width\":250,\"height\":250,\"caption\":\"Denkraum 42\"},\"image\":{\"@id\":\"https:\/\/denkraum42.de\/#\/schema\/logo\/image\/\"}}]}<\/script>\n<!-- \/ Yoast SEO plugin. -->","yoast_head_json":{"title":"Startseite - Denkraum 42","description":"Die aufregendsten Durchbr\u00fcche des 21. Jahrhunderts werden nicht durch Technologie stattfinden, sondern aufgrund eines sich erweiternden Konzepts dessen, was es bedeutet, Mensch zu sein","robots":{"index":"index","follow":"follow","max-snippet":"max-snippet:-1","max-image-preview":"max-image-preview:large","max-video-preview":"max-video-preview:-1"},"canonical":"https:\/\/denkraum42.de\/","og_locale":"de_DE","og_type":"article","og_title":"Startseite - Denkraum 42","og_description":"Die aufregendsten Durchbr\u00fcche des 21. Jahrhunderts werden nicht durch Technologie stattfinden, sondern aufgrund eines sich erweiternden Konzepts dessen, was es bedeutet, Mensch zu sein","og_url":"https:\/\/denkraum42.de\/","og_site_name":"Denkraum 42","article_modified_time":"2024-08-25T11:14:52+00:00","twitter_card":"summary_large_image","twitter_misc":{"Gesch\u00e4tzte Lesezeit":"1\u00a0Minute"},"schema":{"@context":"https:\/\/schema.org","@graph":[{"@type":"WebPage","@id":"https:\/\/denkraum42.de\/","url":"https:\/\/denkraum42.de\/","name":"Startseite - Denkraum 42","isPartOf":{"@id":"https:\/\/denkraum42.de\/#website"},"datePublished":"2024-05-03T07:36:10+00:00","dateModified":"2024-08-25T11:14:52+00:00","description":"Die aufregendsten Durchbr\u00fcche des 21. Jahrhunderts werden nicht durch Technologie stattfinden, sondern aufgrund eines sich erweiternden Konzepts dessen, was es bedeutet, Mensch zu sein","breadcrumb":{"@id":"https:\/\/denkraum42.de\/#breadcrumb"},"inLanguage":"de","potentialAction":[{"@type":"ReadAction","target":["https:\/\/denkraum42.de\/"]}]},{"@type":"BreadcrumbList","@id":"https:\/\/denkraum42.de\/#breadcrumb","itemListElement":[{"@type":"ListItem","position":1,"name":"Startseite","item":"https:\/\/denkraum42.de\/"},{"@type":"ListItem","position":2,"name":"Startseite"}]},{"@type":"WebSite","@id":"https:\/\/denkraum42.de\/#website","url":"https:\/\/denkraum42.de\/","name":"Denkraum 42","description":"Echte Transformation und integraler Wandel. Entwicklung evolution\u00e4r gestalten.","publisher":{"@id":"https:\/\/denkraum42.de\/#organization"},"potentialAction":[{"@type":"SearchAction","target":{"@type":"EntryPoint","urlTemplate":"https:\/\/denkraum42.de\/?s={search_term_string}"},"query-input":"required name=search_term_string"}],"inLanguage":"de"},{"@type":"Organization","@id":"https:\/\/denkraum42.de\/#organization","name":"Denkraum 42","url":"https:\/\/denkraum42.de\/","logo":{"@type":"ImageObject","inLanguage":"de","@id":"https:\/\/denkraum42.de\/#\/schema\/logo\/image\/","url":"https:\/\/denkraum42.de\/wp-content\/uploads\/2024\/05\/cropped-cropped-triskell-1193998_1920.png","contentUrl":"https:\/\/denkraum42.de\/wp-content\/uploads\/2024\/05\/cropped-cropped-triskell-1193998_1920.png","width":250,"height":250,"caption":"Denkraum 42"},"image":{"@id":"https:\/\/denkraum42.de\/#\/schema\/logo\/image\/"}}]}},"_links":{"self":[{"href":"https:\/\/denkraum42.de\/index.php?rest_route=\/wp\/v2\/pages\/10","targetHints":{"allow":["GET"]}}],"collection":[{"href":"https:\/\/denkraum42.de\/index.php?rest_route=\/wp\/v2\/pages"}],"about":[{"href":"https:\/\/denkraum42.de\/index.php?rest_route=\/wp\/v2\/types\/page"}],"author":[{"embeddable":true,"href":"https:\/\/denkraum42.de\/index.php?rest_route=\/wp\/v2\/users\/1"}],"replies":[{"embeddable":true,"href":"https:\/\/denkraum42.de\/index.php?rest_route=%2Fwp%2Fv2%2Fcomments&post=10"}],"version-history":[{"count":7,"href":"https:\/\/denkraum42.de\/index.php?rest_route=\/wp\/v2\/pages\/10\/revisions"}],"predecessor-version":[{"id":538,"href":"https:\/\/denkraum42.de\/index.php?rest_route=\/wp\/v2\/pages\/10\/revisions\/538"}],"wp:attachment":[{"href":"https:\/\/denkraum42.de\/index.php?rest_route=%2Fwp%2Fv2%2Fmedia&parent=10"}],"curies":[{"name":"wp","href":"https:\/\/api.w.org\/{rel}","templated":true}]}}