{"id":11,"date":"2024-05-03T07:36:10","date_gmt":"2024-05-03T07:36:10","guid":{"rendered":"https:\/\/denkraum42.de\/?page_id=11"},"modified":"2024-05-03T16:38:11","modified_gmt":"2024-05-03T16:38:11","slug":"ueber-uns","status":"publish","type":"page","link":"https:\/\/denkraum42.de\/?page_id=11","title":{"rendered":"O-T\u00f6ne"},"content":{"rendered":"\n<h1 class=\"wp-block-heading\"><\/h1>\n\n\n\n<p>Alexandra St\u00f6hr \u00fcberzeugt mit viel Praxisbezug und Tiefgang. Etwas, das mir in dieser Kombination nicht so h\u00e4ufig \u00fcber den Weg l\u00e4uft.<br><br>Uwe B. Trainer und Coach dvct<\/p>\n\n\n\n<p>Alexandra ist eine konsequente, sympathische und professionelle Trainerin! Ich habe Sie als tolle Frau kennen lernen d\u00fcrfen und freue mich sehr auf die weitere Zusammenarbeit. Alexandra ist sehr zu empfehlen und wei\u00df, was sie tut<br><br>Christian W., Rechtsanwalt, Mediator, Coach<\/p>\n\n\n\n<p>Du hast f\u00fcr sehr gro\u00dfe Verwirrung gesorgt und im Review stellte ich fest, dass alles Absicht war. Danke, dass du den Sektkorken aus der Flasche gezogen hast und ich ins sprudeln kam. Du hast das Feuer in mir mit einer Menge Holz gesch\u00fcrt \u2013 ich brenne!<br><br>Nicole E., Zahn\u00e4rztin&nbsp;<\/p>\n","protected":false},"excerpt":{"rendered":"<p>Alexandra St\u00f6hr \u00fcberzeugt mit viel Praxisbezug und Tiefgang. Etwas, das mir in dieser Kombination nicht so h\u00e4ufig \u00fcber den Weg l\u00e4uft. Uwe B. Trainer und Coach dvct Alexandra ist eine konsequente, sympathische und professionelle Trainerin! Ich habe Sie als tolle Frau kennen lernen d\u00fcrfen und freue mich sehr auf die weitere Zusammenarbeit. Alexandra ist sehr &hellip; <\/p>\n<p class=\"link-more\"><a href=\"https:\/\/denkraum42.de\/?page_id=11\" class=\"more-link\"><span class=\"screen-reader-text\">\u201eO-T\u00f6ne\u201c<\/span> weiterlesen<\/a><\/p>\n","protected":false},"author":1,"featured_media":68,"parent":0,"menu_order":0,"comment_status":"closed","ping_status":"closed","template":"","meta":{"footnotes":""},"class_list":["post-11","page","type-page","status-publish","has-post-thumbnail","hentry"],"yoast_head":"<!-- This site is optimized with the Yoast SEO plugin v22.6 - https:\/\/yoast.com\/wordpress\/plugins\/seo\/ -->\n<title>O-T\u00f6ne - Denkraum 42<\/title>\n<meta name=\"robots\" content=\"index, follow, max-snippet:-1, max-image-preview:large, max-video-preview:-1\" \/>\n<link rel=\"canonical\" href=\"https:\/\/denkraum42.de\/?page_id=11\" \/>\n<meta property=\"og:locale\" content=\"de_DE\" \/>\n<meta property=\"og:type\" content=\"article\" \/>\n<meta property=\"og:title\" content=\"O-T\u00f6ne - Denkraum 42\" \/>\n<meta property=\"og:description\" content=\"Alexandra St\u00f6hr \u00fcberzeugt mit viel Praxisbezug und Tiefgang. Etwas, das mir in dieser Kombination nicht so h\u00e4ufig \u00fcber den Weg l\u00e4uft. Uwe B. Trainer und Coach dvct Alexandra ist eine konsequente, sympathische und professionelle Trainerin! Ich habe Sie als tolle Frau kennen lernen d\u00fcrfen und freue mich sehr auf die weitere Zusammenarbeit. Alexandra ist sehr &hellip; \u201eO-T\u00f6ne\u201c weiterlesen\" \/>\n<meta property=\"og:url\" content=\"https:\/\/denkraum42.de\/?page_id=11\" \/>\n<meta property=\"og:site_name\" content=\"Denkraum 42\" \/>\n<meta property=\"article:modified_time\" content=\"2024-05-03T16:38:11+00:00\" \/>\n<meta property=\"og:image\" content=\"https:\/\/denkraum42.de\/wp-content\/uploads\/2024\/05\/cropped-ai-generated-8387045_1920-1024x614.png\" \/>\n\t<meta property=\"og:image:width\" content=\"1024\" \/>\n\t<meta property=\"og:image:height\" content=\"614\" \/>\n\t<meta property=\"og:image:type\" content=\"image\/png\" \/>\n<meta name=\"twitter:card\" content=\"summary_large_image\" \/>\n<meta name=\"twitter:label1\" content=\"Gesch\u00e4tzte Lesezeit\" \/>\n\t<meta name=\"twitter:data1\" content=\"1\u00a0Minute\" \/>\n<script type=\"application\/ld+json\" class=\"yoast-schema-graph\">{\"@context\":\"https:\/\/schema.org\",\"@graph\":[{\"@type\":\"WebPage\",\"@id\":\"https:\/\/denkraum42.de\/?page_id=11\",\"url\":\"https:\/\/denkraum42.de\/?page_id=11\",\"name\":\"O-T\u00f6ne - Denkraum 42\",\"isPartOf\":{\"@id\":\"https:\/\/denkraum42.de\/#website\"},\"primaryImageOfPage\":{\"@id\":\"https:\/\/denkraum42.de\/?page_id=11#primaryimage\"},\"image\":{\"@id\":\"https:\/\/denkraum42.de\/?page_id=11#primaryimage\"},\"thumbnailUrl\":\"https:\/\/denkraum42.de\/wp-content\/uploads\/2024\/05\/cropped-ai-generated-8387045_1920.png\",\"datePublished\":\"2024-05-03T07:36:10+00:00\",\"dateModified\":\"2024-05-03T16:38:11+00:00\",\"breadcrumb\":{\"@id\":\"https:\/\/denkraum42.de\/?page_id=11#breadcrumb\"},\"inLanguage\":\"de\",\"potentialAction\":[{\"@type\":\"ReadAction\",\"target\":[\"https:\/\/denkraum42.de\/?page_id=11\"]}]},{\"@type\":\"ImageObject\",\"inLanguage\":\"de\",\"@id\":\"https:\/\/denkraum42.de\/?page_id=11#primaryimage\",\"url\":\"https:\/\/denkraum42.de\/wp-content\/uploads\/2024\/05\/cropped-ai-generated-8387045_1920.png\",\"contentUrl\":\"https:\/\/denkraum42.de\/wp-content\/uploads\/2024\/05\/cropped-ai-generated-8387045_1920.png\",\"width\":2000,\"height\":1200,\"caption\":\"\u00f6djf\u00f6kjkjfd\"},{\"@type\":\"BreadcrumbList\",\"@id\":\"https:\/\/denkraum42.de\/?page_id=11#breadcrumb\",\"itemListElement\":[{\"@type\":\"ListItem\",\"position\":1,\"name\":\"Startseite\",\"item\":\"https:\/\/denkraum42.de\/\"},{\"@type\":\"ListItem\",\"position\":2,\"name\":\"O-T\u00f6ne\"}]},{\"@type\":\"WebSite\",\"@id\":\"https:\/\/denkraum42.de\/#website\",\"url\":\"https:\/\/denkraum42.de\/\",\"name\":\"Denkraum 42\",\"description\":\"Echte Transformation und integraler Wandel. Entwicklung evolution\u00e4r gestalten.\",\"publisher\":{\"@id\":\"https:\/\/denkraum42.de\/#organization\"},\"potentialAction\":[{\"@type\":\"SearchAction\",\"target\":{\"@type\":\"EntryPoint\",\"urlTemplate\":\"https:\/\/denkraum42.de\/?s={search_term_string}\"},\"query-input\":\"required name=search_term_string\"}],\"inLanguage\":\"de\"},{\"@type\":\"Organization\",\"@id\":\"https:\/\/denkraum42.de\/#organization\",\"name\":\"Denkraum 42\",\"url\":\"https:\/\/denkraum42.de\/\",\"logo\":{\"@type\":\"ImageObject\",\"inLanguage\":\"de\",\"@id\":\"https:\/\/denkraum42.de\/#\/schema\/logo\/image\/\",\"url\":\"https:\/\/denkraum42.de\/wp-content\/uploads\/2024\/05\/cropped-cropped-triskell-1193998_1920.png\",\"contentUrl\":\"https:\/\/denkraum42.de\/wp-content\/uploads\/2024\/05\/cropped-cropped-triskell-1193998_1920.png\",\"width\":250,\"height\":250,\"caption\":\"Denkraum 42\"},\"image\":{\"@id\":\"https:\/\/denkraum42.de\/#\/schema\/logo\/image\/\"}}]}<\/script>\n<!-- \/ Yoast SEO plugin. -->","yoast_head_json":{"title":"O-T\u00f6ne - Denkraum 42","robots":{"index":"index","follow":"follow","max-snippet":"max-snippet:-1","max-image-preview":"max-image-preview:large","max-video-preview":"max-video-preview:-1"},"canonical":"https:\/\/denkraum42.de\/?page_id=11","og_locale":"de_DE","og_type":"article","og_title":"O-T\u00f6ne - Denkraum 42","og_description":"Alexandra St\u00f6hr \u00fcberzeugt mit viel Praxisbezug und Tiefgang. Etwas, das mir in dieser Kombination nicht so h\u00e4ufig \u00fcber den Weg l\u00e4uft. Uwe B. Trainer und Coach dvct Alexandra ist eine konsequente, sympathische und professionelle Trainerin! Ich habe Sie als tolle Frau kennen lernen d\u00fcrfen und freue mich sehr auf die weitere Zusammenarbeit. Alexandra ist sehr &hellip; \u201eO-T\u00f6ne\u201c weiterlesen","og_url":"https:\/\/denkraum42.de\/?page_id=11","og_site_name":"Denkraum 42","article_modified_time":"2024-05-03T16:38:11+00:00","og_image":[{"width":1024,"height":614,"url":"https:\/\/denkraum42.de\/wp-content\/uploads\/2024\/05\/cropped-ai-generated-8387045_1920-1024x614.png","type":"image\/png"}],"twitter_card":"summary_large_image","twitter_misc":{"Gesch\u00e4tzte Lesezeit":"1\u00a0Minute"},"schema":{"@context":"https:\/\/schema.org","@graph":[{"@type":"WebPage","@id":"https:\/\/denkraum42.de\/?page_id=11","url":"https:\/\/denkraum42.de\/?page_id=11","name":"O-T\u00f6ne - Denkraum 42","isPartOf":{"@id":"https:\/\/denkraum42.de\/#website"},"primaryImageOfPage":{"@id":"https:\/\/denkraum42.de\/?page_id=11#primaryimage"},"image":{"@id":"https:\/\/denkraum42.de\/?page_id=11#primaryimage"},"thumbnailUrl":"https:\/\/denkraum42.de\/wp-content\/uploads\/2024\/05\/cropped-ai-generated-8387045_1920.png","datePublished":"2024-05-03T07:36:10+00:00","dateModified":"2024-05-03T16:38:11+00:00","breadcrumb":{"@id":"https:\/\/denkraum42.de\/?page_id=11#breadcrumb"},"inLanguage":"de","potentialAction":[{"@type":"ReadAction","target":["https:\/\/denkraum42.de\/?page_id=11"]}]},{"@type":"ImageObject","inLanguage":"de","@id":"https:\/\/denkraum42.de\/?page_id=11#primaryimage","url":"https:\/\/denkraum42.de\/wp-content\/uploads\/2024\/05\/cropped-ai-generated-8387045_1920.png","contentUrl":"https:\/\/denkraum42.de\/wp-content\/uploads\/2024\/05\/cropped-ai-generated-8387045_1920.png","width":2000,"height":1200,"caption":"\u00f6djf\u00f6kjkjfd"},{"@type":"BreadcrumbList","@id":"https:\/\/denkraum42.de\/?page_id=11#breadcrumb","itemListElement":[{"@type":"ListItem","position":1,"name":"Startseite","item":"https:\/\/denkraum42.de\/"},{"@type":"ListItem","position":2,"name":"O-T\u00f6ne"}]},{"@type":"WebSite","@id":"https:\/\/denkraum42.de\/#website","url":"https:\/\/denkraum42.de\/","name":"Denkraum 42","description":"Echte Transformation und integraler Wandel. Entwicklung evolution\u00e4r gestalten.","publisher":{"@id":"https:\/\/denkraum42.de\/#organization"},"potentialAction":[{"@type":"SearchAction","target":{"@type":"EntryPoint","urlTemplate":"https:\/\/denkraum42.de\/?s={search_term_string}"},"query-input":"required name=search_term_string"}],"inLanguage":"de"},{"@type":"Organization","@id":"https:\/\/denkraum42.de\/#organization","name":"Denkraum 42","url":"https:\/\/denkraum42.de\/","logo":{"@type":"ImageObject","inLanguage":"de","@id":"https:\/\/denkraum42.de\/#\/schema\/logo\/image\/","url":"https:\/\/denkraum42.de\/wp-content\/uploads\/2024\/05\/cropped-cropped-triskell-1193998_1920.png","contentUrl":"https:\/\/denkraum42.de\/wp-content\/uploads\/2024\/05\/cropped-cropped-triskell-1193998_1920.png","width":250,"height":250,"caption":"Denkraum 42"},"image":{"@id":"https:\/\/denkraum42.de\/#\/schema\/logo\/image\/"}}]}},"_links":{"self":[{"href":"https:\/\/denkraum42.de\/index.php?rest_route=\/wp\/v2\/pages\/11","targetHints":{"allow":["GET"]}}],"collection":[{"href":"https:\/\/denkraum42.de\/index.php?rest_route=\/wp\/v2\/pages"}],"about":[{"href":"https:\/\/denkraum42.de\/index.php?rest_route=\/wp\/v2\/types\/page"}],"author":[{"embeddable":true,"href":"https:\/\/denkraum42.de\/index.php?rest_route=\/wp\/v2\/users\/1"}],"replies":[{"embeddable":true,"href":"https:\/\/denkraum42.de\/index.php?rest_route=%2Fwp%2Fv2%2Fcomments&post=11"}],"version-history":[{"count":4,"href":"https:\/\/denkraum42.de\/index.php?rest_route=\/wp\/v2\/pages\/11\/revisions"}],"predecessor-version":[{"id":93,"href":"https:\/\/denkraum42.de\/index.php?rest_route=\/wp\/v2\/pages\/11\/revisions\/93"}],"wp:featuredmedia":[{"embeddable":true,"href":"https:\/\/denkraum42.de\/index.php?rest_route=\/wp\/v2\/media\/68"}],"wp:attachment":[{"href":"https:\/\/denkraum42.de\/index.php?rest_route=%2Fwp%2Fv2%2Fmedia&parent=11"}],"curies":[{"name":"wp","href":"https:\/\/api.w.org\/{rel}","templated":true}]}}