{"id":159,"date":"2024-06-04T14:26:29","date_gmt":"2024-06-04T14:26:29","guid":{"rendered":"https:\/\/denkraum42.de\/?page_id=159"},"modified":"2024-06-05T15:36:59","modified_gmt":"2024-06-05T15:36:59","slug":"organisationsentwicklung","status":"publish","type":"page","link":"https:\/\/denkraum42.de\/?page_id=159","title":{"rendered":"Organisationsentwicklung"},"content":{"rendered":"\n<blockquote class=\"wp-block-quote is-layout-flow wp-block-quote-is-layout-flow\">\n<p>&#8222;Gebt mir einen Hebel, der lang genug und einen Angelpunkt, der stark genug ist, dann kann ich die Welt mit einer Hand bewegen.&#8220;<\/p>\n<cite><br>Archimedes<\/cite><\/blockquote>\n\n\n\n<p><\/p>\n\n\n\n<p>Die Welt besteht nicht aus getrennten und unverbundenen Kr\u00e4ften. Wenn wir diese Illusion aufgeben, k\u00f6nnen wir &#8222;lernende Organisationen&#8220; schaffen. Organisationen in denen Menschen kontinuierlich die F\u00e4higkeiten entfalten, ihre wahren Ziele zu verwirklichen, in denen neue Denkformen gef\u00f6rdert und gemeinsame Hoffnungen freigesetzt werden, Organisationen also, in denen Menschen lernen, miteinander zu lernen.<\/p>\n\n\n\n<h2 class=\"wp-block-heading\">Die Spitzenorganisationen der Zukunft werden sich dadurch auszeichnen, dass sie wissen, wie man das Engagement und das Lernpotenzial auf allen Ebenen einer Organisation erschlie\u00dft.<\/h2>\n\n\n\n<p>Was eine lernende Organisation grundlegend von einer herk\u00f6mmlichen Organisation mit autorit\u00e4rem &#8222;Kontrollcharakter&#8220; unterscheiden wird, ist, dass sie bestimmte elementare Disziplinen beherrscht.<\/p>\n\n\n\n<figure class=\"wp-block-gallery has-nested-images columns-default is-cropped wp-block-gallery-1 is-layout-flex wp-block-gallery-is-layout-flex\">\n<figure class=\"wp-block-image size-large\"><img loading=\"lazy\" decoding=\"async\" width=\"1024\" height=\"682\" data-id=\"207\" src=\"https:\/\/denkraum42.de\/wp-content\/uploads\/2024\/06\/annoy-2926087_1280-1024x682.jpg\" alt=\"\" class=\"wp-image-207\" srcset=\"https:\/\/denkraum42.de\/wp-content\/uploads\/2024\/06\/annoy-2926087_1280-1024x682.jpg 1024w, https:\/\/denkraum42.de\/wp-content\/uploads\/2024\/06\/annoy-2926087_1280-300x200.jpg 300w, https:\/\/denkraum42.de\/wp-content\/uploads\/2024\/06\/annoy-2926087_1280-768x512.jpg 768w, https:\/\/denkraum42.de\/wp-content\/uploads\/2024\/06\/annoy-2926087_1280.jpg 1280w\" sizes=\"auto, (max-width: 767px) 89vw, (max-width: 1000px) 54vw, (max-width: 1071px) 543px, 580px\" \/><figcaption class=\"wp-element-caption\"><a href=\"https:\/\/denkraum42.de\/?page_id=214\">Systemdenken<\/a><\/figcaption><\/figure>\n\n\n\n<figure class=\"wp-block-image size-large\"><img loading=\"lazy\" decoding=\"async\" width=\"1024\" height=\"650\" data-id=\"208\" src=\"https:\/\/denkraum42.de\/wp-content\/uploads\/2024\/06\/meditation-7344174_1280-1024x650.jpg\" alt=\"\" class=\"wp-image-208\" srcset=\"https:\/\/denkraum42.de\/wp-content\/uploads\/2024\/06\/meditation-7344174_1280-1024x650.jpg 1024w, https:\/\/denkraum42.de\/wp-content\/uploads\/2024\/06\/meditation-7344174_1280-300x190.jpg 300w, https:\/\/denkraum42.de\/wp-content\/uploads\/2024\/06\/meditation-7344174_1280-768x487.jpg 768w, https:\/\/denkraum42.de\/wp-content\/uploads\/2024\/06\/meditation-7344174_1280.jpg 1280w\" sizes=\"auto, (max-width: 767px) 89vw, (max-width: 1000px) 54vw, (max-width: 1071px) 543px, 580px\" \/><figcaption class=\"wp-element-caption\"><a href=\"https:\/\/denkraum42.de\/?page_id=218\">Personal Mastery<\/a><\/figcaption><\/figure>\n\n\n\n<figure class=\"wp-block-image size-large\"><img loading=\"lazy\" decoding=\"async\" width=\"1024\" height=\"640\" data-id=\"211\" src=\"https:\/\/denkraum42.de\/wp-content\/uploads\/2024\/06\/universe-1351865_1280-1-1024x640.jpg\" alt=\"\" class=\"wp-image-211\" srcset=\"https:\/\/denkraum42.de\/wp-content\/uploads\/2024\/06\/universe-1351865_1280-1-1024x640.jpg 1024w, https:\/\/denkraum42.de\/wp-content\/uploads\/2024\/06\/universe-1351865_1280-1-300x188.jpg 300w, https:\/\/denkraum42.de\/wp-content\/uploads\/2024\/06\/universe-1351865_1280-1-768x480.jpg 768w, https:\/\/denkraum42.de\/wp-content\/uploads\/2024\/06\/universe-1351865_1280-1.jpg 1280w\" sizes=\"auto, (max-width: 767px) 89vw, (max-width: 1000px) 54vw, (max-width: 1071px) 543px, 580px\" \/><figcaption class=\"wp-element-caption\"><a href=\"https:\/\/denkraum42.de\/?page_id=221\">Mentale Modelle<\/a><\/figcaption><\/figure>\n\n\n\n<figure class=\"wp-block-image size-large\"><a href=\"https:\/\/denkraum42.de\/?page_id=227\"><img loading=\"lazy\" decoding=\"async\" width=\"1024\" height=\"682\" data-id=\"206\" src=\"https:\/\/denkraum42.de\/wp-content\/uploads\/2024\/06\/background-5063860_1280-1024x682.jpg\" alt=\"\" class=\"wp-image-206\" srcset=\"https:\/\/denkraum42.de\/wp-content\/uploads\/2024\/06\/background-5063860_1280-1024x682.jpg 1024w, https:\/\/denkraum42.de\/wp-content\/uploads\/2024\/06\/background-5063860_1280-300x200.jpg 300w, https:\/\/denkraum42.de\/wp-content\/uploads\/2024\/06\/background-5063860_1280-768x512.jpg 768w, https:\/\/denkraum42.de\/wp-content\/uploads\/2024\/06\/background-5063860_1280.jpg 1280w\" sizes=\"auto, (max-width: 767px) 89vw, (max-width: 1000px) 54vw, (max-width: 1071px) 543px, 580px\" \/><\/a><figcaption class=\"wp-element-caption\"><a href=\"https:\/\/denkraum42.de\/?page_id=227\">Gemeinsame Vision<\/a><\/figcaption><\/figure>\n\n\n\n<figure class=\"wp-block-image size-large\"><img loading=\"lazy\" decoding=\"async\" width=\"1024\" height=\"768\" data-id=\"210\" src=\"https:\/\/denkraum42.de\/wp-content\/uploads\/2024\/06\/team-386673_1280-1024x768.jpg\" alt=\"\" class=\"wp-image-210\" srcset=\"https:\/\/denkraum42.de\/wp-content\/uploads\/2024\/06\/team-386673_1280-1024x768.jpg 1024w, https:\/\/denkraum42.de\/wp-content\/uploads\/2024\/06\/team-386673_1280-300x225.jpg 300w, https:\/\/denkraum42.de\/wp-content\/uploads\/2024\/06\/team-386673_1280-768x576.jpg 768w, https:\/\/denkraum42.de\/wp-content\/uploads\/2024\/06\/team-386673_1280.jpg 1280w\" sizes=\"auto, (max-width: 767px) 89vw, (max-width: 1000px) 54vw, (max-width: 1071px) 543px, 580px\" \/><figcaption class=\"wp-element-caption\"><a href=\"https:\/\/denkraum42.de\/?page_id=231\">Teamlernen<\/a><\/figcaption><\/figure>\n<\/figure>\n\n\n\n<p><\/p>\n\n\n\n<h2 class=\"wp-block-heading\">Die F\u00e4higkeit schneller zu lernen als die Konkurrenz, ist in der heutigen Zeit, in der Wissensgesellschaft, der wohl wichtigste Wettbewerbsfaktor \u00fcberhaupt.<\/h2>\n","protected":false},"excerpt":{"rendered":"<p>&#8222;Gebt mir einen Hebel, der lang genug und einen Angelpunkt, der stark genug ist, dann kann ich die Welt mit einer Hand bewegen.&#8220; Archimedes Die Welt besteht nicht aus getrennten und unverbundenen Kr\u00e4ften. Wenn wir diese Illusion aufgeben, k\u00f6nnen wir &#8222;lernende Organisationen&#8220; schaffen. Organisationen in denen Menschen kontinuierlich die F\u00e4higkeiten entfalten, ihre wahren Ziele zu &hellip; <\/p>\n<p class=\"link-more\"><a href=\"https:\/\/denkraum42.de\/?page_id=159\" class=\"more-link\"><span class=\"screen-reader-text\">\u201eOrganisationsentwicklung\u201c<\/span> weiterlesen<\/a><\/p>\n","protected":false},"author":1,"featured_media":0,"parent":0,"menu_order":0,"comment_status":"closed","ping_status":"closed","template":"","meta":{"footnotes":""},"class_list":["post-159","page","type-page","status-publish","hentry"],"yoast_head":"<!-- This site is optimized with the Yoast SEO plugin v22.6 - https:\/\/yoast.com\/wordpress\/plugins\/seo\/ -->\n<title>Organisationsentwicklung - Denkraum 42<\/title>\n<meta name=\"description\" content=\"Die Spitzenorganisationen der Zukunft werden sich dadurch auszeichnen, dass sie wissen, wie man das Engagement und das Lernpotenzial auf allen Ebenen einer Organisation erschlie\u00dft.\" \/>\n<meta name=\"robots\" content=\"index, follow, max-snippet:-1, max-image-preview:large, max-video-preview:-1\" \/>\n<link rel=\"canonical\" href=\"https:\/\/denkraum42.de\/?page_id=159\" \/>\n<meta property=\"og:locale\" content=\"de_DE\" \/>\n<meta property=\"og:type\" content=\"article\" \/>\n<meta property=\"og:title\" content=\"Organisationsentwicklung - Denkraum 42\" \/>\n<meta property=\"og:description\" content=\"Die Spitzenorganisationen der Zukunft werden sich dadurch auszeichnen, dass sie wissen, wie man das Engagement und das Lernpotenzial auf allen Ebenen einer Organisation erschlie\u00dft.\" \/>\n<meta property=\"og:url\" content=\"https:\/\/denkraum42.de\/?page_id=159\" \/>\n<meta property=\"og:site_name\" content=\"Denkraum 42\" \/>\n<meta property=\"article:modified_time\" content=\"2024-06-05T15:36:59+00:00\" \/>\n<meta property=\"og:image\" content=\"https:\/\/denkraum42.de\/wp-content\/uploads\/2024\/06\/annoy-2926087_1280-1024x682.jpg\" \/>\n<meta name=\"twitter:card\" content=\"summary_large_image\" \/>\n<meta name=\"twitter:label1\" content=\"Gesch\u00e4tzte Lesezeit\" \/>\n\t<meta name=\"twitter:data1\" content=\"2\u00a0Minuten\" \/>\n<script type=\"application\/ld+json\" class=\"yoast-schema-graph\">{\"@context\":\"https:\/\/schema.org\",\"@graph\":[{\"@type\":\"WebPage\",\"@id\":\"https:\/\/denkraum42.de\/?page_id=159\",\"url\":\"https:\/\/denkraum42.de\/?page_id=159\",\"name\":\"Organisationsentwicklung - Denkraum 42\",\"isPartOf\":{\"@id\":\"https:\/\/denkraum42.de\/#website\"},\"primaryImageOfPage\":{\"@id\":\"https:\/\/denkraum42.de\/?page_id=159#primaryimage\"},\"image\":{\"@id\":\"https:\/\/denkraum42.de\/?page_id=159#primaryimage\"},\"thumbnailUrl\":\"https:\/\/denkraum42.de\/wp-content\/uploads\/2024\/06\/annoy-2926087_1280-1024x682.jpg\",\"datePublished\":\"2024-06-04T14:26:29+00:00\",\"dateModified\":\"2024-06-05T15:36:59+00:00\",\"description\":\"Die Spitzenorganisationen der Zukunft werden sich dadurch auszeichnen, dass sie wissen, wie man das Engagement und das Lernpotenzial auf allen Ebenen einer Organisation erschlie\u00dft.\",\"breadcrumb\":{\"@id\":\"https:\/\/denkraum42.de\/?page_id=159#breadcrumb\"},\"inLanguage\":\"de\",\"potentialAction\":[{\"@type\":\"ReadAction\",\"target\":[\"https:\/\/denkraum42.de\/?page_id=159\"]}]},{\"@type\":\"ImageObject\",\"inLanguage\":\"de\",\"@id\":\"https:\/\/denkraum42.de\/?page_id=159#primaryimage\",\"url\":\"https:\/\/denkraum42.de\/wp-content\/uploads\/2024\/06\/annoy-2926087_1280.jpg\",\"contentUrl\":\"https:\/\/denkraum42.de\/wp-content\/uploads\/2024\/06\/annoy-2926087_1280.jpg\",\"width\":1280,\"height\":853,\"caption\":\"Systemdenken\"},{\"@type\":\"BreadcrumbList\",\"@id\":\"https:\/\/denkraum42.de\/?page_id=159#breadcrumb\",\"itemListElement\":[{\"@type\":\"ListItem\",\"position\":1,\"name\":\"Startseite\",\"item\":\"https:\/\/denkraum42.de\/\"},{\"@type\":\"ListItem\",\"position\":2,\"name\":\"Organisationsentwicklung\"}]},{\"@type\":\"WebSite\",\"@id\":\"https:\/\/denkraum42.de\/#website\",\"url\":\"https:\/\/denkraum42.de\/\",\"name\":\"Denkraum 42\",\"description\":\"Echte Transformation und integraler Wandel. Entwicklung evolution\u00e4r gestalten.\",\"publisher\":{\"@id\":\"https:\/\/denkraum42.de\/#organization\"},\"potentialAction\":[{\"@type\":\"SearchAction\",\"target\":{\"@type\":\"EntryPoint\",\"urlTemplate\":\"https:\/\/denkraum42.de\/?s={search_term_string}\"},\"query-input\":\"required name=search_term_string\"}],\"inLanguage\":\"de\"},{\"@type\":\"Organization\",\"@id\":\"https:\/\/denkraum42.de\/#organization\",\"name\":\"Denkraum 42\",\"url\":\"https:\/\/denkraum42.de\/\",\"logo\":{\"@type\":\"ImageObject\",\"inLanguage\":\"de\",\"@id\":\"https:\/\/denkraum42.de\/#\/schema\/logo\/image\/\",\"url\":\"https:\/\/denkraum42.de\/wp-content\/uploads\/2024\/05\/cropped-cropped-triskell-1193998_1920.png\",\"contentUrl\":\"https:\/\/denkraum42.de\/wp-content\/uploads\/2024\/05\/cropped-cropped-triskell-1193998_1920.png\",\"width\":250,\"height\":250,\"caption\":\"Denkraum 42\"},\"image\":{\"@id\":\"https:\/\/denkraum42.de\/#\/schema\/logo\/image\/\"}}]}<\/script>\n<!-- \/ Yoast SEO plugin. -->","yoast_head_json":{"title":"Organisationsentwicklung - Denkraum 42","description":"Die Spitzenorganisationen der Zukunft werden sich dadurch auszeichnen, dass sie wissen, wie man das Engagement und das Lernpotenzial auf allen Ebenen einer Organisation erschlie\u00dft.","robots":{"index":"index","follow":"follow","max-snippet":"max-snippet:-1","max-image-preview":"max-image-preview:large","max-video-preview":"max-video-preview:-1"},"canonical":"https:\/\/denkraum42.de\/?page_id=159","og_locale":"de_DE","og_type":"article","og_title":"Organisationsentwicklung - Denkraum 42","og_description":"Die Spitzenorganisationen der Zukunft werden sich dadurch auszeichnen, dass sie wissen, wie man das Engagement und das Lernpotenzial auf allen Ebenen einer Organisation erschlie\u00dft.","og_url":"https:\/\/denkraum42.de\/?page_id=159","og_site_name":"Denkraum 42","article_modified_time":"2024-06-05T15:36:59+00:00","og_image":[{"url":"https:\/\/denkraum42.de\/wp-content\/uploads\/2024\/06\/annoy-2926087_1280-1024x682.jpg"}],"twitter_card":"summary_large_image","twitter_misc":{"Gesch\u00e4tzte Lesezeit":"2\u00a0Minuten"},"schema":{"@context":"https:\/\/schema.org","@graph":[{"@type":"WebPage","@id":"https:\/\/denkraum42.de\/?page_id=159","url":"https:\/\/denkraum42.de\/?page_id=159","name":"Organisationsentwicklung - Denkraum 42","isPartOf":{"@id":"https:\/\/denkraum42.de\/#website"},"primaryImageOfPage":{"@id":"https:\/\/denkraum42.de\/?page_id=159#primaryimage"},"image":{"@id":"https:\/\/denkraum42.de\/?page_id=159#primaryimage"},"thumbnailUrl":"https:\/\/denkraum42.de\/wp-content\/uploads\/2024\/06\/annoy-2926087_1280-1024x682.jpg","datePublished":"2024-06-04T14:26:29+00:00","dateModified":"2024-06-05T15:36:59+00:00","description":"Die Spitzenorganisationen der Zukunft werden sich dadurch auszeichnen, dass sie wissen, wie man das Engagement und das Lernpotenzial auf allen Ebenen einer Organisation erschlie\u00dft.","breadcrumb":{"@id":"https:\/\/denkraum42.de\/?page_id=159#breadcrumb"},"inLanguage":"de","potentialAction":[{"@type":"ReadAction","target":["https:\/\/denkraum42.de\/?page_id=159"]}]},{"@type":"ImageObject","inLanguage":"de","@id":"https:\/\/denkraum42.de\/?page_id=159#primaryimage","url":"https:\/\/denkraum42.de\/wp-content\/uploads\/2024\/06\/annoy-2926087_1280.jpg","contentUrl":"https:\/\/denkraum42.de\/wp-content\/uploads\/2024\/06\/annoy-2926087_1280.jpg","width":1280,"height":853,"caption":"Systemdenken"},{"@type":"BreadcrumbList","@id":"https:\/\/denkraum42.de\/?page_id=159#breadcrumb","itemListElement":[{"@type":"ListItem","position":1,"name":"Startseite","item":"https:\/\/denkraum42.de\/"},{"@type":"ListItem","position":2,"name":"Organisationsentwicklung"}]},{"@type":"WebSite","@id":"https:\/\/denkraum42.de\/#website","url":"https:\/\/denkraum42.de\/","name":"Denkraum 42","description":"Echte Transformation und integraler Wandel. Entwicklung evolution\u00e4r gestalten.","publisher":{"@id":"https:\/\/denkraum42.de\/#organization"},"potentialAction":[{"@type":"SearchAction","target":{"@type":"EntryPoint","urlTemplate":"https:\/\/denkraum42.de\/?s={search_term_string}"},"query-input":"required name=search_term_string"}],"inLanguage":"de"},{"@type":"Organization","@id":"https:\/\/denkraum42.de\/#organization","name":"Denkraum 42","url":"https:\/\/denkraum42.de\/","logo":{"@type":"ImageObject","inLanguage":"de","@id":"https:\/\/denkraum42.de\/#\/schema\/logo\/image\/","url":"https:\/\/denkraum42.de\/wp-content\/uploads\/2024\/05\/cropped-cropped-triskell-1193998_1920.png","contentUrl":"https:\/\/denkraum42.de\/wp-content\/uploads\/2024\/05\/cropped-cropped-triskell-1193998_1920.png","width":250,"height":250,"caption":"Denkraum 42"},"image":{"@id":"https:\/\/denkraum42.de\/#\/schema\/logo\/image\/"}}]}},"_links":{"self":[{"href":"https:\/\/denkraum42.de\/index.php?rest_route=\/wp\/v2\/pages\/159","targetHints":{"allow":["GET"]}}],"collection":[{"href":"https:\/\/denkraum42.de\/index.php?rest_route=\/wp\/v2\/pages"}],"about":[{"href":"https:\/\/denkraum42.de\/index.php?rest_route=\/wp\/v2\/types\/page"}],"author":[{"embeddable":true,"href":"https:\/\/denkraum42.de\/index.php?rest_route=\/wp\/v2\/users\/1"}],"replies":[{"embeddable":true,"href":"https:\/\/denkraum42.de\/index.php?rest_route=%2Fwp%2Fv2%2Fcomments&post=159"}],"version-history":[{"count":7,"href":"https:\/\/denkraum42.de\/index.php?rest_route=\/wp\/v2\/pages\/159\/revisions"}],"predecessor-version":[{"id":236,"href":"https:\/\/denkraum42.de\/index.php?rest_route=\/wp\/v2\/pages\/159\/revisions\/236"}],"wp:attachment":[{"href":"https:\/\/denkraum42.de\/index.php?rest_route=%2Fwp%2Fv2%2Fmedia&parent=159"}],"curies":[{"name":"wp","href":"https:\/\/api.w.org\/{rel}","templated":true}]}}