{"id":161,"date":"2024-06-04T14:26:48","date_gmt":"2024-06-04T14:26:48","guid":{"rendered":"https:\/\/denkraum42.de\/?page_id=161"},"modified":"2024-06-05T16:54:50","modified_gmt":"2024-06-05T16:54:50","slug":"coaching","status":"publish","type":"page","link":"https:\/\/denkraum42.de\/?page_id=161","title":{"rendered":"Coaching"},"content":{"rendered":"\n<h2 class=\"wp-block-heading\">Coaching betreibt keine lange und unn\u00f6tige Ursachenforschung in Deiner Vergangenheit.<\/h2>\n\n\n\n<p>Es bringt Dir wenig, wenn Du wei\u00dft, WARUM Du Dich WIE in bestimmten Situation verhalten halst.<\/p>\n\n\n\n<h2 class=\"wp-block-heading\">Viel besser ist die Frage: WAS kann ich tun, damit ich mich in Zukunft besser f\u00fchle und meine Ziele erreiche?<\/h2>\n\n\n\n<p>Coaching ist l\u00f6sungsorientiert und Du selbst bleibst der Experte f\u00fcr Dein eigenes Leben. Denn keiner kennt Dein Leben besser als Du selbst.<\/p>\n\n\n\n<p>L\u00f6sungen m\u00fcssen zu Dir passen und f\u00fcr Dich selbst tragf\u00e4hig sein.<\/p>\n\n\n\n<p><strong>Und dabei unterst\u00fctze ich Dich.<\/strong><\/p>\n\n\n\n<p>St\u00e4rken zu erkennen, die Du selbst bei Dir (noch) nicht wahrgenommen hast.<\/p>\n\n\n\n<p>Unl\u00f6sbar Erscheinendes doch hinzubekommen und zuerst denkbar Unm\u00f6gliches m\u00f6glich zu machen<\/p>\n\n\n\n<p>Ich er\u00f6ffne Dir neue Perspektiven. Und Du  entdeckst neue M\u00f6glichkeiten und Probleml\u00f6sungen<\/p>\n\n\n\n<p><strong>Und so arbeiten wir beide zusammen:<\/strong><\/p>\n\n\n\n<p>Du bringst alles mit, was zu Dir, Deiner Situation und Deinem Problem dazu geh\u00f6rt und ich bringe meine F\u00e4higkeiten und meine Methoden zum Einsatz um Dich optimal bei der Neuorientierung und der L\u00f6sung zu unterst\u00fctzen.<\/p>\n\n\n\n<p><\/p>\n","protected":false},"excerpt":{"rendered":"<p>Coaching betreibt keine lange und unn\u00f6tige Ursachenforschung in Deiner Vergangenheit. Es bringt Dir wenig, wenn Du wei\u00dft, WARUM Du Dich WIE in bestimmten Situation verhalten halst. Viel besser ist die Frage: WAS kann ich tun, damit ich mich in Zukunft besser f\u00fchle und meine Ziele erreiche? Coaching ist l\u00f6sungsorientiert und Du selbst bleibst der Experte &hellip; <\/p>\n<p class=\"link-more\"><a href=\"https:\/\/denkraum42.de\/?page_id=161\" class=\"more-link\"><span class=\"screen-reader-text\">\u201eCoaching\u201c<\/span> weiterlesen<\/a><\/p>\n","protected":false},"author":1,"featured_media":0,"parent":0,"menu_order":0,"comment_status":"closed","ping_status":"closed","template":"","meta":{"footnotes":""},"class_list":["post-161","page","type-page","status-publish","hentry"],"yoast_head":"<!-- This site is optimized with the Yoast SEO plugin v22.6 - https:\/\/yoast.com\/wordpress\/plugins\/seo\/ -->\n<title>Coaching - Denkraum 42<\/title>\n<meta name=\"description\" content=\"Coaching betreibt keine lange und unn\u00f6tige Ursachenforschung in Deiner Vergangenheit. Ich er\u00f6ffne Dir neue Perspektiven. Und Du entdeckst neue M\u00f6glichkeiten und Probleml\u00f6sungen\" \/>\n<meta name=\"robots\" content=\"index, follow, max-snippet:-1, max-image-preview:large, max-video-preview:-1\" \/>\n<link rel=\"canonical\" href=\"https:\/\/denkraum42.de\/?page_id=161\" \/>\n<meta property=\"og:locale\" content=\"de_DE\" \/>\n<meta property=\"og:type\" content=\"article\" \/>\n<meta property=\"og:title\" content=\"Coaching - Denkraum 42\" \/>\n<meta property=\"og:description\" content=\"Coaching betreibt keine lange und unn\u00f6tige Ursachenforschung in Deiner Vergangenheit. Ich er\u00f6ffne Dir neue Perspektiven. Und Du entdeckst neue M\u00f6glichkeiten und Probleml\u00f6sungen\" \/>\n<meta property=\"og:url\" content=\"https:\/\/denkraum42.de\/?page_id=161\" \/>\n<meta property=\"og:site_name\" content=\"Denkraum 42\" \/>\n<meta property=\"article:modified_time\" content=\"2024-06-05T16:54:50+00:00\" \/>\n<meta name=\"twitter:card\" content=\"summary_large_image\" \/>\n<meta name=\"twitter:label1\" content=\"Gesch\u00e4tzte Lesezeit\" \/>\n\t<meta name=\"twitter:data1\" content=\"1\u00a0Minute\" \/>\n<script type=\"application\/ld+json\" class=\"yoast-schema-graph\">{\"@context\":\"https:\/\/schema.org\",\"@graph\":[{\"@type\":\"WebPage\",\"@id\":\"https:\/\/denkraum42.de\/?page_id=161\",\"url\":\"https:\/\/denkraum42.de\/?page_id=161\",\"name\":\"Coaching - Denkraum 42\",\"isPartOf\":{\"@id\":\"https:\/\/denkraum42.de\/#website\"},\"datePublished\":\"2024-06-04T14:26:48+00:00\",\"dateModified\":\"2024-06-05T16:54:50+00:00\",\"description\":\"Coaching betreibt keine lange und unn\u00f6tige Ursachenforschung in Deiner Vergangenheit. Ich er\u00f6ffne Dir neue Perspektiven. Und Du entdeckst neue M\u00f6glichkeiten und Probleml\u00f6sungen\",\"breadcrumb\":{\"@id\":\"https:\/\/denkraum42.de\/?page_id=161#breadcrumb\"},\"inLanguage\":\"de\",\"potentialAction\":[{\"@type\":\"ReadAction\",\"target\":[\"https:\/\/denkraum42.de\/?page_id=161\"]}]},{\"@type\":\"BreadcrumbList\",\"@id\":\"https:\/\/denkraum42.de\/?page_id=161#breadcrumb\",\"itemListElement\":[{\"@type\":\"ListItem\",\"position\":1,\"name\":\"Startseite\",\"item\":\"https:\/\/denkraum42.de\/\"},{\"@type\":\"ListItem\",\"position\":2,\"name\":\"Coaching\"}]},{\"@type\":\"WebSite\",\"@id\":\"https:\/\/denkraum42.de\/#website\",\"url\":\"https:\/\/denkraum42.de\/\",\"name\":\"Denkraum 42\",\"description\":\"Echte Transformation und integraler Wandel. Entwicklung evolution\u00e4r gestalten.\",\"publisher\":{\"@id\":\"https:\/\/denkraum42.de\/#organization\"},\"potentialAction\":[{\"@type\":\"SearchAction\",\"target\":{\"@type\":\"EntryPoint\",\"urlTemplate\":\"https:\/\/denkraum42.de\/?s={search_term_string}\"},\"query-input\":\"required name=search_term_string\"}],\"inLanguage\":\"de\"},{\"@type\":\"Organization\",\"@id\":\"https:\/\/denkraum42.de\/#organization\",\"name\":\"Denkraum 42\",\"url\":\"https:\/\/denkraum42.de\/\",\"logo\":{\"@type\":\"ImageObject\",\"inLanguage\":\"de\",\"@id\":\"https:\/\/denkraum42.de\/#\/schema\/logo\/image\/\",\"url\":\"https:\/\/denkraum42.de\/wp-content\/uploads\/2024\/05\/cropped-cropped-triskell-1193998_1920.png\",\"contentUrl\":\"https:\/\/denkraum42.de\/wp-content\/uploads\/2024\/05\/cropped-cropped-triskell-1193998_1920.png\",\"width\":250,\"height\":250,\"caption\":\"Denkraum 42\"},\"image\":{\"@id\":\"https:\/\/denkraum42.de\/#\/schema\/logo\/image\/\"}}]}<\/script>\n<!-- \/ Yoast SEO plugin. -->","yoast_head_json":{"title":"Coaching - Denkraum 42","description":"Coaching betreibt keine lange und unn\u00f6tige Ursachenforschung in Deiner Vergangenheit. Ich er\u00f6ffne Dir neue Perspektiven. Und Du entdeckst neue M\u00f6glichkeiten und Probleml\u00f6sungen","robots":{"index":"index","follow":"follow","max-snippet":"max-snippet:-1","max-image-preview":"max-image-preview:large","max-video-preview":"max-video-preview:-1"},"canonical":"https:\/\/denkraum42.de\/?page_id=161","og_locale":"de_DE","og_type":"article","og_title":"Coaching - Denkraum 42","og_description":"Coaching betreibt keine lange und unn\u00f6tige Ursachenforschung in Deiner Vergangenheit. Ich er\u00f6ffne Dir neue Perspektiven. Und Du entdeckst neue M\u00f6glichkeiten und Probleml\u00f6sungen","og_url":"https:\/\/denkraum42.de\/?page_id=161","og_site_name":"Denkraum 42","article_modified_time":"2024-06-05T16:54:50+00:00","twitter_card":"summary_large_image","twitter_misc":{"Gesch\u00e4tzte Lesezeit":"1\u00a0Minute"},"schema":{"@context":"https:\/\/schema.org","@graph":[{"@type":"WebPage","@id":"https:\/\/denkraum42.de\/?page_id=161","url":"https:\/\/denkraum42.de\/?page_id=161","name":"Coaching - Denkraum 42","isPartOf":{"@id":"https:\/\/denkraum42.de\/#website"},"datePublished":"2024-06-04T14:26:48+00:00","dateModified":"2024-06-05T16:54:50+00:00","description":"Coaching betreibt keine lange und unn\u00f6tige Ursachenforschung in Deiner Vergangenheit. Ich er\u00f6ffne Dir neue Perspektiven. Und Du entdeckst neue M\u00f6glichkeiten und Probleml\u00f6sungen","breadcrumb":{"@id":"https:\/\/denkraum42.de\/?page_id=161#breadcrumb"},"inLanguage":"de","potentialAction":[{"@type":"ReadAction","target":["https:\/\/denkraum42.de\/?page_id=161"]}]},{"@type":"BreadcrumbList","@id":"https:\/\/denkraum42.de\/?page_id=161#breadcrumb","itemListElement":[{"@type":"ListItem","position":1,"name":"Startseite","item":"https:\/\/denkraum42.de\/"},{"@type":"ListItem","position":2,"name":"Coaching"}]},{"@type":"WebSite","@id":"https:\/\/denkraum42.de\/#website","url":"https:\/\/denkraum42.de\/","name":"Denkraum 42","description":"Echte Transformation und integraler Wandel. Entwicklung evolution\u00e4r gestalten.","publisher":{"@id":"https:\/\/denkraum42.de\/#organization"},"potentialAction":[{"@type":"SearchAction","target":{"@type":"EntryPoint","urlTemplate":"https:\/\/denkraum42.de\/?s={search_term_string}"},"query-input":"required name=search_term_string"}],"inLanguage":"de"},{"@type":"Organization","@id":"https:\/\/denkraum42.de\/#organization","name":"Denkraum 42","url":"https:\/\/denkraum42.de\/","logo":{"@type":"ImageObject","inLanguage":"de","@id":"https:\/\/denkraum42.de\/#\/schema\/logo\/image\/","url":"https:\/\/denkraum42.de\/wp-content\/uploads\/2024\/05\/cropped-cropped-triskell-1193998_1920.png","contentUrl":"https:\/\/denkraum42.de\/wp-content\/uploads\/2024\/05\/cropped-cropped-triskell-1193998_1920.png","width":250,"height":250,"caption":"Denkraum 42"},"image":{"@id":"https:\/\/denkraum42.de\/#\/schema\/logo\/image\/"}}]}},"_links":{"self":[{"href":"https:\/\/denkraum42.de\/index.php?rest_route=\/wp\/v2\/pages\/161","targetHints":{"allow":["GET"]}}],"collection":[{"href":"https:\/\/denkraum42.de\/index.php?rest_route=\/wp\/v2\/pages"}],"about":[{"href":"https:\/\/denkraum42.de\/index.php?rest_route=\/wp\/v2\/types\/page"}],"author":[{"embeddable":true,"href":"https:\/\/denkraum42.de\/index.php?rest_route=\/wp\/v2\/users\/1"}],"replies":[{"embeddable":true,"href":"https:\/\/denkraum42.de\/index.php?rest_route=%2Fwp%2Fv2%2Fcomments&post=161"}],"version-history":[{"count":2,"href":"https:\/\/denkraum42.de\/index.php?rest_route=\/wp\/v2\/pages\/161\/revisions"}],"predecessor-version":[{"id":244,"href":"https:\/\/denkraum42.de\/index.php?rest_route=\/wp\/v2\/pages\/161\/revisions\/244"}],"wp:attachment":[{"href":"https:\/\/denkraum42.de\/index.php?rest_route=%2Fwp%2Fv2%2Fmedia&parent=161"}],"curies":[{"name":"wp","href":"https:\/\/api.w.org\/{rel}","templated":true}]}}