{"id":171,"date":"2024-06-04T15:59:15","date_gmt":"2024-06-04T15:59:15","guid":{"rendered":"https:\/\/denkraum42.de\/?page_id=171"},"modified":"2024-08-15T14:40:47","modified_gmt":"2024-08-15T14:40:47","slug":"angebote-zur-foerderung-soloselbstaendiger","status":"publish","type":"page","link":"https:\/\/denkraum42.de\/?page_id=171","title":{"rendered":"Zukunftsorientierte Strategien f\u00fcr Soloselbst\u00e4ndige im 21. Jahrhundert &#8211; Seminare f\u00fcr das Kompassprogramm"},"content":{"rendered":"\n<p><strong>Wie navigieren Sie als Soloselbst\u00e4ndiger durch die Herausforderungen unserer Zeit?<\/strong><\/p>\n\n\n\n<p>Wir leben in einer \u00c4ra des Wandels \u2013 und das nicht nur technologisch! Die Geschwindigkeit, mit der sich unsere Welt ver\u00e4ndert, ist atemberaubend. F\u00fcr Soloselbst\u00e4ndige bedeutet dies, sich st\u00e4ndig an neue Rahmenbedingungen anzupassen und sich neuen Herausforderungen zu stellen.<\/p>\n\n\n\n<p>Der Unterschied zwischen der Arbeitswelt von vor 50 Jahren und heute k\u00f6nnte nicht gr\u00f6\u00dfer sein. Unsere Wahrnehmung hat sich radikal gewandelt, und die Komplexit\u00e4t unserer Umgebung nimmt stetig zu. Wir sp\u00fcren, dass alles miteinander verbunden ist \u2013 und die traditionellen Methoden zur Probleml\u00f6sung greifen nicht mehr.<\/p>\n\n\n\n<p>Das gewohnte Vorgehen, eine Situation oder einen Konflikt in Einzelteile zu zerlegen, um die Ursachen Schritt f\u00fcr Schritt zu beheben, funktioniert nicht mehr. Menschen, Systeme und Organisationen sind keine Maschinen; sie lassen sich nicht einfach auseinandernehmen, reparieren oder neu programmieren. Das lineare Denken und das Ursache-Wirkungsprinzip aus einem mechanistischen Weltbild sind \u00fcberholt.<\/p>\n\n\n\n<p>Um als Soloselbst\u00e4ndiger zukunftsf\u00e4hig zu bleiben, ben\u00f6tigen Sie mehr als nur betriebswirtschaftliches Wissen. Es geht darum, innovative Ans\u00e4tze zu finden und echte Entwicklung zu f\u00f6rdern \u2013 weit \u00fcber die blo\u00dfe Verwaltung von Menschen hinaus.<\/p>\n\n\n\n<p><strong>Sind Sie bereit f\u00fcr den Wandel?<\/strong><\/p>\n\n\n\n<p>Mit unseren Seminar bieten wir Ihnen ma\u00dfgeschneiderte Angebote zur F\u00f6rderung von Soloselbst\u00e4ndigen an. Lernen Sie, wie Sie in dieser dynamischen Welt erfolgreich navigieren k\u00f6nnen! Entdecken Sie neue Perspektiven und Strategien, um Ihr Unternehmen zukunftssicher zu machen.<\/p>\n\n\n\n<h3 class=\"wp-block-heading\" id=\"melden-sie-sich-jetzt-an\"><strong>Melden Sie sich jetzt an!<\/strong><\/h3>\n\n\n\n<p>Lassen Sie uns gemeinsam Ihre Reise in eine erfolgreiche Zukunft gestalten. Der Wandel wartet auf Sie \u2013 sind Sie bereit, ihn anzunehmen?<\/p>\n\n\n\n<h3 class=\"wp-block-heading\" id=\"die-zukunft-erfordert-ein-umdenken-vom-ego-system-zum-\u00f6kosystem-bewusstsein\"><strong>Die Zukunft erfordert ein Umdenken: Vom Ego-System zum \u00d6kosystem-Bewusstsein<\/strong><\/h3>\n\n\n\n<p><strong>Die Zeit einfacher Antworten ist vorbei \u2013 und auch die Zeit einfacher Fragen.<\/strong>&nbsp;Um den Herausforderungen unserer Zeit gerecht zu werden, m\u00fcssen wir als Individuen und insbesondere als Soloselbst\u00e4ndige unser Denken grundlegend ver\u00e4ndern. Die tiefgreifenden Ver\u00e4nderungen, die heute notwendig sind, verlangen einen Paradigmenwechsel: weg von einem Ego-System hin zu einem \u00d6kosystem-Bewusstsein.<\/p>\n\n\n\n<p>Je mehr wir uns mit den komplexen, volatilen und disruptiven Herausforderungen des 21. Jahrhunderts auseinandersetzen, desto klarer wird: Die verborgene Dimension der F\u00fchrung \u2013 oder besser gesagt, der Selbstf\u00fchrung \u2013 r\u00fcckt in den Mittelpunkt. Der blinde Fleck im Werkzeugkasten der \u00d6konomie und Selbst\u00e4ndigkeit des 20. Jahrhunderts l\u00e4sst sich in einem einzigen Wort zusammenfassen:&nbsp;<\/p>\n\n\n\n<p class=\"has-text-align-center\"><strong>Bewusstsein!<\/strong><\/p>\n\n\n\n<p>W\u00e4hrend viele Menschen nachdenken, denken wir vor! In unserem Seminar zeigen wir Ihnen, wie Sie diesen Bewusstseinswandel aktiv gestalten k\u00f6nnen. Lernen Sie innovative Denkans\u00e4tze kennen, die Ihnen helfen, nicht nur auf Ver\u00e4nderungen zu reagieren, sondern sie proaktiv zu gestalten.<\/p>\n\n\n\n<h3 class=\"wp-block-heading\" id=\"sind-sie-bereit-f\u00fcr-diesen-wandel\"><strong>Sind Sie bereit f\u00fcr diesen Wandel?<\/strong><\/h3>\n\n\n\n<p>Entdecken Sie mit uns neue Wege des Denkens und Handelns, die Ihre unternehmerische Reise transformieren werden. Lassen Sie uns gemeinsam an Ihrer Vision arbeiten und die Herausforderungen des 21. Jahrhunderts meistern!<\/p>\n\n\n\n<h3 class=\"wp-block-heading\" id=\"melden-sie-sich-jetzt-an\"><strong>Melden Sie sich jetzt an!<\/strong><\/h3>\n\n\n\n<p>Seien Sie Teil einer Bewegung, die das Unternehmertum neu definiert. Der Schl\u00fcssel zu Ihrem Erfolg liegt im Bewusstsein \u2013 sind Sie bereit, ihn zu nutzen?<\/p>\n\n\n\n<p><\/p>\n\n\n\n<p><\/p>\n\n\n\n<p><\/p>\n\n\n\n<p class=\"has-text-align-center\">Das sagen meine Kunden<\/p>\n\n\n\n<hr class=\"wp-block-separator has-css-opacity is-style-default\"\/>\n\n\n<div class=\"wp-block-image is-style-rounded\">\n<figure class=\"aligncenter size-large is-resized\"><img loading=\"lazy\" decoding=\"async\" width=\"682\" height=\"1024\" src=\"https:\/\/denkraum42.de\/wp-content\/uploads\/2024\/06\/nature-4720090_1280-682x1024.jpg\" alt=\"\" class=\"wp-image-300\" style=\"width:150px;height:150px\" srcset=\"https:\/\/denkraum42.de\/wp-content\/uploads\/2024\/06\/nature-4720090_1280-682x1024.jpg 682w, https:\/\/denkraum42.de\/wp-content\/uploads\/2024\/06\/nature-4720090_1280-200x300.jpg 200w, https:\/\/denkraum42.de\/wp-content\/uploads\/2024\/06\/nature-4720090_1280-768x1152.jpg 768w, https:\/\/denkraum42.de\/wp-content\/uploads\/2024\/06\/nature-4720090_1280.jpg 853w\" sizes=\"auto, (max-width: 682px) 100vw, 682px\" \/><\/figure>\n<\/div>\n\n\n<blockquote class=\"wp-block-quote has-text-align-center is-style-large is-layout-flow wp-block-quote-is-layout-flow\">\n<p>&#8222;<strong>H\u00f6chste Professionalit\u00e4t bei menschlich wertsch\u00e4tzender N\u00e4he. Pr\u00e4dikat besonders wertvoll. Weiter so! Obwohl, besser geht nicht!<\/strong>&#8222;<\/p>\n<cite>\u2013 <br><br><br>Petra J. P<em>olitikwissenschaftlerin und Germanistin<\/em><\/cite><\/blockquote>\n\n\n\n<hr class=\"wp-block-separator has-css-opacity is-style-default\"\/>\n\n\n\n<h2 class=\"wp-block-heading\">Machen Sie mit diesen Programmen Ihr Solounternehmen zukunftsf\u00e4hig. Klicken Sie einfach auf die Bildbeschriftung um mehr \u00fcber die einzelnen Seminare zu erfahren.<\/h2>\n\n\n\n<p><\/p>\n\n\n\n<figure class=\"wp-block-gallery has-nested-images columns-default is-cropped wp-block-gallery-1 is-layout-flex wp-block-gallery-is-layout-flex\">\n<figure class=\"wp-block-image size-large\"><img loading=\"lazy\" decoding=\"async\" width=\"640\" height=\"427\" data-id=\"146\" src=\"https:\/\/denkraum42.de\/wp-content\/uploads\/2024\/05\/nature-3289812_640.jpg\" alt=\"\" class=\"wp-image-146\" srcset=\"https:\/\/denkraum42.de\/wp-content\/uploads\/2024\/05\/nature-3289812_640.jpg 640w, https:\/\/denkraum42.de\/wp-content\/uploads\/2024\/05\/nature-3289812_640-300x200.jpg 300w\" sizes=\"auto, (max-width: 640px) 100vw, 640px\" \/><figcaption class=\"wp-element-caption\"><a href=\"https:\/\/denkraum42.de\/?page_id=174\">Entfalten Sie Ihr Potenzial: Seminar zur Selbstf\u00fchrung und integralen Unternehmensentwicklung<\/a><\/figcaption><\/figure>\n\n\n\n<figure class=\"wp-block-image size-large\"><img loading=\"lazy\" decoding=\"async\" width=\"1024\" height=\"500\" data-id=\"270\" src=\"https:\/\/denkraum42.de\/wp-content\/uploads\/2024\/06\/hands-3348986_1280-1024x500.jpg\" alt=\"\" class=\"wp-image-270\" srcset=\"https:\/\/denkraum42.de\/wp-content\/uploads\/2024\/06\/hands-3348986_1280-1024x500.jpg 1024w, https:\/\/denkraum42.de\/wp-content\/uploads\/2024\/06\/hands-3348986_1280-300x146.jpg 300w, https:\/\/denkraum42.de\/wp-content\/uploads\/2024\/06\/hands-3348986_1280-768x375.jpg 768w, https:\/\/denkraum42.de\/wp-content\/uploads\/2024\/06\/hands-3348986_1280.jpg 1280w\" sizes=\"auto, (max-width: 767px) 89vw, (max-width: 1000px) 54vw, (max-width: 1071px) 543px, 580px\" \/><figcaption class=\"wp-element-caption\"><a href=\"https:\/\/denkraum42.de\/?page_id=269\">Konflikte als Chance: Meistere schwierige Gespr\u00e4che mit Mediationskompetenz<\/a><\/figcaption><\/figure>\n\n\n\n<figure class=\"wp-block-image size-large\"><img loading=\"lazy\" decoding=\"async\" width=\"1024\" height=\"682\" data-id=\"274\" src=\"https:\/\/denkraum42.de\/wp-content\/uploads\/2024\/06\/fish-market-7519944_1280-1024x682.jpg\" alt=\"\" class=\"wp-image-274\" srcset=\"https:\/\/denkraum42.de\/wp-content\/uploads\/2024\/06\/fish-market-7519944_1280-1024x682.jpg 1024w, https:\/\/denkraum42.de\/wp-content\/uploads\/2024\/06\/fish-market-7519944_1280-300x200.jpg 300w, https:\/\/denkraum42.de\/wp-content\/uploads\/2024\/06\/fish-market-7519944_1280-768x512.jpg 768w, https:\/\/denkraum42.de\/wp-content\/uploads\/2024\/06\/fish-market-7519944_1280.jpg 1280w\" sizes=\"auto, (max-width: 767px) 89vw, (max-width: 1000px) 54vw, (max-width: 1071px) 543px, 580px\" \/><figcaption class=\"wp-element-caption\"><a href=\"https:\/\/denkraum42.de\/?page_id=273\">Die Verkaufsrevolution: Mit Werten zum Gesch\u00e4ftserfolg<\/a><\/figcaption><\/figure>\n<\/figure>\n\n\n\n<p><\/p>\n\n\n\n<figure class=\"wp-block-gallery has-nested-images columns-default is-cropped wp-block-gallery-2 is-layout-flex wp-block-gallery-is-layout-flex\">\n<figure class=\"wp-block-image size-large\"><img loading=\"lazy\" decoding=\"async\" width=\"1024\" height=\"695\" data-id=\"278\" src=\"https:\/\/denkraum42.de\/wp-content\/uploads\/2024\/06\/telephone-450639_1280-1024x695.jpg\" alt=\"\" class=\"wp-image-278\" srcset=\"https:\/\/denkraum42.de\/wp-content\/uploads\/2024\/06\/telephone-450639_1280-1024x695.jpg 1024w, https:\/\/denkraum42.de\/wp-content\/uploads\/2024\/06\/telephone-450639_1280-300x204.jpg 300w, https:\/\/denkraum42.de\/wp-content\/uploads\/2024\/06\/telephone-450639_1280-768x521.jpg 768w, https:\/\/denkraum42.de\/wp-content\/uploads\/2024\/06\/telephone-450639_1280.jpg 1280w\" sizes=\"auto, (max-width: 767px) 89vw, (max-width: 1000px) 54vw, (max-width: 1071px) 543px, 580px\" \/><figcaption class=\"wp-element-caption\"><a href=\"https:\/\/denkraum42.de\/?page_id=277\">Aktive Akquise: Ihre Schl\u00fcsselkompetenz f\u00fcr nachhaltigen Erfolg<\/a><\/figcaption><\/figure>\n\n\n\n<figure class=\"wp-block-image size-large\"><img loading=\"lazy\" decoding=\"async\" width=\"1024\" height=\"576\" data-id=\"281\" src=\"https:\/\/denkraum42.de\/wp-content\/uploads\/2024\/06\/art-1839006_1280-1024x576.jpg\" alt=\"\" class=\"wp-image-281\" srcset=\"https:\/\/denkraum42.de\/wp-content\/uploads\/2024\/06\/art-1839006_1280-1024x576.jpg 1024w, https:\/\/denkraum42.de\/wp-content\/uploads\/2024\/06\/art-1839006_1280-300x169.jpg 300w, https:\/\/denkraum42.de\/wp-content\/uploads\/2024\/06\/art-1839006_1280-768x432.jpg 768w, https:\/\/denkraum42.de\/wp-content\/uploads\/2024\/06\/art-1839006_1280.jpg 1280w\" sizes=\"auto, (max-width: 767px) 89vw, (max-width: 1000px) 54vw, (max-width: 1071px) 543px, 580px\" \/><figcaption class=\"wp-element-caption\"><a href=\"https:\/\/denkraum42.de\/?page_id=280\">Kundenliebe: Die neue Marketing-Revolution<\/a><\/figcaption><\/figure>\n\n\n\n<figure class=\"wp-block-image size-large\"><img loading=\"lazy\" decoding=\"async\" width=\"1024\" height=\"1024\" data-id=\"284\" src=\"https:\/\/denkraum42.de\/wp-content\/uploads\/2024\/06\/artwork-7378783_1280-1024x1024.jpg\" alt=\"\" class=\"wp-image-284\" srcset=\"https:\/\/denkraum42.de\/wp-content\/uploads\/2024\/06\/artwork-7378783_1280-1024x1024.jpg 1024w, https:\/\/denkraum42.de\/wp-content\/uploads\/2024\/06\/artwork-7378783_1280-300x300.jpg 300w, https:\/\/denkraum42.de\/wp-content\/uploads\/2024\/06\/artwork-7378783_1280-150x150.jpg 150w, https:\/\/denkraum42.de\/wp-content\/uploads\/2024\/06\/artwork-7378783_1280-768x768.jpg 768w, https:\/\/denkraum42.de\/wp-content\/uploads\/2024\/06\/artwork-7378783_1280-100x100.jpg 100w, https:\/\/denkraum42.de\/wp-content\/uploads\/2024\/06\/artwork-7378783_1280.jpg 1280w\" sizes=\"auto, (max-width: 767px) 89vw, (max-width: 1000px) 54vw, (max-width: 1071px) 543px, 580px\" \/><figcaption class=\"wp-element-caption\"><a href=\"https:\/\/denkraum42.de\/?page_id=283\">Die 7 S\u00e4ulen der Selbstkompetenz und Eigenmacht<\/a><\/figcaption><\/figure>\n<\/figure>\n\n\n\n<p><\/p>\n\n\n\n<figure class=\"wp-block-gallery has-nested-images columns-default is-cropped wp-block-gallery-3 is-layout-flex wp-block-gallery-is-layout-flex\">\n<figure class=\"wp-block-image size-large\"><img loading=\"lazy\" decoding=\"async\" width=\"1024\" height=\"574\" data-id=\"466\" src=\"https:\/\/denkraum42.de\/wp-content\/uploads\/2024\/08\/ai-generated-8603166_1280-1024x574.jpg\" alt=\"\" class=\"wp-image-466\" srcset=\"https:\/\/denkraum42.de\/wp-content\/uploads\/2024\/08\/ai-generated-8603166_1280-1024x574.jpg 1024w, https:\/\/denkraum42.de\/wp-content\/uploads\/2024\/08\/ai-generated-8603166_1280-300x168.jpg 300w, https:\/\/denkraum42.de\/wp-content\/uploads\/2024\/08\/ai-generated-8603166_1280-768x430.jpg 768w, https:\/\/denkraum42.de\/wp-content\/uploads\/2024\/08\/ai-generated-8603166_1280.jpg 1280w\" sizes=\"auto, (max-width: 767px) 89vw, (max-width: 1000px) 54vw, (max-width: 1071px) 543px, 580px\" \/><figcaption class=\"wp-element-caption\"><strong><a href=\"https:\/\/denkraum42.de\/?page_id=286\">Entdecken Sie die transformative Kraft Ihrer Beziehung zu Geld!<\/a><\/strong><\/figcaption><\/figure>\n\n\n\n<figure class=\"wp-block-image size-large\"><img loading=\"lazy\" decoding=\"async\" width=\"1024\" height=\"682\" data-id=\"290\" src=\"https:\/\/denkraum42.de\/wp-content\/uploads\/2024\/06\/boat-1867124_1280-1024x682.jpg\" alt=\"\" class=\"wp-image-290\" srcset=\"https:\/\/denkraum42.de\/wp-content\/uploads\/2024\/06\/boat-1867124_1280-1024x682.jpg 1024w, https:\/\/denkraum42.de\/wp-content\/uploads\/2024\/06\/boat-1867124_1280-300x200.jpg 300w, https:\/\/denkraum42.de\/wp-content\/uploads\/2024\/06\/boat-1867124_1280-768x512.jpg 768w, https:\/\/denkraum42.de\/wp-content\/uploads\/2024\/06\/boat-1867124_1280.jpg 1280w\" sizes=\"auto, (max-width: 767px) 89vw, (max-width: 1000px) 54vw, (max-width: 1071px) 543px, 580px\" \/><figcaption class=\"wp-element-caption\"><a href=\"https:\/\/denkraum42.de\/?page_id=289\">Vom Selbst\u00e4ndigen zum Unternehmer: Ihr Weg in eine erfolgreiche Zukunft<\/a><\/figcaption><\/figure>\n<\/figure>\n\n\n\n<p><\/p>\n\n\n\n<p>Diese Seminare k\u00f6nnen \u00fcber das&nbsp;<a href=\"https:\/\/denkraum42.de\/?page_id=151\">Kompass Programm<\/a>&nbsp;mit 90 Prozent gef\u00f6rdert werden. <\/p>\n\n\n\n<div class=\"wp-block-group alignfull has-text-color has-background\" style=\"color:#000000;background-color:#ffffff\"><div class=\"wp-block-group__inner-container is-layout-flow wp-block-group-is-layout-flow\">\n<div style=\"height:64px\" aria-hidden=\"true\" class=\"wp-block-spacer\"><\/div>\n\n\n\n<p class=\"has-text-align-center has-small-font-size\" style=\"line-height:.9\"><strong>Kontakt aufnehmen<\/strong><\/p>\n\n\n\n<h6 class=\"wp-block-heading has-text-align-center\" id=\"schedule-a-visit\" style=\"font-size:59px;line-height:1.15\"><strong>Sie m\u00f6chten mehr erfahren oder haben Fragen? Lassen Sie uns reden. <\/strong><\/h6>\n\n\n\n<div class=\"wp-block-buttons is-horizontal is-content-justification-center is-layout-flex wp-container-core-buttons-is-layout-499968f5 wp-block-buttons-is-layout-flex\">\n<div class=\"wp-block-button has-custom-width wp-block-button__width-50\"><a class=\"wp-block-button__link has-text-color has-background wp-element-button\" href=\"https:\/\/calendly.com\/dialog-stoehr-hr\/impulsgespraech\" style=\"border-radius:50px;color:#ffffff;background-color:#000000\">Jetzt Gespr\u00e4ch buchen <\/a><\/div>\n<\/div>\n\n\n\n<div style=\"height:64px\" aria-hidden=\"true\" class=\"wp-block-spacer\"><\/div>\n<\/div><\/div>\n\n\n\n<p><\/p>\n\n\n\n<p><\/p>\n\n\n\n<div class=\"wp-block-buttons is-layout-flex wp-block-buttons-is-layout-flex\"><\/div>\n","protected":false},"excerpt":{"rendered":"<p>Wie navigieren Sie als Soloselbst\u00e4ndiger durch die Herausforderungen unserer Zeit? Wir leben in einer \u00c4ra des Wandels \u2013 und das nicht nur technologisch! Die Geschwindigkeit, mit der sich unsere Welt ver\u00e4ndert, ist atemberaubend. F\u00fcr Soloselbst\u00e4ndige bedeutet dies, sich st\u00e4ndig an neue Rahmenbedingungen anzupassen und sich neuen Herausforderungen zu stellen. Der Unterschied zwischen der Arbeitswelt von &hellip; <\/p>\n<p class=\"link-more\"><a href=\"https:\/\/denkraum42.de\/?page_id=171\" class=\"more-link\"><span class=\"screen-reader-text\">\u201eZukunftsorientierte Strategien f\u00fcr Soloselbst\u00e4ndige im 21. Jahrhundert &#8211; Seminare f\u00fcr das Kompassprogramm\u201c<\/span> weiterlesen<\/a><\/p>\n","protected":false},"author":1,"featured_media":172,"parent":0,"menu_order":0,"comment_status":"closed","ping_status":"closed","template":"","meta":{"footnotes":""},"class_list":["post-171","page","type-page","status-publish","has-post-thumbnail","hentry"],"yoast_head":"<!-- This site is optimized with the Yoast SEO plugin v22.6 - https:\/\/yoast.com\/wordpress\/plugins\/seo\/ -->\n<title>Zukunftsorientierte Strategien f\u00fcr Soloselbst\u00e4ndige im 21. Jahrhundert - Seminare f\u00fcr das Kompassprogramm - Denkraum 42<\/title>\n<meta name=\"description\" content=\"Wie navigieren Soloselbst\u00e4ndige im 21. Jahrhundert? Machen Sie mit diesen Programmen Ihr Solounternehmen zukunftsf\u00e4hig.\" \/>\n<meta name=\"robots\" content=\"index, follow, max-snippet:-1, max-image-preview:large, max-video-preview:-1\" \/>\n<link rel=\"canonical\" href=\"https:\/\/denkraum42.de\/?page_id=171\" \/>\n<meta property=\"og:locale\" content=\"de_DE\" \/>\n<meta property=\"og:type\" content=\"article\" \/>\n<meta property=\"og:title\" content=\"Zukunftsorientierte Strategien f\u00fcr Soloselbst\u00e4ndige im 21. Jahrhundert - Seminare f\u00fcr das Kompassprogramm - Denkraum 42\" \/>\n<meta property=\"og:description\" content=\"Wie navigieren Soloselbst\u00e4ndige im 21. Jahrhundert? Machen Sie mit diesen Programmen Ihr Solounternehmen zukunftsf\u00e4hig.\" \/>\n<meta property=\"og:url\" content=\"https:\/\/denkraum42.de\/?page_id=171\" \/>\n<meta property=\"og:site_name\" content=\"Denkraum 42\" \/>\n<meta property=\"article:modified_time\" content=\"2024-08-15T14:40:47+00:00\" \/>\n<meta property=\"og:image\" content=\"https:\/\/denkraum42.de\/wp-content\/uploads\/2024\/06\/dancer-5184685_1280.jpg\" \/>\n\t<meta property=\"og:image:width\" content=\"1280\" \/>\n\t<meta property=\"og:image:height\" content=\"719\" \/>\n\t<meta property=\"og:image:type\" content=\"image\/jpeg\" \/>\n<meta name=\"twitter:card\" content=\"summary_large_image\" \/>\n<meta name=\"twitter:label1\" content=\"Gesch\u00e4tzte Lesezeit\" \/>\n\t<meta name=\"twitter:data1\" content=\"6\u00a0Minuten\" \/>\n<script type=\"application\/ld+json\" class=\"yoast-schema-graph\">{\"@context\":\"https:\/\/schema.org\",\"@graph\":[{\"@type\":\"WebPage\",\"@id\":\"https:\/\/denkraum42.de\/?page_id=171\",\"url\":\"https:\/\/denkraum42.de\/?page_id=171\",\"name\":\"Zukunftsorientierte Strategien f\u00fcr Soloselbst\u00e4ndige im 21. Jahrhundert - Seminare f\u00fcr das Kompassprogramm - Denkraum 42\",\"isPartOf\":{\"@id\":\"https:\/\/denkraum42.de\/#website\"},\"primaryImageOfPage\":{\"@id\":\"https:\/\/denkraum42.de\/?page_id=171#primaryimage\"},\"image\":{\"@id\":\"https:\/\/denkraum42.de\/?page_id=171#primaryimage\"},\"thumbnailUrl\":\"https:\/\/denkraum42.de\/wp-content\/uploads\/2024\/06\/dancer-5184685_1280.jpg\",\"datePublished\":\"2024-06-04T15:59:15+00:00\",\"dateModified\":\"2024-08-15T14:40:47+00:00\",\"description\":\"Wie navigieren Soloselbst\u00e4ndige im 21. Jahrhundert? Machen Sie mit diesen Programmen Ihr Solounternehmen zukunftsf\u00e4hig.\",\"breadcrumb\":{\"@id\":\"https:\/\/denkraum42.de\/?page_id=171#breadcrumb\"},\"inLanguage\":\"de\",\"potentialAction\":[{\"@type\":\"ReadAction\",\"target\":[\"https:\/\/denkraum42.de\/?page_id=171\"]}]},{\"@type\":\"ImageObject\",\"inLanguage\":\"de\",\"@id\":\"https:\/\/denkraum42.de\/?page_id=171#primaryimage\",\"url\":\"https:\/\/denkraum42.de\/wp-content\/uploads\/2024\/06\/dancer-5184685_1280.jpg\",\"contentUrl\":\"https:\/\/denkraum42.de\/wp-content\/uploads\/2024\/06\/dancer-5184685_1280.jpg\",\"width\":1280,\"height\":719},{\"@type\":\"BreadcrumbList\",\"@id\":\"https:\/\/denkraum42.de\/?page_id=171#breadcrumb\",\"itemListElement\":[{\"@type\":\"ListItem\",\"position\":1,\"name\":\"Startseite\",\"item\":\"https:\/\/denkraum42.de\/\"},{\"@type\":\"ListItem\",\"position\":2,\"name\":\"Zukunftsorientierte Strategien f\u00fcr Soloselbst\u00e4ndige im 21. Jahrhundert &#8211; Seminare f\u00fcr das Kompassprogramm\"}]},{\"@type\":\"WebSite\",\"@id\":\"https:\/\/denkraum42.de\/#website\",\"url\":\"https:\/\/denkraum42.de\/\",\"name\":\"Denkraum 42\",\"description\":\"Echte Transformation und integraler Wandel. Entwicklung evolution\u00e4r gestalten.\",\"publisher\":{\"@id\":\"https:\/\/denkraum42.de\/#organization\"},\"potentialAction\":[{\"@type\":\"SearchAction\",\"target\":{\"@type\":\"EntryPoint\",\"urlTemplate\":\"https:\/\/denkraum42.de\/?s={search_term_string}\"},\"query-input\":\"required name=search_term_string\"}],\"inLanguage\":\"de\"},{\"@type\":\"Organization\",\"@id\":\"https:\/\/denkraum42.de\/#organization\",\"name\":\"Denkraum 42\",\"url\":\"https:\/\/denkraum42.de\/\",\"logo\":{\"@type\":\"ImageObject\",\"inLanguage\":\"de\",\"@id\":\"https:\/\/denkraum42.de\/#\/schema\/logo\/image\/\",\"url\":\"https:\/\/denkraum42.de\/wp-content\/uploads\/2024\/05\/cropped-cropped-triskell-1193998_1920.png\",\"contentUrl\":\"https:\/\/denkraum42.de\/wp-content\/uploads\/2024\/05\/cropped-cropped-triskell-1193998_1920.png\",\"width\":250,\"height\":250,\"caption\":\"Denkraum 42\"},\"image\":{\"@id\":\"https:\/\/denkraum42.de\/#\/schema\/logo\/image\/\"}}]}<\/script>\n<!-- \/ Yoast SEO plugin. -->","yoast_head_json":{"title":"Zukunftsorientierte Strategien f\u00fcr Soloselbst\u00e4ndige im 21. Jahrhundert - Seminare f\u00fcr das Kompassprogramm - Denkraum 42","description":"Wie navigieren Soloselbst\u00e4ndige im 21. Jahrhundert? Machen Sie mit diesen Programmen Ihr Solounternehmen zukunftsf\u00e4hig.","robots":{"index":"index","follow":"follow","max-snippet":"max-snippet:-1","max-image-preview":"max-image-preview:large","max-video-preview":"max-video-preview:-1"},"canonical":"https:\/\/denkraum42.de\/?page_id=171","og_locale":"de_DE","og_type":"article","og_title":"Zukunftsorientierte Strategien f\u00fcr Soloselbst\u00e4ndige im 21. Jahrhundert - Seminare f\u00fcr das Kompassprogramm - Denkraum 42","og_description":"Wie navigieren Soloselbst\u00e4ndige im 21. Jahrhundert? Machen Sie mit diesen Programmen Ihr Solounternehmen zukunftsf\u00e4hig.","og_url":"https:\/\/denkraum42.de\/?page_id=171","og_site_name":"Denkraum 42","article_modified_time":"2024-08-15T14:40:47+00:00","og_image":[{"width":1280,"height":719,"url":"https:\/\/denkraum42.de\/wp-content\/uploads\/2024\/06\/dancer-5184685_1280.jpg","type":"image\/jpeg"}],"twitter_card":"summary_large_image","twitter_misc":{"Gesch\u00e4tzte Lesezeit":"6\u00a0Minuten"},"schema":{"@context":"https:\/\/schema.org","@graph":[{"@type":"WebPage","@id":"https:\/\/denkraum42.de\/?page_id=171","url":"https:\/\/denkraum42.de\/?page_id=171","name":"Zukunftsorientierte Strategien f\u00fcr Soloselbst\u00e4ndige im 21. Jahrhundert - Seminare f\u00fcr das Kompassprogramm - Denkraum 42","isPartOf":{"@id":"https:\/\/denkraum42.de\/#website"},"primaryImageOfPage":{"@id":"https:\/\/denkraum42.de\/?page_id=171#primaryimage"},"image":{"@id":"https:\/\/denkraum42.de\/?page_id=171#primaryimage"},"thumbnailUrl":"https:\/\/denkraum42.de\/wp-content\/uploads\/2024\/06\/dancer-5184685_1280.jpg","datePublished":"2024-06-04T15:59:15+00:00","dateModified":"2024-08-15T14:40:47+00:00","description":"Wie navigieren Soloselbst\u00e4ndige im 21. Jahrhundert? Machen Sie mit diesen Programmen Ihr Solounternehmen zukunftsf\u00e4hig.","breadcrumb":{"@id":"https:\/\/denkraum42.de\/?page_id=171#breadcrumb"},"inLanguage":"de","potentialAction":[{"@type":"ReadAction","target":["https:\/\/denkraum42.de\/?page_id=171"]}]},{"@type":"ImageObject","inLanguage":"de","@id":"https:\/\/denkraum42.de\/?page_id=171#primaryimage","url":"https:\/\/denkraum42.de\/wp-content\/uploads\/2024\/06\/dancer-5184685_1280.jpg","contentUrl":"https:\/\/denkraum42.de\/wp-content\/uploads\/2024\/06\/dancer-5184685_1280.jpg","width":1280,"height":719},{"@type":"BreadcrumbList","@id":"https:\/\/denkraum42.de\/?page_id=171#breadcrumb","itemListElement":[{"@type":"ListItem","position":1,"name":"Startseite","item":"https:\/\/denkraum42.de\/"},{"@type":"ListItem","position":2,"name":"Zukunftsorientierte Strategien f\u00fcr Soloselbst\u00e4ndige im 21. Jahrhundert &#8211; Seminare f\u00fcr das Kompassprogramm"}]},{"@type":"WebSite","@id":"https:\/\/denkraum42.de\/#website","url":"https:\/\/denkraum42.de\/","name":"Denkraum 42","description":"Echte Transformation und integraler Wandel. Entwicklung evolution\u00e4r gestalten.","publisher":{"@id":"https:\/\/denkraum42.de\/#organization"},"potentialAction":[{"@type":"SearchAction","target":{"@type":"EntryPoint","urlTemplate":"https:\/\/denkraum42.de\/?s={search_term_string}"},"query-input":"required name=search_term_string"}],"inLanguage":"de"},{"@type":"Organization","@id":"https:\/\/denkraum42.de\/#organization","name":"Denkraum 42","url":"https:\/\/denkraum42.de\/","logo":{"@type":"ImageObject","inLanguage":"de","@id":"https:\/\/denkraum42.de\/#\/schema\/logo\/image\/","url":"https:\/\/denkraum42.de\/wp-content\/uploads\/2024\/05\/cropped-cropped-triskell-1193998_1920.png","contentUrl":"https:\/\/denkraum42.de\/wp-content\/uploads\/2024\/05\/cropped-cropped-triskell-1193998_1920.png","width":250,"height":250,"caption":"Denkraum 42"},"image":{"@id":"https:\/\/denkraum42.de\/#\/schema\/logo\/image\/"}}]}},"_links":{"self":[{"href":"https:\/\/denkraum42.de\/index.php?rest_route=\/wp\/v2\/pages\/171","targetHints":{"allow":["GET"]}}],"collection":[{"href":"https:\/\/denkraum42.de\/index.php?rest_route=\/wp\/v2\/pages"}],"about":[{"href":"https:\/\/denkraum42.de\/index.php?rest_route=\/wp\/v2\/types\/page"}],"author":[{"embeddable":true,"href":"https:\/\/denkraum42.de\/index.php?rest_route=\/wp\/v2\/users\/1"}],"replies":[{"embeddable":true,"href":"https:\/\/denkraum42.de\/index.php?rest_route=%2Fwp%2Fv2%2Fcomments&post=171"}],"version-history":[{"count":18,"href":"https:\/\/denkraum42.de\/index.php?rest_route=\/wp\/v2\/pages\/171\/revisions"}],"predecessor-version":[{"id":535,"href":"https:\/\/denkraum42.de\/index.php?rest_route=\/wp\/v2\/pages\/171\/revisions\/535"}],"wp:featuredmedia":[{"embeddable":true,"href":"https:\/\/denkraum42.de\/index.php?rest_route=\/wp\/v2\/media\/172"}],"wp:attachment":[{"href":"https:\/\/denkraum42.de\/index.php?rest_route=%2Fwp%2Fv2%2Fmedia&parent=171"}],"curies":[{"name":"wp","href":"https:\/\/api.w.org\/{rel}","templated":true}]}}