{"id":218,"date":"2024-06-05T14:58:11","date_gmt":"2024-06-05T14:58:11","guid":{"rendered":"https:\/\/denkraum42.de\/?page_id=218"},"modified":"2024-06-05T15:09:27","modified_gmt":"2024-06-05T15:09:27","slug":"personal-mastery","status":"publish","type":"page","link":"https:\/\/denkraum42.de\/?page_id=218","title":{"rendered":"Personal Mastery"},"content":{"rendered":"\n<h2 class=\"wp-block-heading\">Die Disziplin der Selbstf\u00fchrung und Pers\u00f6nlichkeitsentwicklung.<\/h2>\n\n\n\n<h2 class=\"wp-block-heading\">Wer es zu einem hohen Grad an Personal Mastery bringt, verf\u00fcgt \u00fcber die F\u00e4higkeit, seine wahren Ziele konsequent zu verwirklichen, er geht letztlich an das Leben heran wie ein K\u00fcnstler an ein Kunstwerk.<\/h2>\n\n\n\n<p>Das gelingt ihm, weil er offen auf Neues reagiert und nie aufh\u00f6rt zu lernen.<\/p>\n\n\n\n<p>Personal Mastery bedeutet, dass man seine pers\u00f6nliche Vision kontinuierlich kl\u00e4rt und vertieft, dass man seine Energie b\u00fcndelt, Geduld entwickelt und die Realit\u00e4t objektiv betrachtet,<\/p>\n\n\n\n<h2 class=\"wp-block-heading\">Personal Mastery ist ein entscheidender Eckpfeiler jeder lernenden Organisation. Sie ist ihre geistige Grundlage, denn das Engagement einer Organisation lernen zu wollen kann nur so gro\u00df sein, wie das Engagement ihrer Mitglieder.<\/h2>\n\n\n\n<p>Die Urspr\u00fcnge dieser Disziplin liegen in westlichen und \u00f6stlichen Religionen ebenso wie in weltlichen Traditionen.<\/p>\n\n\n\n<h2 class=\"wp-block-heading\">Lernende Organisationen f\u00f6rdern das Wachstum ihrer Mitglieder. Das f\u00fchrt zu einer Freisetzung enormer Ressourcen, die ohne diese F\u00f6rderung nicht freigesetzt werden.<\/h2>\n\n\n\n<p>Zur Personal Mastery geh\u00f6rt auch ein anderes Bewusstsein f\u00fcr Spiritualit\u00e4t. Einen Artikel dazu findest Du <a href=\"https:\/\/denkraum42.de\/?p=148\">hier<\/a><\/p>\n\n\n\n<h2 class=\"wp-block-heading\">Personal Mastery sorgt f\u00fcr Business Spirit.<\/h2>\n\n\n\n<p><\/p>\n","protected":false},"excerpt":{"rendered":"<p>Die Disziplin der Selbstf\u00fchrung und Pers\u00f6nlichkeitsentwicklung. Wer es zu einem hohen Grad an Personal Mastery bringt, verf\u00fcgt \u00fcber die F\u00e4higkeit, seine wahren Ziele konsequent zu verwirklichen, er geht letztlich an das Leben heran wie ein K\u00fcnstler an ein Kunstwerk. Das gelingt ihm, weil er offen auf Neues reagiert und nie aufh\u00f6rt zu lernen. Personal Mastery &hellip; <\/p>\n<p class=\"link-more\"><a href=\"https:\/\/denkraum42.de\/?page_id=218\" class=\"more-link\"><span class=\"screen-reader-text\">\u201ePersonal Mastery\u201c<\/span> weiterlesen<\/a><\/p>\n","protected":false},"author":1,"featured_media":208,"parent":0,"menu_order":0,"comment_status":"closed","ping_status":"closed","template":"","meta":{"footnotes":""},"class_list":["post-218","page","type-page","status-publish","has-post-thumbnail","hentry"],"yoast_head":"<!-- This site is optimized with the Yoast SEO plugin v22.6 - https:\/\/yoast.com\/wordpress\/plugins\/seo\/ -->\n<title>Personal Mastery - Denkraum 42<\/title>\n<meta name=\"description\" content=\"Personal Mastery sorgt f\u00fcr Business Spirit. Personal Mastery ist ein entscheidender Eckpfeiler jeder lernenden Organisation. Sie ist ihre geistige Grundlage\" \/>\n<meta name=\"robots\" content=\"index, follow, max-snippet:-1, max-image-preview:large, max-video-preview:-1\" \/>\n<link rel=\"canonical\" href=\"https:\/\/denkraum42.de\/?page_id=218\" \/>\n<meta property=\"og:locale\" content=\"de_DE\" \/>\n<meta property=\"og:type\" content=\"article\" \/>\n<meta property=\"og:title\" content=\"Personal Mastery - Denkraum 42\" \/>\n<meta property=\"og:description\" content=\"Personal Mastery sorgt f\u00fcr Business Spirit. Personal Mastery ist ein entscheidender Eckpfeiler jeder lernenden Organisation. Sie ist ihre geistige Grundlage\" \/>\n<meta property=\"og:url\" content=\"https:\/\/denkraum42.de\/?page_id=218\" \/>\n<meta property=\"og:site_name\" content=\"Denkraum 42\" \/>\n<meta property=\"article:modified_time\" content=\"2024-06-05T15:09:27+00:00\" \/>\n<meta property=\"og:image\" content=\"https:\/\/denkraum42.de\/wp-content\/uploads\/2024\/06\/meditation-7344174_1280.jpg\" \/>\n\t<meta property=\"og:image:width\" content=\"1280\" \/>\n\t<meta property=\"og:image:height\" content=\"812\" \/>\n\t<meta property=\"og:image:type\" content=\"image\/jpeg\" \/>\n<meta name=\"twitter:card\" content=\"summary_large_image\" \/>\n<meta name=\"twitter:label1\" content=\"Gesch\u00e4tzte Lesezeit\" \/>\n\t<meta name=\"twitter:data1\" content=\"2\u00a0Minuten\" \/>\n<script type=\"application\/ld+json\" class=\"yoast-schema-graph\">{\"@context\":\"https:\/\/schema.org\",\"@graph\":[{\"@type\":\"WebPage\",\"@id\":\"https:\/\/denkraum42.de\/?page_id=218\",\"url\":\"https:\/\/denkraum42.de\/?page_id=218\",\"name\":\"Personal Mastery - Denkraum 42\",\"isPartOf\":{\"@id\":\"https:\/\/denkraum42.de\/#website\"},\"primaryImageOfPage\":{\"@id\":\"https:\/\/denkraum42.de\/?page_id=218#primaryimage\"},\"image\":{\"@id\":\"https:\/\/denkraum42.de\/?page_id=218#primaryimage\"},\"thumbnailUrl\":\"https:\/\/denkraum42.de\/wp-content\/uploads\/2024\/06\/meditation-7344174_1280.jpg\",\"datePublished\":\"2024-06-05T14:58:11+00:00\",\"dateModified\":\"2024-06-05T15:09:27+00:00\",\"description\":\"Personal Mastery sorgt f\u00fcr Business Spirit. Personal Mastery ist ein entscheidender Eckpfeiler jeder lernenden Organisation. Sie ist ihre geistige Grundlage\",\"breadcrumb\":{\"@id\":\"https:\/\/denkraum42.de\/?page_id=218#breadcrumb\"},\"inLanguage\":\"de\",\"potentialAction\":[{\"@type\":\"ReadAction\",\"target\":[\"https:\/\/denkraum42.de\/?page_id=218\"]}]},{\"@type\":\"ImageObject\",\"inLanguage\":\"de\",\"@id\":\"https:\/\/denkraum42.de\/?page_id=218#primaryimage\",\"url\":\"https:\/\/denkraum42.de\/wp-content\/uploads\/2024\/06\/meditation-7344174_1280.jpg\",\"contentUrl\":\"https:\/\/denkraum42.de\/wp-content\/uploads\/2024\/06\/meditation-7344174_1280.jpg\",\"width\":1280,\"height\":812,\"caption\":\"Personal Mastery\"},{\"@type\":\"BreadcrumbList\",\"@id\":\"https:\/\/denkraum42.de\/?page_id=218#breadcrumb\",\"itemListElement\":[{\"@type\":\"ListItem\",\"position\":1,\"name\":\"Startseite\",\"item\":\"https:\/\/denkraum42.de\/\"},{\"@type\":\"ListItem\",\"position\":2,\"name\":\"Personal Mastery\"}]},{\"@type\":\"WebSite\",\"@id\":\"https:\/\/denkraum42.de\/#website\",\"url\":\"https:\/\/denkraum42.de\/\",\"name\":\"Denkraum 42\",\"description\":\"Echte Transformation und integraler Wandel. Entwicklung evolution\u00e4r gestalten.\",\"publisher\":{\"@id\":\"https:\/\/denkraum42.de\/#organization\"},\"potentialAction\":[{\"@type\":\"SearchAction\",\"target\":{\"@type\":\"EntryPoint\",\"urlTemplate\":\"https:\/\/denkraum42.de\/?s={search_term_string}\"},\"query-input\":\"required name=search_term_string\"}],\"inLanguage\":\"de\"},{\"@type\":\"Organization\",\"@id\":\"https:\/\/denkraum42.de\/#organization\",\"name\":\"Denkraum 42\",\"url\":\"https:\/\/denkraum42.de\/\",\"logo\":{\"@type\":\"ImageObject\",\"inLanguage\":\"de\",\"@id\":\"https:\/\/denkraum42.de\/#\/schema\/logo\/image\/\",\"url\":\"https:\/\/denkraum42.de\/wp-content\/uploads\/2024\/05\/cropped-cropped-triskell-1193998_1920.png\",\"contentUrl\":\"https:\/\/denkraum42.de\/wp-content\/uploads\/2024\/05\/cropped-cropped-triskell-1193998_1920.png\",\"width\":250,\"height\":250,\"caption\":\"Denkraum 42\"},\"image\":{\"@id\":\"https:\/\/denkraum42.de\/#\/schema\/logo\/image\/\"}}]}<\/script>\n<!-- \/ Yoast SEO plugin. -->","yoast_head_json":{"title":"Personal Mastery - Denkraum 42","description":"Personal Mastery sorgt f\u00fcr Business Spirit. Personal Mastery ist ein entscheidender Eckpfeiler jeder lernenden Organisation. Sie ist ihre geistige Grundlage","robots":{"index":"index","follow":"follow","max-snippet":"max-snippet:-1","max-image-preview":"max-image-preview:large","max-video-preview":"max-video-preview:-1"},"canonical":"https:\/\/denkraum42.de\/?page_id=218","og_locale":"de_DE","og_type":"article","og_title":"Personal Mastery - Denkraum 42","og_description":"Personal Mastery sorgt f\u00fcr Business Spirit. Personal Mastery ist ein entscheidender Eckpfeiler jeder lernenden Organisation. Sie ist ihre geistige Grundlage","og_url":"https:\/\/denkraum42.de\/?page_id=218","og_site_name":"Denkraum 42","article_modified_time":"2024-06-05T15:09:27+00:00","og_image":[{"width":1280,"height":812,"url":"https:\/\/denkraum42.de\/wp-content\/uploads\/2024\/06\/meditation-7344174_1280.jpg","type":"image\/jpeg"}],"twitter_card":"summary_large_image","twitter_misc":{"Gesch\u00e4tzte Lesezeit":"2\u00a0Minuten"},"schema":{"@context":"https:\/\/schema.org","@graph":[{"@type":"WebPage","@id":"https:\/\/denkraum42.de\/?page_id=218","url":"https:\/\/denkraum42.de\/?page_id=218","name":"Personal Mastery - Denkraum 42","isPartOf":{"@id":"https:\/\/denkraum42.de\/#website"},"primaryImageOfPage":{"@id":"https:\/\/denkraum42.de\/?page_id=218#primaryimage"},"image":{"@id":"https:\/\/denkraum42.de\/?page_id=218#primaryimage"},"thumbnailUrl":"https:\/\/denkraum42.de\/wp-content\/uploads\/2024\/06\/meditation-7344174_1280.jpg","datePublished":"2024-06-05T14:58:11+00:00","dateModified":"2024-06-05T15:09:27+00:00","description":"Personal Mastery sorgt f\u00fcr Business Spirit. Personal Mastery ist ein entscheidender Eckpfeiler jeder lernenden Organisation. Sie ist ihre geistige Grundlage","breadcrumb":{"@id":"https:\/\/denkraum42.de\/?page_id=218#breadcrumb"},"inLanguage":"de","potentialAction":[{"@type":"ReadAction","target":["https:\/\/denkraum42.de\/?page_id=218"]}]},{"@type":"ImageObject","inLanguage":"de","@id":"https:\/\/denkraum42.de\/?page_id=218#primaryimage","url":"https:\/\/denkraum42.de\/wp-content\/uploads\/2024\/06\/meditation-7344174_1280.jpg","contentUrl":"https:\/\/denkraum42.de\/wp-content\/uploads\/2024\/06\/meditation-7344174_1280.jpg","width":1280,"height":812,"caption":"Personal Mastery"},{"@type":"BreadcrumbList","@id":"https:\/\/denkraum42.de\/?page_id=218#breadcrumb","itemListElement":[{"@type":"ListItem","position":1,"name":"Startseite","item":"https:\/\/denkraum42.de\/"},{"@type":"ListItem","position":2,"name":"Personal Mastery"}]},{"@type":"WebSite","@id":"https:\/\/denkraum42.de\/#website","url":"https:\/\/denkraum42.de\/","name":"Denkraum 42","description":"Echte Transformation und integraler Wandel. Entwicklung evolution\u00e4r gestalten.","publisher":{"@id":"https:\/\/denkraum42.de\/#organization"},"potentialAction":[{"@type":"SearchAction","target":{"@type":"EntryPoint","urlTemplate":"https:\/\/denkraum42.de\/?s={search_term_string}"},"query-input":"required name=search_term_string"}],"inLanguage":"de"},{"@type":"Organization","@id":"https:\/\/denkraum42.de\/#organization","name":"Denkraum 42","url":"https:\/\/denkraum42.de\/","logo":{"@type":"ImageObject","inLanguage":"de","@id":"https:\/\/denkraum42.de\/#\/schema\/logo\/image\/","url":"https:\/\/denkraum42.de\/wp-content\/uploads\/2024\/05\/cropped-cropped-triskell-1193998_1920.png","contentUrl":"https:\/\/denkraum42.de\/wp-content\/uploads\/2024\/05\/cropped-cropped-triskell-1193998_1920.png","width":250,"height":250,"caption":"Denkraum 42"},"image":{"@id":"https:\/\/denkraum42.de\/#\/schema\/logo\/image\/"}}]}},"_links":{"self":[{"href":"https:\/\/denkraum42.de\/index.php?rest_route=\/wp\/v2\/pages\/218","targetHints":{"allow":["GET"]}}],"collection":[{"href":"https:\/\/denkraum42.de\/index.php?rest_route=\/wp\/v2\/pages"}],"about":[{"href":"https:\/\/denkraum42.de\/index.php?rest_route=\/wp\/v2\/types\/page"}],"author":[{"embeddable":true,"href":"https:\/\/denkraum42.de\/index.php?rest_route=\/wp\/v2\/users\/1"}],"replies":[{"embeddable":true,"href":"https:\/\/denkraum42.de\/index.php?rest_route=%2Fwp%2Fv2%2Fcomments&post=218"}],"version-history":[{"count":2,"href":"https:\/\/denkraum42.de\/index.php?rest_route=\/wp\/v2\/pages\/218\/revisions"}],"predecessor-version":[{"id":226,"href":"https:\/\/denkraum42.de\/index.php?rest_route=\/wp\/v2\/pages\/218\/revisions\/226"}],"wp:featuredmedia":[{"embeddable":true,"href":"https:\/\/denkraum42.de\/index.php?rest_route=\/wp\/v2\/media\/208"}],"wp:attachment":[{"href":"https:\/\/denkraum42.de\/index.php?rest_route=%2Fwp%2Fv2%2Fmedia&parent=218"}],"curies":[{"name":"wp","href":"https:\/\/api.w.org\/{rel}","templated":true}]}}