{"id":227,"date":"2024-06-05T15:19:18","date_gmt":"2024-06-05T15:19:18","guid":{"rendered":"https:\/\/denkraum42.de\/?page_id=227"},"modified":"2024-06-05T15:19:18","modified_gmt":"2024-06-05T15:19:18","slug":"gemeinsame-vision-entwickeln","status":"publish","type":"page","link":"https:\/\/denkraum42.de\/?page_id=227","title":{"rendered":"Gemeinsame Vision entwickeln"},"content":{"rendered":"\n<h2 class=\"wp-block-heading\">Wenn eine echte Vision vorhanden ist (im Gegensatz zu all den allseits bekannten Visionserkl\u00e4rungen) wachsen Menschen \u00fcber sich selbst hinaus. <\/h2>\n\n\n\n<p>Sie lernen aus eigenem Antrieb und nicht, weil man es ihnen auftr\u00e4gt.<\/p>\n\n\n\n<h2 class=\"wp-block-heading\">Zu dieser Disziplin geh\u00f6rt die F\u00e4higkeit, gemeinsam &#8222;Zukunftsbilder&#8220; festzulegen, die nicht nur auf Einwilligung sto\u00dfen, sondern auf echtes Engagement und wirkliche Teilnehmerschaft f\u00f6rdern..<\/h2>\n\n\n\n<p>Das ist etwas ganz anderes als Visionen, die von oben verordnet werden und die genau dadurch kontraproduktiv wirken.<\/p>\n","protected":false},"excerpt":{"rendered":"<p>Wenn eine echte Vision vorhanden ist (im Gegensatz zu all den allseits bekannten Visionserkl\u00e4rungen) wachsen Menschen \u00fcber sich selbst hinaus. Sie lernen aus eigenem Antrieb und nicht, weil man es ihnen auftr\u00e4gt. Zu dieser Disziplin geh\u00f6rt die F\u00e4higkeit, gemeinsam &#8222;Zukunftsbilder&#8220; festzulegen, die nicht nur auf Einwilligung sto\u00dfen, sondern auf echtes Engagement und wirkliche Teilnehmerschaft f\u00f6rdern.. &hellip; <\/p>\n<p class=\"link-more\"><a href=\"https:\/\/denkraum42.de\/?page_id=227\" class=\"more-link\"><span class=\"screen-reader-text\">\u201eGemeinsame Vision entwickeln\u201c<\/span> weiterlesen<\/a><\/p>\n","protected":false},"author":1,"featured_media":206,"parent":0,"menu_order":0,"comment_status":"closed","ping_status":"closed","template":"","meta":{"footnotes":""},"class_list":["post-227","page","type-page","status-publish","has-post-thumbnail","hentry"],"yoast_head":"<!-- This site is optimized with the Yoast SEO plugin v22.6 - https:\/\/yoast.com\/wordpress\/plugins\/seo\/ -->\n<title>Gemeinsame Vision entwickeln - Denkraum 42<\/title>\n<meta name=\"description\" content=\"Wenn eine echte Vision vorhanden ist (im Gegensatz zu all den allseits bekannten Visionserkl\u00e4rungen) wachsen Menschen \u00fcber sich selbst hinaus.\" \/>\n<meta name=\"robots\" content=\"index, follow, max-snippet:-1, max-image-preview:large, max-video-preview:-1\" \/>\n<link rel=\"canonical\" href=\"https:\/\/denkraum42.de\/?page_id=227\" \/>\n<meta property=\"og:locale\" content=\"de_DE\" \/>\n<meta property=\"og:type\" content=\"article\" \/>\n<meta property=\"og:title\" content=\"Gemeinsame Vision entwickeln - Denkraum 42\" \/>\n<meta property=\"og:description\" content=\"Wenn eine echte Vision vorhanden ist (im Gegensatz zu all den allseits bekannten Visionserkl\u00e4rungen) wachsen Menschen \u00fcber sich selbst hinaus.\" \/>\n<meta property=\"og:url\" content=\"https:\/\/denkraum42.de\/?page_id=227\" \/>\n<meta property=\"og:site_name\" content=\"Denkraum 42\" \/>\n<meta property=\"og:image\" content=\"https:\/\/denkraum42.de\/wp-content\/uploads\/2024\/06\/background-5063860_1280.jpg\" \/>\n\t<meta property=\"og:image:width\" content=\"1280\" \/>\n\t<meta property=\"og:image:height\" content=\"853\" \/>\n\t<meta property=\"og:image:type\" content=\"image\/jpeg\" \/>\n<meta name=\"twitter:card\" content=\"summary_large_image\" \/>\n<meta name=\"twitter:label1\" content=\"Gesch\u00e4tzte Lesezeit\" \/>\n\t<meta name=\"twitter:data1\" content=\"1\u00a0Minute\" \/>\n<script type=\"application\/ld+json\" class=\"yoast-schema-graph\">{\"@context\":\"https:\/\/schema.org\",\"@graph\":[{\"@type\":\"WebPage\",\"@id\":\"https:\/\/denkraum42.de\/?page_id=227\",\"url\":\"https:\/\/denkraum42.de\/?page_id=227\",\"name\":\"Gemeinsame Vision entwickeln - Denkraum 42\",\"isPartOf\":{\"@id\":\"https:\/\/denkraum42.de\/#website\"},\"primaryImageOfPage\":{\"@id\":\"https:\/\/denkraum42.de\/?page_id=227#primaryimage\"},\"image\":{\"@id\":\"https:\/\/denkraum42.de\/?page_id=227#primaryimage\"},\"thumbnailUrl\":\"https:\/\/denkraum42.de\/wp-content\/uploads\/2024\/06\/background-5063860_1280.jpg\",\"datePublished\":\"2024-06-05T15:19:18+00:00\",\"dateModified\":\"2024-06-05T15:19:18+00:00\",\"description\":\"Wenn eine echte Vision vorhanden ist (im Gegensatz zu all den allseits bekannten Visionserkl\u00e4rungen) wachsen Menschen \u00fcber sich selbst hinaus.\",\"breadcrumb\":{\"@id\":\"https:\/\/denkraum42.de\/?page_id=227#breadcrumb\"},\"inLanguage\":\"de\",\"potentialAction\":[{\"@type\":\"ReadAction\",\"target\":[\"https:\/\/denkraum42.de\/?page_id=227\"]}]},{\"@type\":\"ImageObject\",\"inLanguage\":\"de\",\"@id\":\"https:\/\/denkraum42.de\/?page_id=227#primaryimage\",\"url\":\"https:\/\/denkraum42.de\/wp-content\/uploads\/2024\/06\/background-5063860_1280.jpg\",\"contentUrl\":\"https:\/\/denkraum42.de\/wp-content\/uploads\/2024\/06\/background-5063860_1280.jpg\",\"width\":1280,\"height\":853,\"caption\":\"Gemeinsame Vision\"},{\"@type\":\"BreadcrumbList\",\"@id\":\"https:\/\/denkraum42.de\/?page_id=227#breadcrumb\",\"itemListElement\":[{\"@type\":\"ListItem\",\"position\":1,\"name\":\"Startseite\",\"item\":\"https:\/\/denkraum42.de\/\"},{\"@type\":\"ListItem\",\"position\":2,\"name\":\"Gemeinsame Vision entwickeln\"}]},{\"@type\":\"WebSite\",\"@id\":\"https:\/\/denkraum42.de\/#website\",\"url\":\"https:\/\/denkraum42.de\/\",\"name\":\"Denkraum 42\",\"description\":\"Echte Transformation und integraler Wandel. Entwicklung evolution\u00e4r gestalten.\",\"publisher\":{\"@id\":\"https:\/\/denkraum42.de\/#organization\"},\"potentialAction\":[{\"@type\":\"SearchAction\",\"target\":{\"@type\":\"EntryPoint\",\"urlTemplate\":\"https:\/\/denkraum42.de\/?s={search_term_string}\"},\"query-input\":\"required name=search_term_string\"}],\"inLanguage\":\"de\"},{\"@type\":\"Organization\",\"@id\":\"https:\/\/denkraum42.de\/#organization\",\"name\":\"Denkraum 42\",\"url\":\"https:\/\/denkraum42.de\/\",\"logo\":{\"@type\":\"ImageObject\",\"inLanguage\":\"de\",\"@id\":\"https:\/\/denkraum42.de\/#\/schema\/logo\/image\/\",\"url\":\"https:\/\/denkraum42.de\/wp-content\/uploads\/2024\/05\/cropped-cropped-triskell-1193998_1920.png\",\"contentUrl\":\"https:\/\/denkraum42.de\/wp-content\/uploads\/2024\/05\/cropped-cropped-triskell-1193998_1920.png\",\"width\":250,\"height\":250,\"caption\":\"Denkraum 42\"},\"image\":{\"@id\":\"https:\/\/denkraum42.de\/#\/schema\/logo\/image\/\"}}]}<\/script>\n<!-- \/ Yoast SEO plugin. -->","yoast_head_json":{"title":"Gemeinsame Vision entwickeln - Denkraum 42","description":"Wenn eine echte Vision vorhanden ist (im Gegensatz zu all den allseits bekannten Visionserkl\u00e4rungen) wachsen Menschen \u00fcber sich selbst hinaus.","robots":{"index":"index","follow":"follow","max-snippet":"max-snippet:-1","max-image-preview":"max-image-preview:large","max-video-preview":"max-video-preview:-1"},"canonical":"https:\/\/denkraum42.de\/?page_id=227","og_locale":"de_DE","og_type":"article","og_title":"Gemeinsame Vision entwickeln - Denkraum 42","og_description":"Wenn eine echte Vision vorhanden ist (im Gegensatz zu all den allseits bekannten Visionserkl\u00e4rungen) wachsen Menschen \u00fcber sich selbst hinaus.","og_url":"https:\/\/denkraum42.de\/?page_id=227","og_site_name":"Denkraum 42","og_image":[{"width":1280,"height":853,"url":"https:\/\/denkraum42.de\/wp-content\/uploads\/2024\/06\/background-5063860_1280.jpg","type":"image\/jpeg"}],"twitter_card":"summary_large_image","twitter_misc":{"Gesch\u00e4tzte Lesezeit":"1\u00a0Minute"},"schema":{"@context":"https:\/\/schema.org","@graph":[{"@type":"WebPage","@id":"https:\/\/denkraum42.de\/?page_id=227","url":"https:\/\/denkraum42.de\/?page_id=227","name":"Gemeinsame Vision entwickeln - Denkraum 42","isPartOf":{"@id":"https:\/\/denkraum42.de\/#website"},"primaryImageOfPage":{"@id":"https:\/\/denkraum42.de\/?page_id=227#primaryimage"},"image":{"@id":"https:\/\/denkraum42.de\/?page_id=227#primaryimage"},"thumbnailUrl":"https:\/\/denkraum42.de\/wp-content\/uploads\/2024\/06\/background-5063860_1280.jpg","datePublished":"2024-06-05T15:19:18+00:00","dateModified":"2024-06-05T15:19:18+00:00","description":"Wenn eine echte Vision vorhanden ist (im Gegensatz zu all den allseits bekannten Visionserkl\u00e4rungen) wachsen Menschen \u00fcber sich selbst hinaus.","breadcrumb":{"@id":"https:\/\/denkraum42.de\/?page_id=227#breadcrumb"},"inLanguage":"de","potentialAction":[{"@type":"ReadAction","target":["https:\/\/denkraum42.de\/?page_id=227"]}]},{"@type":"ImageObject","inLanguage":"de","@id":"https:\/\/denkraum42.de\/?page_id=227#primaryimage","url":"https:\/\/denkraum42.de\/wp-content\/uploads\/2024\/06\/background-5063860_1280.jpg","contentUrl":"https:\/\/denkraum42.de\/wp-content\/uploads\/2024\/06\/background-5063860_1280.jpg","width":1280,"height":853,"caption":"Gemeinsame Vision"},{"@type":"BreadcrumbList","@id":"https:\/\/denkraum42.de\/?page_id=227#breadcrumb","itemListElement":[{"@type":"ListItem","position":1,"name":"Startseite","item":"https:\/\/denkraum42.de\/"},{"@type":"ListItem","position":2,"name":"Gemeinsame Vision entwickeln"}]},{"@type":"WebSite","@id":"https:\/\/denkraum42.de\/#website","url":"https:\/\/denkraum42.de\/","name":"Denkraum 42","description":"Echte Transformation und integraler Wandel. Entwicklung evolution\u00e4r gestalten.","publisher":{"@id":"https:\/\/denkraum42.de\/#organization"},"potentialAction":[{"@type":"SearchAction","target":{"@type":"EntryPoint","urlTemplate":"https:\/\/denkraum42.de\/?s={search_term_string}"},"query-input":"required name=search_term_string"}],"inLanguage":"de"},{"@type":"Organization","@id":"https:\/\/denkraum42.de\/#organization","name":"Denkraum 42","url":"https:\/\/denkraum42.de\/","logo":{"@type":"ImageObject","inLanguage":"de","@id":"https:\/\/denkraum42.de\/#\/schema\/logo\/image\/","url":"https:\/\/denkraum42.de\/wp-content\/uploads\/2024\/05\/cropped-cropped-triskell-1193998_1920.png","contentUrl":"https:\/\/denkraum42.de\/wp-content\/uploads\/2024\/05\/cropped-cropped-triskell-1193998_1920.png","width":250,"height":250,"caption":"Denkraum 42"},"image":{"@id":"https:\/\/denkraum42.de\/#\/schema\/logo\/image\/"}}]}},"_links":{"self":[{"href":"https:\/\/denkraum42.de\/index.php?rest_route=\/wp\/v2\/pages\/227","targetHints":{"allow":["GET"]}}],"collection":[{"href":"https:\/\/denkraum42.de\/index.php?rest_route=\/wp\/v2\/pages"}],"about":[{"href":"https:\/\/denkraum42.de\/index.php?rest_route=\/wp\/v2\/types\/page"}],"author":[{"embeddable":true,"href":"https:\/\/denkraum42.de\/index.php?rest_route=\/wp\/v2\/users\/1"}],"replies":[{"embeddable":true,"href":"https:\/\/denkraum42.de\/index.php?rest_route=%2Fwp%2Fv2%2Fcomments&post=227"}],"version-history":[{"count":1,"href":"https:\/\/denkraum42.de\/index.php?rest_route=\/wp\/v2\/pages\/227\/revisions"}],"predecessor-version":[{"id":228,"href":"https:\/\/denkraum42.de\/index.php?rest_route=\/wp\/v2\/pages\/227\/revisions\/228"}],"wp:featuredmedia":[{"embeddable":true,"href":"https:\/\/denkraum42.de\/index.php?rest_route=\/wp\/v2\/media\/206"}],"wp:attachment":[{"href":"https:\/\/denkraum42.de\/index.php?rest_route=%2Fwp%2Fv2%2Fmedia&parent=227"}],"curies":[{"name":"wp","href":"https:\/\/api.w.org\/{rel}","templated":true}]}}