{"id":273,"date":"2024-06-06T15:22:23","date_gmt":"2024-06-06T15:22:23","guid":{"rendered":"https:\/\/denkraum42.de\/?page_id=273"},"modified":"2025-03-20T13:18:40","modified_gmt":"2025-03-20T13:18:40","slug":"so-wird-verkauft","status":"publish","type":"page","link":"https:\/\/denkraum42.de\/?page_id=273","title":{"rendered":"Die Verkaufsrevolution: Mit Werten zum Gesch\u00e4ftserfolg"},"content":{"rendered":"\n<p><\/p>\n\n\n\n<p><strong>Entfesseln Sie das volle Potenzial Ihres Angebots!<\/strong><\/p>\n\n\n\n<p>Viele Soloselbst\u00e4ndige glauben, dass fachliche Kompetenz allein ausreicht, um erfolgreich zu sein. Doch das ist ein weit verbreiteter Irrtum! Selbst das beste Produkt wird wertlos, wenn es nicht verkauft werden kann. Wenn Sie denken, dass Verkaufsstrategien und -techniken \u00fcberfl\u00fcssig sind, dann stehen Sie vor einer entscheidenden Herausforderung.<\/p>\n\n\n\n<p>Um wirklich erfolgreich zu sein, m\u00fcssen Sie sich mit dem Thema kundengerechter Verkauf auseinandersetzen. Denn verkaufsorientiertes Handeln geht weit \u00fcber einfache Werbeanzeigen oder Plakate hinaus!<\/p>\n\n\n\n<h3 class=\"wp-block-heading\" id=\"in-diesem-seminar-erwarten-sie-spannende-lernerfolge\"><strong>In diesem Seminar erwarten Sie spannende Lernerfolge:<\/strong><\/h3>\n\n\n\n<ul class=\"wp-block-list\">\n<li><strong>Die Kunst effektiver Kommunikation<\/strong>: Lernen Sie, wie Sie Ihre Botschaften klar und \u00fcberzeugend vermitteln k\u00f6nnen.<\/li>\n\n\n\n<li><strong>Vertrauensvolle Beziehungen aufbauen<\/strong>: Entdecken Sie Techniken, um eine vertrauensvolle Verbindung zu Ihren Kunden herzustellen \u2013 denn Vertrauen ist der Schl\u00fcssel zum Verkaufserfolg.<\/li>\n\n\n\n<li><strong>Die Sprache der Sinne nutzen<\/strong>: Erfahren Sie, wie Sie alle Sinne ansprechen k\u00f6nnen, um Ihre Produkte unwiderstehlich zu machen.<\/li>\n\n\n\n<li><strong>Reframing und Einwandbehandlung<\/strong>: Meistern Sie die Kunst des Reframings und lernen Sie, Einw\u00e4nde souver\u00e4n zu behandeln.<\/li>\n\n\n\n<li><strong>Werteorientierter Verkauf<\/strong>: Verstehen Sie, wie Werte zu Wert f\u00fchren! Lernen Sie, wie Sie durch bewussten Verkauf \u00fcber Werte eine tiefere Verbindung zu Ihren Kunden aufbauen k\u00f6nnen.<\/li>\n\n\n\n<li><strong>Spiral Dynamics im Verkauf<\/strong>: Nutzen Sie moderne Ans\u00e4tze zur Werteorientierung im Verkaufsprozess und erkennen Sie den Wandel in der Beziehung zwischen Verk\u00e4ufer und Kunde.<\/li>\n<\/ul>\n\n\n\n<p>In den letzten 50 Jahren hat sich die Verkaufslandschaft stark ver\u00e4ndert. Wo fr\u00fcher pers\u00f6nliche Beziehungen im Vordergrund standen, verstehen sich Verk\u00e4ufer und Kunden heute als Partner auf Augenh\u00f6he. Dieses Seminar bef\u00e4higt Sie nicht nur dazu, diese Ver\u00e4nderungen zu erkennen, sondern auch aktiv darauf zu reagieren und Ihr Kundenumfeld fr\u00fchzeitig zu analysieren.<\/p>\n\n\n\n<h3 class=\"wp-block-heading\" id=\"fazit-fortsetzung\"><strong>Fazit <\/strong><\/h3>\n\n\n\n<p>Nach diesem Seminar werden Sie nicht nur die Grundlagen des Verkaufs meistern \u2013 sondern auch lernen, wie man mit Herz und Verstand verkauft! Verwandeln Sie Ihre Kunden in begeisterte Partner und schaffen Sie eine Atmosph\u00e4re, in der Verkauf nicht nur Pflicht, sondern Freude ist.<\/p>\n\n\n\n<p>Melden Sie sich jetzt an und entdecken Sie die Kunst des erfolgreichen Verkaufs. Lassen Sie uns gemeinsam daran arbeiten, Ihr Gesch\u00e4ft auf das n\u00e4chste Level zu heben!<\/p>\n\n\n\n<h2 class=\"wp-block-heading\"><\/h2>\n\n\n\n<p>Fakten<\/p>\n\n\n\n<p>Dauer des Seminars &#8211; 6 Tage verteilt auf Seminarbl\u00f6cke von 3&#215;2 Tagen im Abstand von 4 Wochen. Trainingszeit jeweils von 10 bis 18 Uhr mit einer Stunde Mittagspause<\/p>\n\n\n\n<p>Ebenso finden regelm\u00e4\u00dfige Zoom-Calls und Mentoringbegleitung statt.<\/p>\n\n\n\n<p>Die Termine werden incl. Starttermin in der Gruppe festgelegt.<\/p>\n\n\n\n<p>Kosten pro Person<\/p>\n\n\n\n<p>EUR 4.629,&#8211; von der Umsatzsteuer befreit<\/p>\n\n\n\n<p>Gruppengr\u00f6\u00dfe<\/p>\n\n\n\n<p>Training nur in Kleingruppen<\/p>\n\n\n\n<p>Neue Termine in Planung. Diese Termine werden nach Reservierungen in der Gruppe festgelegt.<\/p>\n\n\n\n<p>Das Seminar ist zu 90 Prozent \u00fcber den ESF refinanzierbar. Weitere Infos finden Sie <a href=\"https:\/\/denkraum42.de\/?page_id=151\">hier <\/a><\/p>\n\n\n\n<p>Das hei\u00dft ihr Eigenanteil betr\u00e4gt lediglich 462,90 EUR<\/p>\n\n\n\n<p>Sie m\u00f6chten mehr erfahren oder haben Fragen? Lassen Sie uns reden. Schreiben Sie mir einfach eine kurze Nachricht und buchen Sie sich einen kostenlosen Beratungstermin.<\/p>\n\n\n\n<div class=\"wp-block-buttons is-layout-flex wp-block-buttons-is-layout-flex\">\n<div class=\"wp-block-button\"><a class=\"wp-block-button__link wp-element-button\" href=\"https:\/\/calendly.com\/dialog-stoehr-hr\/impulsgespraech\">Jetzt Gespr\u00e4ch buchen<\/a><\/div>\n<\/div>\n","protected":false},"excerpt":{"rendered":"<p>Entfesseln Sie das volle Potenzial Ihres Angebots! Viele Soloselbst\u00e4ndige glauben, dass fachliche Kompetenz allein ausreicht, um erfolgreich zu sein. Doch das ist ein weit verbreiteter Irrtum! Selbst das beste Produkt wird wertlos, wenn es nicht verkauft werden kann. Wenn Sie denken, dass Verkaufsstrategien und -techniken \u00fcberfl\u00fcssig sind, dann stehen Sie vor einer entscheidenden Herausforderung. Um &hellip; <\/p>\n<p class=\"link-more\"><a href=\"https:\/\/denkraum42.de\/?page_id=273\" class=\"more-link\"><span class=\"screen-reader-text\">\u201eDie Verkaufsrevolution: Mit Werten zum Gesch\u00e4ftserfolg\u201c<\/span> weiterlesen<\/a><\/p>\n","protected":false},"author":1,"featured_media":274,"parent":0,"menu_order":0,"comment_status":"closed","ping_status":"closed","template":"","meta":{"footnotes":""},"class_list":["post-273","page","type-page","status-publish","has-post-thumbnail","hentry"],"yoast_head":"<!-- This site is optimized with the Yoast SEO plugin v22.6 - https:\/\/yoast.com\/wordpress\/plugins\/seo\/ -->\n<title>Die Verkaufsrevolution: Mit Werten zum Gesch\u00e4ftserfolg - Denkraum 42<\/title>\n<meta name=\"description\" content=\"Wenn Sie wirklich erfolgreich sein wollen, kommen Sie um das Thema kundengerechten Verkauf nicht drum rum.\" \/>\n<meta name=\"robots\" content=\"index, follow, max-snippet:-1, max-image-preview:large, max-video-preview:-1\" \/>\n<link rel=\"canonical\" href=\"https:\/\/denkraum42.de\/?page_id=273\" \/>\n<meta property=\"og:locale\" content=\"de_DE\" \/>\n<meta property=\"og:type\" content=\"article\" \/>\n<meta property=\"og:title\" content=\"Die Verkaufsrevolution: Mit Werten zum Gesch\u00e4ftserfolg - Denkraum 42\" \/>\n<meta property=\"og:description\" content=\"Wenn Sie wirklich erfolgreich sein wollen, kommen Sie um das Thema kundengerechten Verkauf nicht drum rum.\" \/>\n<meta property=\"og:url\" content=\"https:\/\/denkraum42.de\/?page_id=273\" \/>\n<meta property=\"og:site_name\" content=\"Denkraum 42\" \/>\n<meta property=\"article:modified_time\" content=\"2025-03-20T13:18:40+00:00\" \/>\n<meta property=\"og:image\" content=\"https:\/\/denkraum42.de\/wp-content\/uploads\/2024\/06\/fish-market-7519944_1280.jpg\" \/>\n\t<meta property=\"og:image:width\" content=\"1280\" \/>\n\t<meta property=\"og:image:height\" content=\"853\" \/>\n\t<meta property=\"og:image:type\" content=\"image\/jpeg\" \/>\n<meta name=\"twitter:card\" content=\"summary_large_image\" \/>\n<meta name=\"twitter:label1\" content=\"Gesch\u00e4tzte Lesezeit\" \/>\n\t<meta name=\"twitter:data1\" content=\"3\u00a0Minuten\" \/>\n<script type=\"application\/ld+json\" class=\"yoast-schema-graph\">{\"@context\":\"https:\/\/schema.org\",\"@graph\":[{\"@type\":\"WebPage\",\"@id\":\"https:\/\/denkraum42.de\/?page_id=273\",\"url\":\"https:\/\/denkraum42.de\/?page_id=273\",\"name\":\"Die Verkaufsrevolution: Mit Werten zum Gesch\u00e4ftserfolg - Denkraum 42\",\"isPartOf\":{\"@id\":\"https:\/\/denkraum42.de\/#website\"},\"primaryImageOfPage\":{\"@id\":\"https:\/\/denkraum42.de\/?page_id=273#primaryimage\"},\"image\":{\"@id\":\"https:\/\/denkraum42.de\/?page_id=273#primaryimage\"},\"thumbnailUrl\":\"https:\/\/denkraum42.de\/wp-content\/uploads\/2024\/06\/fish-market-7519944_1280.jpg\",\"datePublished\":\"2024-06-06T15:22:23+00:00\",\"dateModified\":\"2025-03-20T13:18:40+00:00\",\"description\":\"Wenn Sie wirklich erfolgreich sein wollen, kommen Sie um das Thema kundengerechten Verkauf nicht drum rum.\",\"breadcrumb\":{\"@id\":\"https:\/\/denkraum42.de\/?page_id=273#breadcrumb\"},\"inLanguage\":\"de\",\"potentialAction\":[{\"@type\":\"ReadAction\",\"target\":[\"https:\/\/denkraum42.de\/?page_id=273\"]}]},{\"@type\":\"ImageObject\",\"inLanguage\":\"de\",\"@id\":\"https:\/\/denkraum42.de\/?page_id=273#primaryimage\",\"url\":\"https:\/\/denkraum42.de\/wp-content\/uploads\/2024\/06\/fish-market-7519944_1280.jpg\",\"contentUrl\":\"https:\/\/denkraum42.de\/wp-content\/uploads\/2024\/06\/fish-market-7519944_1280.jpg\",\"width\":1280,\"height\":853,\"caption\":\"So wird verkauft\"},{\"@type\":\"BreadcrumbList\",\"@id\":\"https:\/\/denkraum42.de\/?page_id=273#breadcrumb\",\"itemListElement\":[{\"@type\":\"ListItem\",\"position\":1,\"name\":\"Startseite\",\"item\":\"https:\/\/denkraum42.de\/\"},{\"@type\":\"ListItem\",\"position\":2,\"name\":\"Die Verkaufsrevolution: Mit Werten zum Gesch\u00e4ftserfolg\"}]},{\"@type\":\"WebSite\",\"@id\":\"https:\/\/denkraum42.de\/#website\",\"url\":\"https:\/\/denkraum42.de\/\",\"name\":\"Denkraum 42\",\"description\":\"Echte Transformation und integraler Wandel. Entwicklung evolution\u00e4r gestalten.\",\"publisher\":{\"@id\":\"https:\/\/denkraum42.de\/#organization\"},\"potentialAction\":[{\"@type\":\"SearchAction\",\"target\":{\"@type\":\"EntryPoint\",\"urlTemplate\":\"https:\/\/denkraum42.de\/?s={search_term_string}\"},\"query-input\":\"required name=search_term_string\"}],\"inLanguage\":\"de\"},{\"@type\":\"Organization\",\"@id\":\"https:\/\/denkraum42.de\/#organization\",\"name\":\"Denkraum 42\",\"url\":\"https:\/\/denkraum42.de\/\",\"logo\":{\"@type\":\"ImageObject\",\"inLanguage\":\"de\",\"@id\":\"https:\/\/denkraum42.de\/#\/schema\/logo\/image\/\",\"url\":\"https:\/\/denkraum42.de\/wp-content\/uploads\/2024\/05\/cropped-cropped-triskell-1193998_1920.png\",\"contentUrl\":\"https:\/\/denkraum42.de\/wp-content\/uploads\/2024\/05\/cropped-cropped-triskell-1193998_1920.png\",\"width\":250,\"height\":250,\"caption\":\"Denkraum 42\"},\"image\":{\"@id\":\"https:\/\/denkraum42.de\/#\/schema\/logo\/image\/\"}}]}<\/script>\n<!-- \/ Yoast SEO plugin. -->","yoast_head_json":{"title":"Die Verkaufsrevolution: Mit Werten zum Gesch\u00e4ftserfolg - Denkraum 42","description":"Wenn Sie wirklich erfolgreich sein wollen, kommen Sie um das Thema kundengerechten Verkauf nicht drum rum.","robots":{"index":"index","follow":"follow","max-snippet":"max-snippet:-1","max-image-preview":"max-image-preview:large","max-video-preview":"max-video-preview:-1"},"canonical":"https:\/\/denkraum42.de\/?page_id=273","og_locale":"de_DE","og_type":"article","og_title":"Die Verkaufsrevolution: Mit Werten zum Gesch\u00e4ftserfolg - Denkraum 42","og_description":"Wenn Sie wirklich erfolgreich sein wollen, kommen Sie um das Thema kundengerechten Verkauf nicht drum rum.","og_url":"https:\/\/denkraum42.de\/?page_id=273","og_site_name":"Denkraum 42","article_modified_time":"2025-03-20T13:18:40+00:00","og_image":[{"width":1280,"height":853,"url":"https:\/\/denkraum42.de\/wp-content\/uploads\/2024\/06\/fish-market-7519944_1280.jpg","type":"image\/jpeg"}],"twitter_card":"summary_large_image","twitter_misc":{"Gesch\u00e4tzte Lesezeit":"3\u00a0Minuten"},"schema":{"@context":"https:\/\/schema.org","@graph":[{"@type":"WebPage","@id":"https:\/\/denkraum42.de\/?page_id=273","url":"https:\/\/denkraum42.de\/?page_id=273","name":"Die Verkaufsrevolution: Mit Werten zum Gesch\u00e4ftserfolg - Denkraum 42","isPartOf":{"@id":"https:\/\/denkraum42.de\/#website"},"primaryImageOfPage":{"@id":"https:\/\/denkraum42.de\/?page_id=273#primaryimage"},"image":{"@id":"https:\/\/denkraum42.de\/?page_id=273#primaryimage"},"thumbnailUrl":"https:\/\/denkraum42.de\/wp-content\/uploads\/2024\/06\/fish-market-7519944_1280.jpg","datePublished":"2024-06-06T15:22:23+00:00","dateModified":"2025-03-20T13:18:40+00:00","description":"Wenn Sie wirklich erfolgreich sein wollen, kommen Sie um das Thema kundengerechten Verkauf nicht drum rum.","breadcrumb":{"@id":"https:\/\/denkraum42.de\/?page_id=273#breadcrumb"},"inLanguage":"de","potentialAction":[{"@type":"ReadAction","target":["https:\/\/denkraum42.de\/?page_id=273"]}]},{"@type":"ImageObject","inLanguage":"de","@id":"https:\/\/denkraum42.de\/?page_id=273#primaryimage","url":"https:\/\/denkraum42.de\/wp-content\/uploads\/2024\/06\/fish-market-7519944_1280.jpg","contentUrl":"https:\/\/denkraum42.de\/wp-content\/uploads\/2024\/06\/fish-market-7519944_1280.jpg","width":1280,"height":853,"caption":"So wird verkauft"},{"@type":"BreadcrumbList","@id":"https:\/\/denkraum42.de\/?page_id=273#breadcrumb","itemListElement":[{"@type":"ListItem","position":1,"name":"Startseite","item":"https:\/\/denkraum42.de\/"},{"@type":"ListItem","position":2,"name":"Die Verkaufsrevolution: Mit Werten zum Gesch\u00e4ftserfolg"}]},{"@type":"WebSite","@id":"https:\/\/denkraum42.de\/#website","url":"https:\/\/denkraum42.de\/","name":"Denkraum 42","description":"Echte Transformation und integraler Wandel. Entwicklung evolution\u00e4r gestalten.","publisher":{"@id":"https:\/\/denkraum42.de\/#organization"},"potentialAction":[{"@type":"SearchAction","target":{"@type":"EntryPoint","urlTemplate":"https:\/\/denkraum42.de\/?s={search_term_string}"},"query-input":"required name=search_term_string"}],"inLanguage":"de"},{"@type":"Organization","@id":"https:\/\/denkraum42.de\/#organization","name":"Denkraum 42","url":"https:\/\/denkraum42.de\/","logo":{"@type":"ImageObject","inLanguage":"de","@id":"https:\/\/denkraum42.de\/#\/schema\/logo\/image\/","url":"https:\/\/denkraum42.de\/wp-content\/uploads\/2024\/05\/cropped-cropped-triskell-1193998_1920.png","contentUrl":"https:\/\/denkraum42.de\/wp-content\/uploads\/2024\/05\/cropped-cropped-triskell-1193998_1920.png","width":250,"height":250,"caption":"Denkraum 42"},"image":{"@id":"https:\/\/denkraum42.de\/#\/schema\/logo\/image\/"}}]}},"_links":{"self":[{"href":"https:\/\/denkraum42.de\/index.php?rest_route=\/wp\/v2\/pages\/273","targetHints":{"allow":["GET"]}}],"collection":[{"href":"https:\/\/denkraum42.de\/index.php?rest_route=\/wp\/v2\/pages"}],"about":[{"href":"https:\/\/denkraum42.de\/index.php?rest_route=\/wp\/v2\/types\/page"}],"author":[{"embeddable":true,"href":"https:\/\/denkraum42.de\/index.php?rest_route=\/wp\/v2\/users\/1"}],"replies":[{"embeddable":true,"href":"https:\/\/denkraum42.de\/index.php?rest_route=%2Fwp%2Fv2%2Fcomments&post=273"}],"version-history":[{"count":5,"href":"https:\/\/denkraum42.de\/index.php?rest_route=\/wp\/v2\/pages\/273\/revisions"}],"predecessor-version":[{"id":602,"href":"https:\/\/denkraum42.de\/index.php?rest_route=\/wp\/v2\/pages\/273\/revisions\/602"}],"wp:featuredmedia":[{"embeddable":true,"href":"https:\/\/denkraum42.de\/index.php?rest_route=\/wp\/v2\/media\/274"}],"wp:attachment":[{"href":"https:\/\/denkraum42.de\/index.php?rest_route=%2Fwp%2Fv2%2Fmedia&parent=273"}],"curies":[{"name":"wp","href":"https:\/\/api.w.org\/{rel}","templated":true}]}}