{"id":277,"date":"2024-06-06T15:27:28","date_gmt":"2024-06-06T15:27:28","guid":{"rendered":"https:\/\/denkraum42.de\/?page_id=277"},"modified":"2025-03-16T12:30:15","modified_gmt":"2025-03-16T12:30:15","slug":"keine-angst-vor-der-akquise","status":"publish","type":"page","link":"https:\/\/denkraum42.de\/?page_id=277","title":{"rendered":"Aktive Akquise: Ihre Schl\u00fcsselkompetenz f\u00fcr nachhaltigen Erfolg"},"content":{"rendered":"\n<h3 class=\"wp-block-heading\" id=\"titel-\u201eaktive-akquise-ihre-schl\u00fcsselkompetenz-f\u00fcr-nachhaltigen-erfolg\u201c\"><strong>Aktive Akquise: Ihre Schl\u00fcsselkompetenz f\u00fcr nachhaltigen Erfolg<\/strong><\/h3>\n\n\n\n<p><strong>Entfesseln Sie Ihr Verkaufstalent!<\/strong><\/p>\n\n\n\n<p>Das Wort \u201eAkquise\u201c kann bei vielen Soloselbst\u00e4ndigen Schwei\u00dfperlen auf die Stirn treiben. Doch was w\u00e4re, wenn Sie diese Herausforderung nicht nur meistern, sondern auch als Chance zur pers\u00f6nlichen und gesch\u00e4ftlichen Weiterentwicklung nutzen k\u00f6nnten?<\/p>\n\n\n\n<p>In meiner Erfahrung als Coach habe ich oft beobachtet, dass viele Soloselbst\u00e4ndige in der Lage sind, f\u00fcr andere Akquise zu betreiben, aber Schwierigkeiten haben, dies f\u00fcr sich selbst zu tun. Akquise wird oft als \u201eKlinkenputzen\u201c abgetan \u2013 doch in Wahrheit ist sie die \u201eK\u00f6nigsdisziplin im Verkauf\u201c.<\/p>\n\n\n\n<h3 class=\"wp-block-heading\" id=\"in-diesem-seminar-erwarten-sie-spannende-lernerfolge\"><strong>In diesem Seminar erwarten Sie spannende Lernerfolge:<\/strong><\/h3>\n\n\n\n<ul class=\"wp-block-list\">\n<li><strong>Selbstreflexion<\/strong>: Erkennen Sie Ihre eigene Einstellung zur Akquise und lernen Sie, diese positiv zu ver\u00e4ndern. Entdecken Sie, wie Ihre Gedanken Ihre Ergebnisse beeinflussen!<\/li>\n\n\n\n<li><strong>Angstabbau &amp; Mutaufbau<\/strong>: Entwickeln Sie effektive Strategien zum Abbau von \u00c4ngsten und Stress. Lernen Sie, wie Sie mit Ablehnung umgehen k\u00f6nnen und dabei gest\u00e4rkt hervorgehen.<\/li>\n\n\n\n<li><strong>Pers\u00f6nliche Wirkung<\/strong>: Nutzen Sie Ihre individuelle Pers\u00f6nlichkeit als Verkaufsinstrument! Erfahren Sie, wie Authentizit\u00e4t und Charisma Ihnen helfen k\u00f6nnen, Ihr Unternehmen ins Gespr\u00e4ch zu bringen.<\/li>\n\n\n\n<li><strong>Kundenakquise leicht gemacht<\/strong>: Lernen Sie bew\u00e4hrte Techniken zur Gewinnung neuer Kunden und aktivieren Sie bestehende Kundenbeziehungen durch gezielte Ansprache.<\/li>\n\n\n\n<li><strong>Cross-Selling &amp; Empfehlungen<\/strong>: Entdecken Sie die Kunst des Cross-Sellings und wie Sie durch Empfehlungen Ihrer zufriedenen Kunden neue Gesch\u00e4ftsm\u00f6glichkeiten erschlie\u00dfen k\u00f6nnen.<\/li>\n<\/ul>\n\n\n\n<h3 class=\"wp-block-heading\" id=\"fazit\"><strong>Fazit<\/strong><\/h3>\n\n\n\n<p>Nach diesem Seminar werden Sie nicht nur die Angst vor der Akquise hinter sich lassen \u2013 Sie werden sie als wertvolle M\u00f6glichkeit erkennen, Ihr Gesch\u00e4ft auf das n\u00e4chste Level zu heben. Verwandeln Sie Unsicherheiten in Selbstbewusstsein und machen Sie aktive Akquise zu Ihrer neuen St\u00e4rke!<\/p>\n\n\n\n<p>Melden Sie sich jetzt an und starten Sie Ihre Reise zu mehr Erfolg durch aktive Akquise!<\/p>\n\n\n\n<p>Fakten<\/p>\n\n\n\n<p>Dauer des Seminars \u2013 3 Tage verteilt jeweils von 10 bis 18 Uhr mit einer Stunde Mittagspause<\/p>\n\n\n\n<p>Kosten pro Person<\/p>\n\n\n\n<p>EUR 2.379,\u2013 von der Umsatzsteuer befreit<\/p>\n\n\n\n<p>Gruppengr\u00f6\u00dfe: Training nur in Kleingruppen<\/p>\n\n\n\n<p>Das Seminar kann zu 90 Prozent \u00fcber das <a href=\"https:\/\/denkraum42.de\/?page_id=151\">Programm Kompass<\/a> refinanziert werden. <\/p>\n\n\n\n<p><\/p>\n\n\n\n<p>Sie m\u00f6chten mehr erfahren oder haben Fragen? Lassen Sie uns reden. Schreiben Sie mir einfach eine kurze Nachricht und buchen Sie sich einen kostenlosen Beratungstermin.<\/p>\n\n\n\n<div class=\"wp-block-buttons is-content-justification-center is-layout-flex wp-container-core-buttons-is-layout-16018d1d wp-block-buttons-is-layout-flex\">\n<div class=\"wp-block-button\"><a class=\"wp-block-button__link wp-element-button\" href=\"https:\/\/calendly.com\/dialog-stoehr-hr\/impulsgespraech\">Jetzt Gespr\u00e4ch buchen<\/a><\/div>\n<\/div>\n","protected":false},"excerpt":{"rendered":"<p>Aktive Akquise: Ihre Schl\u00fcsselkompetenz f\u00fcr nachhaltigen Erfolg Entfesseln Sie Ihr Verkaufstalent! Das Wort \u201eAkquise\u201c kann bei vielen Soloselbst\u00e4ndigen Schwei\u00dfperlen auf die Stirn treiben. Doch was w\u00e4re, wenn Sie diese Herausforderung nicht nur meistern, sondern auch als Chance zur pers\u00f6nlichen und gesch\u00e4ftlichen Weiterentwicklung nutzen k\u00f6nnten? In meiner Erfahrung als Coach habe ich oft beobachtet, dass viele &hellip; <\/p>\n<p class=\"link-more\"><a href=\"https:\/\/denkraum42.de\/?page_id=277\" class=\"more-link\"><span class=\"screen-reader-text\">\u201eAktive Akquise: Ihre Schl\u00fcsselkompetenz f\u00fcr nachhaltigen Erfolg\u201c<\/span> weiterlesen<\/a><\/p>\n","protected":false},"author":1,"featured_media":278,"parent":0,"menu_order":0,"comment_status":"closed","ping_status":"closed","template":"","meta":{"footnotes":""},"class_list":["post-277","page","type-page","status-publish","has-post-thumbnail","hentry"],"yoast_head":"<!-- This site is optimized with the Yoast SEO plugin v22.6 - https:\/\/yoast.com\/wordpress\/plugins\/seo\/ -->\n<title>Aktive Akquise: Ihre Schl\u00fcsselkompetenz f\u00fcr nachhaltigen Erfolg - Denkraum 42<\/title>\n<meta name=\"description\" content=\"Nach diesem Seminar werden Sie nicht nur die Angst vor der Akquise hinter sich lassen \u2013 Sie werden sie als wertvolle M\u00f6glichkeit erkennen, Ihr Gesch\u00e4ft auf das n\u00e4chste Level zu heben. Verwandeln Sie Unsicherheiten in Selbstbewusstsein und machen Sie aktive Akquise zu Ihrer neuen St\u00e4rke!\" \/>\n<meta name=\"robots\" content=\"index, follow, max-snippet:-1, max-image-preview:large, max-video-preview:-1\" \/>\n<link rel=\"canonical\" href=\"https:\/\/denkraum42.de\/?page_id=277\" \/>\n<meta property=\"og:locale\" content=\"de_DE\" \/>\n<meta property=\"og:type\" content=\"article\" \/>\n<meta property=\"og:title\" content=\"Aktive Akquise: Ihre Schl\u00fcsselkompetenz f\u00fcr nachhaltigen Erfolg - Denkraum 42\" \/>\n<meta property=\"og:description\" content=\"Nach diesem Seminar werden Sie nicht nur die Angst vor der Akquise hinter sich lassen \u2013 Sie werden sie als wertvolle M\u00f6glichkeit erkennen, Ihr Gesch\u00e4ft auf das n\u00e4chste Level zu heben. Verwandeln Sie Unsicherheiten in Selbstbewusstsein und machen Sie aktive Akquise zu Ihrer neuen St\u00e4rke!\" \/>\n<meta property=\"og:url\" content=\"https:\/\/denkraum42.de\/?page_id=277\" \/>\n<meta property=\"og:site_name\" content=\"Denkraum 42\" \/>\n<meta property=\"article:modified_time\" content=\"2025-03-16T12:30:15+00:00\" \/>\n<meta property=\"og:image\" content=\"https:\/\/denkraum42.de\/wp-content\/uploads\/2024\/06\/telephone-450639_1280.jpg\" \/>\n\t<meta property=\"og:image:width\" content=\"1280\" \/>\n\t<meta property=\"og:image:height\" content=\"869\" \/>\n\t<meta property=\"og:image:type\" content=\"image\/jpeg\" \/>\n<meta name=\"twitter:card\" content=\"summary_large_image\" \/>\n<meta name=\"twitter:label1\" content=\"Gesch\u00e4tzte Lesezeit\" \/>\n\t<meta name=\"twitter:data1\" content=\"3\u00a0Minuten\" \/>\n<script type=\"application\/ld+json\" class=\"yoast-schema-graph\">{\"@context\":\"https:\/\/schema.org\",\"@graph\":[{\"@type\":\"WebPage\",\"@id\":\"https:\/\/denkraum42.de\/?page_id=277\",\"url\":\"https:\/\/denkraum42.de\/?page_id=277\",\"name\":\"Aktive Akquise: Ihre Schl\u00fcsselkompetenz f\u00fcr nachhaltigen Erfolg - Denkraum 42\",\"isPartOf\":{\"@id\":\"https:\/\/denkraum42.de\/#website\"},\"primaryImageOfPage\":{\"@id\":\"https:\/\/denkraum42.de\/?page_id=277#primaryimage\"},\"image\":{\"@id\":\"https:\/\/denkraum42.de\/?page_id=277#primaryimage\"},\"thumbnailUrl\":\"https:\/\/denkraum42.de\/wp-content\/uploads\/2024\/06\/telephone-450639_1280.jpg\",\"datePublished\":\"2024-06-06T15:27:28+00:00\",\"dateModified\":\"2025-03-16T12:30:15+00:00\",\"description\":\"Nach diesem Seminar werden Sie nicht nur die Angst vor der Akquise hinter sich lassen \u2013 Sie werden sie als wertvolle M\u00f6glichkeit erkennen, Ihr Gesch\u00e4ft auf das n\u00e4chste Level zu heben. Verwandeln Sie Unsicherheiten in Selbstbewusstsein und machen Sie aktive Akquise zu Ihrer neuen St\u00e4rke!\",\"breadcrumb\":{\"@id\":\"https:\/\/denkraum42.de\/?page_id=277#breadcrumb\"},\"inLanguage\":\"de\",\"potentialAction\":[{\"@type\":\"ReadAction\",\"target\":[\"https:\/\/denkraum42.de\/?page_id=277\"]}]},{\"@type\":\"ImageObject\",\"inLanguage\":\"de\",\"@id\":\"https:\/\/denkraum42.de\/?page_id=277#primaryimage\",\"url\":\"https:\/\/denkraum42.de\/wp-content\/uploads\/2024\/06\/telephone-450639_1280.jpg\",\"contentUrl\":\"https:\/\/denkraum42.de\/wp-content\/uploads\/2024\/06\/telephone-450639_1280.jpg\",\"width\":1280,\"height\":869,\"caption\":\"Keine Angst vor der Akquise\"},{\"@type\":\"BreadcrumbList\",\"@id\":\"https:\/\/denkraum42.de\/?page_id=277#breadcrumb\",\"itemListElement\":[{\"@type\":\"ListItem\",\"position\":1,\"name\":\"Startseite\",\"item\":\"https:\/\/denkraum42.de\/\"},{\"@type\":\"ListItem\",\"position\":2,\"name\":\"Aktive Akquise: Ihre Schl\u00fcsselkompetenz f\u00fcr nachhaltigen Erfolg\"}]},{\"@type\":\"WebSite\",\"@id\":\"https:\/\/denkraum42.de\/#website\",\"url\":\"https:\/\/denkraum42.de\/\",\"name\":\"Denkraum 42\",\"description\":\"Echte Transformation und integraler Wandel. Entwicklung evolution\u00e4r gestalten.\",\"publisher\":{\"@id\":\"https:\/\/denkraum42.de\/#organization\"},\"potentialAction\":[{\"@type\":\"SearchAction\",\"target\":{\"@type\":\"EntryPoint\",\"urlTemplate\":\"https:\/\/denkraum42.de\/?s={search_term_string}\"},\"query-input\":\"required name=search_term_string\"}],\"inLanguage\":\"de\"},{\"@type\":\"Organization\",\"@id\":\"https:\/\/denkraum42.de\/#organization\",\"name\":\"Denkraum 42\",\"url\":\"https:\/\/denkraum42.de\/\",\"logo\":{\"@type\":\"ImageObject\",\"inLanguage\":\"de\",\"@id\":\"https:\/\/denkraum42.de\/#\/schema\/logo\/image\/\",\"url\":\"https:\/\/denkraum42.de\/wp-content\/uploads\/2024\/05\/cropped-cropped-triskell-1193998_1920.png\",\"contentUrl\":\"https:\/\/denkraum42.de\/wp-content\/uploads\/2024\/05\/cropped-cropped-triskell-1193998_1920.png\",\"width\":250,\"height\":250,\"caption\":\"Denkraum 42\"},\"image\":{\"@id\":\"https:\/\/denkraum42.de\/#\/schema\/logo\/image\/\"}}]}<\/script>\n<!-- \/ Yoast SEO plugin. -->","yoast_head_json":{"title":"Aktive Akquise: Ihre Schl\u00fcsselkompetenz f\u00fcr nachhaltigen Erfolg - Denkraum 42","description":"Nach diesem Seminar werden Sie nicht nur die Angst vor der Akquise hinter sich lassen \u2013 Sie werden sie als wertvolle M\u00f6glichkeit erkennen, Ihr Gesch\u00e4ft auf das n\u00e4chste Level zu heben. Verwandeln Sie Unsicherheiten in Selbstbewusstsein und machen Sie aktive Akquise zu Ihrer neuen St\u00e4rke!","robots":{"index":"index","follow":"follow","max-snippet":"max-snippet:-1","max-image-preview":"max-image-preview:large","max-video-preview":"max-video-preview:-1"},"canonical":"https:\/\/denkraum42.de\/?page_id=277","og_locale":"de_DE","og_type":"article","og_title":"Aktive Akquise: Ihre Schl\u00fcsselkompetenz f\u00fcr nachhaltigen Erfolg - Denkraum 42","og_description":"Nach diesem Seminar werden Sie nicht nur die Angst vor der Akquise hinter sich lassen \u2013 Sie werden sie als wertvolle M\u00f6glichkeit erkennen, Ihr Gesch\u00e4ft auf das n\u00e4chste Level zu heben. Verwandeln Sie Unsicherheiten in Selbstbewusstsein und machen Sie aktive Akquise zu Ihrer neuen St\u00e4rke!","og_url":"https:\/\/denkraum42.de\/?page_id=277","og_site_name":"Denkraum 42","article_modified_time":"2025-03-16T12:30:15+00:00","og_image":[{"width":1280,"height":869,"url":"https:\/\/denkraum42.de\/wp-content\/uploads\/2024\/06\/telephone-450639_1280.jpg","type":"image\/jpeg"}],"twitter_card":"summary_large_image","twitter_misc":{"Gesch\u00e4tzte Lesezeit":"3\u00a0Minuten"},"schema":{"@context":"https:\/\/schema.org","@graph":[{"@type":"WebPage","@id":"https:\/\/denkraum42.de\/?page_id=277","url":"https:\/\/denkraum42.de\/?page_id=277","name":"Aktive Akquise: Ihre Schl\u00fcsselkompetenz f\u00fcr nachhaltigen Erfolg - Denkraum 42","isPartOf":{"@id":"https:\/\/denkraum42.de\/#website"},"primaryImageOfPage":{"@id":"https:\/\/denkraum42.de\/?page_id=277#primaryimage"},"image":{"@id":"https:\/\/denkraum42.de\/?page_id=277#primaryimage"},"thumbnailUrl":"https:\/\/denkraum42.de\/wp-content\/uploads\/2024\/06\/telephone-450639_1280.jpg","datePublished":"2024-06-06T15:27:28+00:00","dateModified":"2025-03-16T12:30:15+00:00","description":"Nach diesem Seminar werden Sie nicht nur die Angst vor der Akquise hinter sich lassen \u2013 Sie werden sie als wertvolle M\u00f6glichkeit erkennen, Ihr Gesch\u00e4ft auf das n\u00e4chste Level zu heben. Verwandeln Sie Unsicherheiten in Selbstbewusstsein und machen Sie aktive Akquise zu Ihrer neuen St\u00e4rke!","breadcrumb":{"@id":"https:\/\/denkraum42.de\/?page_id=277#breadcrumb"},"inLanguage":"de","potentialAction":[{"@type":"ReadAction","target":["https:\/\/denkraum42.de\/?page_id=277"]}]},{"@type":"ImageObject","inLanguage":"de","@id":"https:\/\/denkraum42.de\/?page_id=277#primaryimage","url":"https:\/\/denkraum42.de\/wp-content\/uploads\/2024\/06\/telephone-450639_1280.jpg","contentUrl":"https:\/\/denkraum42.de\/wp-content\/uploads\/2024\/06\/telephone-450639_1280.jpg","width":1280,"height":869,"caption":"Keine Angst vor der Akquise"},{"@type":"BreadcrumbList","@id":"https:\/\/denkraum42.de\/?page_id=277#breadcrumb","itemListElement":[{"@type":"ListItem","position":1,"name":"Startseite","item":"https:\/\/denkraum42.de\/"},{"@type":"ListItem","position":2,"name":"Aktive Akquise: Ihre Schl\u00fcsselkompetenz f\u00fcr nachhaltigen Erfolg"}]},{"@type":"WebSite","@id":"https:\/\/denkraum42.de\/#website","url":"https:\/\/denkraum42.de\/","name":"Denkraum 42","description":"Echte Transformation und integraler Wandel. Entwicklung evolution\u00e4r gestalten.","publisher":{"@id":"https:\/\/denkraum42.de\/#organization"},"potentialAction":[{"@type":"SearchAction","target":{"@type":"EntryPoint","urlTemplate":"https:\/\/denkraum42.de\/?s={search_term_string}"},"query-input":"required name=search_term_string"}],"inLanguage":"de"},{"@type":"Organization","@id":"https:\/\/denkraum42.de\/#organization","name":"Denkraum 42","url":"https:\/\/denkraum42.de\/","logo":{"@type":"ImageObject","inLanguage":"de","@id":"https:\/\/denkraum42.de\/#\/schema\/logo\/image\/","url":"https:\/\/denkraum42.de\/wp-content\/uploads\/2024\/05\/cropped-cropped-triskell-1193998_1920.png","contentUrl":"https:\/\/denkraum42.de\/wp-content\/uploads\/2024\/05\/cropped-cropped-triskell-1193998_1920.png","width":250,"height":250,"caption":"Denkraum 42"},"image":{"@id":"https:\/\/denkraum42.de\/#\/schema\/logo\/image\/"}}]}},"_links":{"self":[{"href":"https:\/\/denkraum42.de\/index.php?rest_route=\/wp\/v2\/pages\/277","targetHints":{"allow":["GET"]}}],"collection":[{"href":"https:\/\/denkraum42.de\/index.php?rest_route=\/wp\/v2\/pages"}],"about":[{"href":"https:\/\/denkraum42.de\/index.php?rest_route=\/wp\/v2\/types\/page"}],"author":[{"embeddable":true,"href":"https:\/\/denkraum42.de\/index.php?rest_route=\/wp\/v2\/users\/1"}],"replies":[{"embeddable":true,"href":"https:\/\/denkraum42.de\/index.php?rest_route=%2Fwp%2Fv2%2Fcomments&post=277"}],"version-history":[{"count":5,"href":"https:\/\/denkraum42.de\/index.php?rest_route=\/wp\/v2\/pages\/277\/revisions"}],"predecessor-version":[{"id":586,"href":"https:\/\/denkraum42.de\/index.php?rest_route=\/wp\/v2\/pages\/277\/revisions\/586"}],"wp:featuredmedia":[{"embeddable":true,"href":"https:\/\/denkraum42.de\/index.php?rest_route=\/wp\/v2\/media\/278"}],"wp:attachment":[{"href":"https:\/\/denkraum42.de\/index.php?rest_route=%2Fwp%2Fv2%2Fmedia&parent=277"}],"curies":[{"name":"wp","href":"https:\/\/api.w.org\/{rel}","templated":true}]}}