{"id":286,"date":"2024-06-06T15:39:49","date_gmt":"2024-06-06T15:39:49","guid":{"rendered":"https:\/\/denkraum42.de\/?page_id=286"},"modified":"2025-03-20T13:20:28","modified_gmt":"2025-03-20T13:20:28","slug":"moneymind-mein-geld-und-ich-eine-schwierige-beziehung","status":"publish","type":"page","link":"https:\/\/denkraum42.de\/?page_id=286","title":{"rendered":"Moneymind \u2013 Mein Geld und ich, eine schwierige Beziehung"},"content":{"rendered":"\n<h1 class=\"wp-block-heading\"><br><br><strong>Entdecken Sie die transformative Kraft Ihrer Beziehung zu Geld!<\/strong><\/h1>\n\n\n\n<h3 class=\"wp-block-heading\"><br>Haben Sie das Gef\u00fchl, dass Geld Ihnen st\u00e4ndig entgleitet? Oder rennen Sie unerm\u00fcdlich hinterher, ohne jemals wirklich anzukommen? Vielleicht haben Sie sogar finanzielle Mittel, zahlen daf\u00fcr aber einen hohen Preis in Form von Stress und Unzufriedenheit. Egal, wo Sie stehen \u2013 ob in der Schuldenfalle oder im \u00dcberfluss \u2013 Ihre finanzielle Situation sagt nichts \u00fcber Ihren Wert oder Ihre Erfolge aus.<br><br>In unserem Seminar \u201eMoneymind \u2013 Mein Geld und ich\u201c laden wir Sie ein, die verborgenen Spielregeln und Zusammenh\u00e4nge rund um Geld zu entdecken. Lernen Sie, wie Ihre unbewussten Glaubenss\u00e4tze und Emotionen Ihre finanzielle Realit\u00e4t beeinflussen. Geld wurde einst als einfaches Mittel geschaffen, um den Austausch von Waren und Dienstleistungen zu erleichtern \u2013 ein Ausdruck von Dankbarkeit und Wertsch\u00e4tzung. Doch heute ist es oft mit negativen Gedankenmustern behaftet.<\/h3>\n\n\n\n<p><\/p>\n\n\n\n<h2 class=\"wp-block-heading\">Erfahren Sie, wie Sie diese hinderlichen Glaubenss\u00e4tze aufl\u00f6sen k\u00f6nnen und eine gesunde, positive Beziehung zu Geld aufbauen. Verstehen Sie den tiefen Zusammenhang zwischen Ihrem Denken und Ihrem Kontostand und transformieren Sie Ihr finanzielles Leben nachhaltig.<\/h2>\n\n\n\n<h1 class=\"wp-block-heading\">Melden Sie sich jetzt an und beginnen Sie Ihre Reise zu einem erf\u00fcllten und finanziell freien Leben!<br><br><strong>Ver\u00e4ndern Sie Ihre finanzielle Zukunft \u2013 Psychologie des Geldes verstehen!<\/strong><\/h1>\n\n\n\n<p><\/p>\n\n\n\n<p><\/p>\n\n\n\n<p>Wussten Sie, dass der psychologische Aspekt im Umgang mit Geld entscheidender ist als jeder Kapitalanlagetipp oder Spartipp? In unserem Seminar \u201eMoneymind \u2013 Mein Geld und ich\u201c gehen wir tief in die Materie und zeigen Ihnen, wie Sie Ihre Denkweise \u00fcber Geld revolutionieren k\u00f6nnen.<\/p>\n\n\n\n<p>Erfahren Sie, warum unser Gehirn immer wieder die gleichen finanziellen Ergebnisse produziert \u2013 ein faszinierendes Konzept, das wir als Neurofinance bezeichnen. Entdecken Sie, warum wir oft nicht das erhalten, was wir verdienen, sondern nur das, was wir verhandeln. Besonders Frauen neigen dazu, sich unter Wert zu verkaufen oder ihre Rechnungen nachtr\u00e4glich zu reduzieren. Wir helfen Ihnen, diese Muster zu durchbrechen!<\/p>\n\n\n\n<p><\/p>\n\n\n\n<p>In diesem Seminar lernen Sie:<\/p>\n\n\n\n<ul class=\"wp-block-list\">\n<li>Die psychologischen Faktoren rund um Geld zu erkennen und zu verstehen<\/li>\n\n\n\n<li>Ein gesundes Verh\u00e4ltnis zu Geld aufzubauen und Ihren Wohlstand aktiv zu gestalten<\/li>\n\n\n\n<li>Aus der F\u00fclle zu sch\u00f6pfen anstatt aus dem Mangel<\/li>\n\n\n\n<li>Strategien zur Schaffung eines florierenden Business und Verm\u00f6gens<\/li>\n\n\n\n<li>Verschiedene Modelle f\u00fcr den Aufbau von Reichtum kennenzulernen (Profit First, 10 Prozent Regel, 5 Konten-System oder Ihr individuelles Modell)<\/li>\n<\/ul>\n\n\n\n<h2 class=\"wp-block-heading\">Am Ende des Seminars werden die Teilnehmer:<\/h2>\n\n\n\n<p>Mit einem klaren Aktionsplan ausgestattet sein, um ihre Ziele in der F\u00fclle zu verwirklichen.<\/p>\n\n\n\n<p>Ein tiefes Verst\u00e4ndnis f\u00fcr ihre eigenen Glaubenss\u00e4tze \u00fcber Geld und F\u00fclle entwickelt haben.<\/p>\n\n\n\n<p>Konkrete Strategien zur \u00dcberwindung von Mangeldenken erlernt haben.<\/p>\n\n\n\n<p>Praktische Werkzeuge zur F\u00f6rderung einer F\u00fclledenkweise in ihrem Alltag mitnehmen.<\/p>\n\n\n\n<p>Ein unterst\u00fctzendes Netzwerk von Gleichgesinnten aufgebaut haben, um ihre Transformation fortzusetzen.<\/p>\n\n\n\n<p>Nutzen Sie die Chance, Ihre Beziehung zu Geld neu zu definieren und Ihre finanzielle Realit\u00e4t nachhaltig zu ver\u00e4ndern. Melden Sie sich jetzt an und starten Sie in eine Zukunft voller F\u00fclle und Selbstbewusstsein!<\/p>\n\n\n\n<p><\/p>\n\n\n\n<p>Dauer des Seminars &#8211; 6 Tage verteilt auf Seminarbl\u00f6cke von 3&#215;2 Tagen im Abstand von 4 Wochen. Trainingszeit jeweils von 10 bis 18 Uhr mit einer Stunde Mittagspause<\/p>\n\n\n\n<p>Ebenso finden regelm\u00e4\u00dfige Zoom-Calls und Mentoringbegleitung statt.<\/p>\n\n\n\n<p>Die Termine werden incl. Starttermin in der Gruppe festgelegt.<\/p>\n\n\n\n<p>Kosten pro Person<\/p>\n\n\n\n<p>EUR 4.629,&#8211; von der Umsatzsteuer befreit<\/p>\n\n\n\n<p>Gruppengr\u00f6\u00dfe<\/p>\n\n\n\n<p>Training nur in Kleingruppen<\/p>\n\n\n\n<p>Neue Termine in Planung. Diese Termine werden nach Reservierungen in der Gruppe festgelegt.<\/p>\n\n\n\n<p>Das Seminar ist zu 90 Prozent \u00fcber den ESF refinanzierbar. Weitere Infos finden Sie <a href=\"https:\/\/denkraum42.de\/?page_id=151\">hier <\/a><\/p>\n\n\n\n<p class=\"has-text-align-center\">Das hei\u00dft ihr Eigenanteil betr\u00e4gt lediglich 462,90 EUR<\/p>\n\n\n\n<p>Das Seminar findet in einer exklusiven Kleingruppe statt, um ein gutes Arbeiten zu gew\u00e4hrleisten.<\/p>\n\n\n\n<p>Buchen Sie sich hier Ihren kostenlosen Beratungstermin, damit das weitere Vorgehen abgesprochen werden kann.<\/p>\n\n\n\n<p><\/p>\n\n\n\n<div class=\"wp-block-buttons is-content-justification-center is-layout-flex wp-container-core-buttons-is-layout-16018d1d wp-block-buttons-is-layout-flex\">\n<div class=\"wp-block-button\"><a class=\"wp-block-button__link wp-element-button\" href=\"https:\/\/calendly.com\/dialog-stoehr-hr\/impulsgespraech\">Jetzt Beratungsgespr\u00e4ch buchen<\/a><\/div>\n<\/div>\n\n\n\n<p>Termine<\/p>\n\n\n\n<figure class=\"wp-block-table\"><table><tbody><tr><td>ESF Programm<\/td><td>Money Mind<\/td><td>Saarbr\u00fccken<\/td><\/tr><tr><td><\/td><td>2 Tage<br>1 Tag<\/td><td>06.11. &#8211; 07.11.24<br>04.12.24<\/td><\/tr><\/tbody><\/table><\/figure>\n\n\n\n<p>Sie m\u00f6chten mehr erfahren oder haben Fragen? Lassen Sie uns reden. Schreiben Sie mir einfach eine kurze Nachricht und buchen Sie sich einen kostenlosen Beratungstermin.<\/p>\n\n\n\n<div class=\"wp-block-buttons is-content-justification-center is-layout-flex wp-container-core-buttons-is-layout-16018d1d wp-block-buttons-is-layout-flex\">\n<div class=\"wp-block-button\"><a class=\"wp-block-button__link wp-element-button\" href=\"https:\/\/calendly.com\/dialog-stoehr-hr\/impulsgespraech\">Jetzt Gespr\u00e4ch buchen<\/a><\/div>\n<\/div>\n\n\n\n<p><\/p>\n\n\n\n<p><\/p>\n","protected":false},"excerpt":{"rendered":"<p>Entdecken Sie die transformative Kraft Ihrer Beziehung zu Geld! Haben Sie das Gef\u00fchl, dass Geld Ihnen st\u00e4ndig entgleitet? Oder rennen Sie unerm\u00fcdlich hinterher, ohne jemals wirklich anzukommen? Vielleicht haben Sie sogar finanzielle Mittel, zahlen daf\u00fcr aber einen hohen Preis in Form von Stress und Unzufriedenheit. Egal, wo Sie stehen \u2013 ob in der Schuldenfalle oder &hellip; <\/p>\n<p class=\"link-more\"><a href=\"https:\/\/denkraum42.de\/?page_id=286\" class=\"more-link\"><span class=\"screen-reader-text\">\u201eMoneymind \u2013 Mein Geld und ich, eine schwierige Beziehung\u201c<\/span> weiterlesen<\/a><\/p>\n","protected":false},"author":1,"featured_media":466,"parent":0,"menu_order":0,"comment_status":"closed","ping_status":"closed","template":"","meta":{"footnotes":""},"class_list":["post-286","page","type-page","status-publish","has-post-thumbnail","hentry"],"yoast_head":"<!-- This site is optimized with the Yoast SEO plugin v22.6 - https:\/\/yoast.com\/wordpress\/plugins\/seo\/ -->\n<title>Moneymind \u2013 Mein Geld und ich, eine schwierige Beziehung - Denkraum 42<\/title>\n<meta name=\"description\" content=\"Sind Sie bereit, Ihre Beziehung zu Geld grundlegend zu ver\u00e4ndern? Entdecken Sie die verborgenen psychologischen Faktoren, die Ihren Umgang mit Geld pr\u00e4gen. Lernen Sie, wie Ihr Denken Ihre finanzielle Realit\u00e4t beeinflusst und warum es entscheidend ist, selbstbewusst \u00fcber Preise zu sprechen.\" \/>\n<meta name=\"robots\" content=\"index, follow, max-snippet:-1, max-image-preview:large, max-video-preview:-1\" \/>\n<link rel=\"canonical\" href=\"https:\/\/denkraum42.de\/?page_id=286\" \/>\n<meta property=\"og:locale\" content=\"de_DE\" \/>\n<meta property=\"og:type\" content=\"article\" \/>\n<meta property=\"og:title\" content=\"Moneymind \u2013 Mein Geld und ich, eine schwierige Beziehung - Denkraum 42\" \/>\n<meta property=\"og:description\" content=\"Sind Sie bereit, Ihre Beziehung zu Geld grundlegend zu ver\u00e4ndern? Entdecken Sie die verborgenen psychologischen Faktoren, die Ihren Umgang mit Geld pr\u00e4gen. Lernen Sie, wie Ihr Denken Ihre finanzielle Realit\u00e4t beeinflusst und warum es entscheidend ist, selbstbewusst \u00fcber Preise zu sprechen.\" \/>\n<meta property=\"og:url\" content=\"https:\/\/denkraum42.de\/?page_id=286\" \/>\n<meta property=\"og:site_name\" content=\"Denkraum 42\" \/>\n<meta property=\"article:modified_time\" content=\"2025-03-20T13:20:28+00:00\" \/>\n<meta property=\"og:image\" content=\"https:\/\/denkraum42.de\/wp-content\/uploads\/2024\/08\/ai-generated-8603166_1280.jpg\" \/>\n\t<meta property=\"og:image:width\" content=\"1280\" \/>\n\t<meta property=\"og:image:height\" content=\"717\" \/>\n\t<meta property=\"og:image:type\" content=\"image\/jpeg\" \/>\n<meta name=\"twitter:card\" content=\"summary_large_image\" \/>\n<meta name=\"twitter:label1\" content=\"Gesch\u00e4tzte Lesezeit\" \/>\n\t<meta name=\"twitter:data1\" content=\"4\u00a0Minuten\" \/>\n<script type=\"application\/ld+json\" class=\"yoast-schema-graph\">{\"@context\":\"https:\/\/schema.org\",\"@graph\":[{\"@type\":\"WebPage\",\"@id\":\"https:\/\/denkraum42.de\/?page_id=286\",\"url\":\"https:\/\/denkraum42.de\/?page_id=286\",\"name\":\"Moneymind \u2013 Mein Geld und ich, eine schwierige Beziehung - Denkraum 42\",\"isPartOf\":{\"@id\":\"https:\/\/denkraum42.de\/#website\"},\"primaryImageOfPage\":{\"@id\":\"https:\/\/denkraum42.de\/?page_id=286#primaryimage\"},\"image\":{\"@id\":\"https:\/\/denkraum42.de\/?page_id=286#primaryimage\"},\"thumbnailUrl\":\"https:\/\/denkraum42.de\/wp-content\/uploads\/2024\/08\/ai-generated-8603166_1280.jpg\",\"datePublished\":\"2024-06-06T15:39:49+00:00\",\"dateModified\":\"2025-03-20T13:20:28+00:00\",\"description\":\"Sind Sie bereit, Ihre Beziehung zu Geld grundlegend zu ver\u00e4ndern? Entdecken Sie die verborgenen psychologischen Faktoren, die Ihren Umgang mit Geld pr\u00e4gen. Lernen Sie, wie Ihr Denken Ihre finanzielle Realit\u00e4t beeinflusst und warum es entscheidend ist, selbstbewusst \u00fcber Preise zu sprechen.\",\"breadcrumb\":{\"@id\":\"https:\/\/denkraum42.de\/?page_id=286#breadcrumb\"},\"inLanguage\":\"de\",\"potentialAction\":[{\"@type\":\"ReadAction\",\"target\":[\"https:\/\/denkraum42.de\/?page_id=286\"]}]},{\"@type\":\"ImageObject\",\"inLanguage\":\"de\",\"@id\":\"https:\/\/denkraum42.de\/?page_id=286#primaryimage\",\"url\":\"https:\/\/denkraum42.de\/wp-content\/uploads\/2024\/08\/ai-generated-8603166_1280.jpg\",\"contentUrl\":\"https:\/\/denkraum42.de\/wp-content\/uploads\/2024\/08\/ai-generated-8603166_1280.jpg\",\"width\":1280,\"height\":717},{\"@type\":\"BreadcrumbList\",\"@id\":\"https:\/\/denkraum42.de\/?page_id=286#breadcrumb\",\"itemListElement\":[{\"@type\":\"ListItem\",\"position\":1,\"name\":\"Startseite\",\"item\":\"https:\/\/denkraum42.de\/\"},{\"@type\":\"ListItem\",\"position\":2,\"name\":\"Moneymind \u2013 Mein Geld und ich, eine schwierige Beziehung\"}]},{\"@type\":\"WebSite\",\"@id\":\"https:\/\/denkraum42.de\/#website\",\"url\":\"https:\/\/denkraum42.de\/\",\"name\":\"Denkraum 42\",\"description\":\"Echte Transformation und integraler Wandel. Entwicklung evolution\u00e4r gestalten.\",\"publisher\":{\"@id\":\"https:\/\/denkraum42.de\/#organization\"},\"potentialAction\":[{\"@type\":\"SearchAction\",\"target\":{\"@type\":\"EntryPoint\",\"urlTemplate\":\"https:\/\/denkraum42.de\/?s={search_term_string}\"},\"query-input\":\"required name=search_term_string\"}],\"inLanguage\":\"de\"},{\"@type\":\"Organization\",\"@id\":\"https:\/\/denkraum42.de\/#organization\",\"name\":\"Denkraum 42\",\"url\":\"https:\/\/denkraum42.de\/\",\"logo\":{\"@type\":\"ImageObject\",\"inLanguage\":\"de\",\"@id\":\"https:\/\/denkraum42.de\/#\/schema\/logo\/image\/\",\"url\":\"https:\/\/denkraum42.de\/wp-content\/uploads\/2024\/05\/cropped-cropped-triskell-1193998_1920.png\",\"contentUrl\":\"https:\/\/denkraum42.de\/wp-content\/uploads\/2024\/05\/cropped-cropped-triskell-1193998_1920.png\",\"width\":250,\"height\":250,\"caption\":\"Denkraum 42\"},\"image\":{\"@id\":\"https:\/\/denkraum42.de\/#\/schema\/logo\/image\/\"}}]}<\/script>\n<!-- \/ Yoast SEO plugin. -->","yoast_head_json":{"title":"Moneymind \u2013 Mein Geld und ich, eine schwierige Beziehung - Denkraum 42","description":"Sind Sie bereit, Ihre Beziehung zu Geld grundlegend zu ver\u00e4ndern? Entdecken Sie die verborgenen psychologischen Faktoren, die Ihren Umgang mit Geld pr\u00e4gen. Lernen Sie, wie Ihr Denken Ihre finanzielle Realit\u00e4t beeinflusst und warum es entscheidend ist, selbstbewusst \u00fcber Preise zu sprechen.","robots":{"index":"index","follow":"follow","max-snippet":"max-snippet:-1","max-image-preview":"max-image-preview:large","max-video-preview":"max-video-preview:-1"},"canonical":"https:\/\/denkraum42.de\/?page_id=286","og_locale":"de_DE","og_type":"article","og_title":"Moneymind \u2013 Mein Geld und ich, eine schwierige Beziehung - Denkraum 42","og_description":"Sind Sie bereit, Ihre Beziehung zu Geld grundlegend zu ver\u00e4ndern? Entdecken Sie die verborgenen psychologischen Faktoren, die Ihren Umgang mit Geld pr\u00e4gen. Lernen Sie, wie Ihr Denken Ihre finanzielle Realit\u00e4t beeinflusst und warum es entscheidend ist, selbstbewusst \u00fcber Preise zu sprechen.","og_url":"https:\/\/denkraum42.de\/?page_id=286","og_site_name":"Denkraum 42","article_modified_time":"2025-03-20T13:20:28+00:00","og_image":[{"width":1280,"height":717,"url":"https:\/\/denkraum42.de\/wp-content\/uploads\/2024\/08\/ai-generated-8603166_1280.jpg","type":"image\/jpeg"}],"twitter_card":"summary_large_image","twitter_misc":{"Gesch\u00e4tzte Lesezeit":"4\u00a0Minuten"},"schema":{"@context":"https:\/\/schema.org","@graph":[{"@type":"WebPage","@id":"https:\/\/denkraum42.de\/?page_id=286","url":"https:\/\/denkraum42.de\/?page_id=286","name":"Moneymind \u2013 Mein Geld und ich, eine schwierige Beziehung - Denkraum 42","isPartOf":{"@id":"https:\/\/denkraum42.de\/#website"},"primaryImageOfPage":{"@id":"https:\/\/denkraum42.de\/?page_id=286#primaryimage"},"image":{"@id":"https:\/\/denkraum42.de\/?page_id=286#primaryimage"},"thumbnailUrl":"https:\/\/denkraum42.de\/wp-content\/uploads\/2024\/08\/ai-generated-8603166_1280.jpg","datePublished":"2024-06-06T15:39:49+00:00","dateModified":"2025-03-20T13:20:28+00:00","description":"Sind Sie bereit, Ihre Beziehung zu Geld grundlegend zu ver\u00e4ndern? Entdecken Sie die verborgenen psychologischen Faktoren, die Ihren Umgang mit Geld pr\u00e4gen. Lernen Sie, wie Ihr Denken Ihre finanzielle Realit\u00e4t beeinflusst und warum es entscheidend ist, selbstbewusst \u00fcber Preise zu sprechen.","breadcrumb":{"@id":"https:\/\/denkraum42.de\/?page_id=286#breadcrumb"},"inLanguage":"de","potentialAction":[{"@type":"ReadAction","target":["https:\/\/denkraum42.de\/?page_id=286"]}]},{"@type":"ImageObject","inLanguage":"de","@id":"https:\/\/denkraum42.de\/?page_id=286#primaryimage","url":"https:\/\/denkraum42.de\/wp-content\/uploads\/2024\/08\/ai-generated-8603166_1280.jpg","contentUrl":"https:\/\/denkraum42.de\/wp-content\/uploads\/2024\/08\/ai-generated-8603166_1280.jpg","width":1280,"height":717},{"@type":"BreadcrumbList","@id":"https:\/\/denkraum42.de\/?page_id=286#breadcrumb","itemListElement":[{"@type":"ListItem","position":1,"name":"Startseite","item":"https:\/\/denkraum42.de\/"},{"@type":"ListItem","position":2,"name":"Moneymind \u2013 Mein Geld und ich, eine schwierige Beziehung"}]},{"@type":"WebSite","@id":"https:\/\/denkraum42.de\/#website","url":"https:\/\/denkraum42.de\/","name":"Denkraum 42","description":"Echte Transformation und integraler Wandel. Entwicklung evolution\u00e4r gestalten.","publisher":{"@id":"https:\/\/denkraum42.de\/#organization"},"potentialAction":[{"@type":"SearchAction","target":{"@type":"EntryPoint","urlTemplate":"https:\/\/denkraum42.de\/?s={search_term_string}"},"query-input":"required name=search_term_string"}],"inLanguage":"de"},{"@type":"Organization","@id":"https:\/\/denkraum42.de\/#organization","name":"Denkraum 42","url":"https:\/\/denkraum42.de\/","logo":{"@type":"ImageObject","inLanguage":"de","@id":"https:\/\/denkraum42.de\/#\/schema\/logo\/image\/","url":"https:\/\/denkraum42.de\/wp-content\/uploads\/2024\/05\/cropped-cropped-triskell-1193998_1920.png","contentUrl":"https:\/\/denkraum42.de\/wp-content\/uploads\/2024\/05\/cropped-cropped-triskell-1193998_1920.png","width":250,"height":250,"caption":"Denkraum 42"},"image":{"@id":"https:\/\/denkraum42.de\/#\/schema\/logo\/image\/"}}]}},"_links":{"self":[{"href":"https:\/\/denkraum42.de\/index.php?rest_route=\/wp\/v2\/pages\/286","targetHints":{"allow":["GET"]}}],"collection":[{"href":"https:\/\/denkraum42.de\/index.php?rest_route=\/wp\/v2\/pages"}],"about":[{"href":"https:\/\/denkraum42.de\/index.php?rest_route=\/wp\/v2\/types\/page"}],"author":[{"embeddable":true,"href":"https:\/\/denkraum42.de\/index.php?rest_route=\/wp\/v2\/users\/1"}],"replies":[{"embeddable":true,"href":"https:\/\/denkraum42.de\/index.php?rest_route=%2Fwp%2Fv2%2Fcomments&post=286"}],"version-history":[{"count":7,"href":"https:\/\/denkraum42.de\/index.php?rest_route=\/wp\/v2\/pages\/286\/revisions"}],"predecessor-version":[{"id":604,"href":"https:\/\/denkraum42.de\/index.php?rest_route=\/wp\/v2\/pages\/286\/revisions\/604"}],"wp:featuredmedia":[{"embeddable":true,"href":"https:\/\/denkraum42.de\/index.php?rest_route=\/wp\/v2\/media\/466"}],"wp:attachment":[{"href":"https:\/\/denkraum42.de\/index.php?rest_route=%2Fwp%2Fv2%2Fmedia&parent=286"}],"curies":[{"name":"wp","href":"https:\/\/api.w.org\/{rel}","templated":true}]}}