{"id":289,"date":"2024-06-06T15:43:07","date_gmt":"2024-06-06T15:43:07","guid":{"rendered":"https:\/\/denkraum42.de\/?page_id=289"},"modified":"2024-08-15T09:55:20","modified_gmt":"2024-08-15T09:55:20","slug":"next-step","status":"publish","type":"page","link":"https:\/\/denkraum42.de\/?page_id=289","title":{"rendered":"Vom Selbst\u00e4ndigen zum Unternehmer: Ihr Weg in eine erfolgreiche Zukunft"},"content":{"rendered":"\n<p><strong>Sind Sie bereit f\u00fcr den n\u00e4chsten Schritt?<\/strong><\/p>\n\n\n\n<p>Ihr Solounternehmen w\u00e4chst, und pl\u00f6tzlich f\u00fchlen Sie sich von der Arbeit \u00fcberw\u00e4ltigt. Eine 70-Stunden-Woche wird zur Norm, und Ihre Finanzen zwingen Sie dazu, Dinge zu tun, die nicht Ihrem Herzen entsprechen. Die Zeit mit Familie und Freunden schwindet, w\u00e4hrend Ihr Kopf st\u00e4ndig bei der Arbeit ist. Wenn Ihnen das bekannt vorkommt, dann ist es an der Zeit, den n\u00e4chsten Schritt zu wagen: Werden Sie Unternehmer!<\/p>\n\n\n\n<p>Doch was bedeutet es wirklich, Unternehmer zu sein? Viele glauben, dass Unternehmertum einfach eine Erweiterung der Selbst\u00e4ndigkeit ist \u2013 doch das ist ein Trugschluss! Als Unternehmer stehen Sie vor v\u00f6llig neuen Herausforderungen und M\u00f6glichkeiten.<\/p>\n\n\n\n<p>In diesem Seminar erfahren Sie:<\/p>\n\n\n\n<ul class=\"wp-block-list\">\n<li><strong>Den Unterschied zwischen Selbst\u00e4ndigen, F\u00fchrungskr\u00e4ften und Unternehmern<\/strong>: Verstehen Sie die verschiedenen Rollen und wie sie sich auf Ihren Erfolg auswirken.<\/li>\n\n\n\n<li><strong>Wie Sie in Ihr Unternehmersein hineinwachsen<\/strong>: Lernen Sie, welche Schritte notwendig sind, um die Denkweise eines Unternehmers zu entwickeln.<\/li>\n\n\n\n<li><strong>Ihre unternehmerischen Aufgaben kennen<\/strong>: Erfahren Sie, welche Verantwortungen auf Sie zukommen und wie Sie diese meistern k\u00f6nnen.<\/li>\n\n\n\n<li><strong>Blockaden und Glaubenss\u00e4tze erkennen und transformieren<\/strong>: Identifizieren Sie innere Hindernisse und lernen Sie Techniken zur \u00dcberwindung.<\/li>\n\n\n\n<li><strong>Eine klare unternehmerische Vision entwickeln<\/strong>: Setzen Sie sich Ziele, die Ihre Leidenschaft entfachen und Ihr Unternehmen voranbringen.<\/li>\n\n\n\n<li><strong>Expertise f\u00fcr den Engpass Ihrer Kunden aufbauen<\/strong>: Lernen Sie, wie Sie gezielt L\u00f6sungen anbieten k\u00f6nnen, die Ihre Kunden wirklich ben\u00f6tigen.<\/li>\n<\/ul>\n\n\n\n<p>Setzen Sie die Segel f\u00fcr Ihre Zukunft als erfolgreicher Unternehmer! Dieses Seminar bietet Ihnen nicht nur wertvolle Erkenntnisse, sondern auch praktische Werkzeuge, um Ihre unternehmerische Reise mit Zuversicht zu beginnen.<\/p>\n\n\n\n<h3 class=\"wp-block-heading\" id=\"melden-sie-sich-jetzt-an\"><strong>Melden Sie sich jetzt an!<\/strong><\/h3>\n\n\n\n<p>Lassen Sie uns gemeinsam daran arbeiten, Ihre Vision in die Realit\u00e4t umzusetzen. Der Weg zum Unternehmer wartet auf Sie \u2013 sind Sie bereit?<\/p>\n\n\n\n<p><\/p>\n\n\n\n<p><\/p>\n\n\n\n<p>Fakten:<\/p>\n\n\n\n<p>Dauer des Seminars \u2013 6 Tage verteilt auf Seminarbl\u00f6cke von 3\u00d72 Tagen<\/p>\n\n\n\n<p>im Abstand von 4 Wochen.<\/p>\n\n\n\n<p>Trainingszeit jeweils von 10 bis 18 Uhr mit einer Stunde Mittagspause<\/p>\n\n\n\n<p>Kosten pro Person<\/p>\n\n\n\n<p>EUR 4.629,\u2013 (evtl. von der Umsatzsteuer befreit \u2013 Antrag eingereicht)<\/p>\n\n\n\n<p>Gruppengr\u00f6\u00dfe: Training nur in Kleingruppen<\/p>\n\n\n\n<p>Das Seminar ist mit 90 Prozent \u00fcber das&nbsp;<a href=\"https:\/\/denkraum42.de\/?page_id=151\">Kompass Programm<\/a>&nbsp;refinanziert. Das hei\u00dft Ihr Eigenanteil betr\u00e4gt lediglich 462,90 EUR<\/p>\n\n\n\n<p>Termine<\/p>\n\n\n\n<figure class=\"wp-block-table\"><table><tbody><tr><td>ESF Programm<\/td><td>Next Step \u2013 Der Weg zum Unternehmer<\/td><td>Saarbr\u00fccken<\/td><\/tr><tr><td>1. Block<\/td><td>2 Tage<\/td><td>06.11.- 07.11.24<\/td><\/tr><tr><td>2. Block<\/td><td>2 Tage<\/td><td>04.12. \u2013 05.12.24<\/td><\/tr><tr><td>3. Block<\/td><td>2 Tage<\/td><td>23.01. \u2013 24.01.25<\/td><\/tr><\/tbody><\/table><\/figure>\n\n\n\n<p>Sie m\u00f6chten mehr erfahren? Buchen Sie einfach ein kostenloses Beratungsgespr\u00e4ch.<\/p>\n\n\n\n<p><\/p>\n\n\n\n<div class=\"wp-block-buttons is-content-justification-center is-layout-flex wp-container-core-buttons-is-layout-16018d1d wp-block-buttons-is-layout-flex\">\n<div class=\"wp-block-button\"><a class=\"wp-block-button__link wp-element-button\" href=\"https:\/\/calendly.com\/dialog-stoehr-hr\/impulsgespraech\">Jetzt Gespr\u00e4ch buchen<\/a><\/div>\n<\/div>\n","protected":false},"excerpt":{"rendered":"<p>Sind Sie bereit f\u00fcr den n\u00e4chsten Schritt? Ihr Solounternehmen w\u00e4chst, und pl\u00f6tzlich f\u00fchlen Sie sich von der Arbeit \u00fcberw\u00e4ltigt. Eine 70-Stunden-Woche wird zur Norm, und Ihre Finanzen zwingen Sie dazu, Dinge zu tun, die nicht Ihrem Herzen entsprechen. Die Zeit mit Familie und Freunden schwindet, w\u00e4hrend Ihr Kopf st\u00e4ndig bei der Arbeit ist. Wenn Ihnen &hellip; <\/p>\n<p class=\"link-more\"><a href=\"https:\/\/denkraum42.de\/?page_id=289\" class=\"more-link\"><span class=\"screen-reader-text\">\u201eVom Selbst\u00e4ndigen zum Unternehmer: Ihr Weg in eine erfolgreiche Zukunft\u201c<\/span> weiterlesen<\/a><\/p>\n","protected":false},"author":1,"featured_media":290,"parent":0,"menu_order":0,"comment_status":"closed","ping_status":"closed","template":"","meta":{"footnotes":""},"class_list":["post-289","page","type-page","status-publish","has-post-thumbnail","hentry"],"yoast_head":"<!-- This site is optimized with the Yoast SEO plugin v22.6 - https:\/\/yoast.com\/wordpress\/plugins\/seo\/ -->\n<title>Vom Selbst\u00e4ndigen zum Unternehmer: Ihr Weg in eine erfolgreiche Zukunft - Denkraum 42<\/title>\n<meta name=\"description\" content=\"Sind Sie bereit f\u00fcr den n\u00e4chsten Schritt?Ihr Solounternehmen w\u00e4chst, und pl\u00f6tzlich f\u00fchlen Sie sich von der Arbeit \u00fcberw\u00e4ltigt. Eine 70-Stunden-Woche wird zur Norm, und Ihre Finanzen zwingen Sie dazu, Dinge zu tun, die nicht Ihrem Herzen entsprechen.\" \/>\n<meta name=\"robots\" content=\"index, follow, max-snippet:-1, max-image-preview:large, max-video-preview:-1\" \/>\n<link rel=\"canonical\" href=\"https:\/\/denkraum42.de\/?page_id=289\" \/>\n<meta property=\"og:locale\" content=\"de_DE\" \/>\n<meta property=\"og:type\" content=\"article\" \/>\n<meta property=\"og:title\" content=\"Vom Selbst\u00e4ndigen zum Unternehmer: Ihr Weg in eine erfolgreiche Zukunft - Denkraum 42\" \/>\n<meta property=\"og:description\" content=\"Sind Sie bereit f\u00fcr den n\u00e4chsten Schritt?Ihr Solounternehmen w\u00e4chst, und pl\u00f6tzlich f\u00fchlen Sie sich von der Arbeit \u00fcberw\u00e4ltigt. Eine 70-Stunden-Woche wird zur Norm, und Ihre Finanzen zwingen Sie dazu, Dinge zu tun, die nicht Ihrem Herzen entsprechen.\" \/>\n<meta property=\"og:url\" content=\"https:\/\/denkraum42.de\/?page_id=289\" \/>\n<meta property=\"og:site_name\" content=\"Denkraum 42\" \/>\n<meta property=\"article:modified_time\" content=\"2024-08-15T09:55:20+00:00\" \/>\n<meta property=\"og:image\" content=\"https:\/\/denkraum42.de\/wp-content\/uploads\/2024\/06\/boat-1867124_1280.jpg\" \/>\n\t<meta property=\"og:image:width\" content=\"1280\" \/>\n\t<meta property=\"og:image:height\" content=\"853\" \/>\n\t<meta property=\"og:image:type\" content=\"image\/jpeg\" \/>\n<meta name=\"twitter:card\" content=\"summary_large_image\" \/>\n<meta name=\"twitter:label1\" content=\"Gesch\u00e4tzte Lesezeit\" \/>\n\t<meta name=\"twitter:data1\" content=\"3\u00a0Minuten\" \/>\n<script type=\"application\/ld+json\" class=\"yoast-schema-graph\">{\"@context\":\"https:\/\/schema.org\",\"@graph\":[{\"@type\":\"WebPage\",\"@id\":\"https:\/\/denkraum42.de\/?page_id=289\",\"url\":\"https:\/\/denkraum42.de\/?page_id=289\",\"name\":\"Vom Selbst\u00e4ndigen zum Unternehmer: Ihr Weg in eine erfolgreiche Zukunft - Denkraum 42\",\"isPartOf\":{\"@id\":\"https:\/\/denkraum42.de\/#website\"},\"primaryImageOfPage\":{\"@id\":\"https:\/\/denkraum42.de\/?page_id=289#primaryimage\"},\"image\":{\"@id\":\"https:\/\/denkraum42.de\/?page_id=289#primaryimage\"},\"thumbnailUrl\":\"https:\/\/denkraum42.de\/wp-content\/uploads\/2024\/06\/boat-1867124_1280.jpg\",\"datePublished\":\"2024-06-06T15:43:07+00:00\",\"dateModified\":\"2024-08-15T09:55:20+00:00\",\"description\":\"Sind Sie bereit f\u00fcr den n\u00e4chsten Schritt?Ihr Solounternehmen w\u00e4chst, und pl\u00f6tzlich f\u00fchlen Sie sich von der Arbeit \u00fcberw\u00e4ltigt. Eine 70-Stunden-Woche wird zur Norm, und Ihre Finanzen zwingen Sie dazu, Dinge zu tun, die nicht Ihrem Herzen entsprechen.\",\"breadcrumb\":{\"@id\":\"https:\/\/denkraum42.de\/?page_id=289#breadcrumb\"},\"inLanguage\":\"de\",\"potentialAction\":[{\"@type\":\"ReadAction\",\"target\":[\"https:\/\/denkraum42.de\/?page_id=289\"]}]},{\"@type\":\"ImageObject\",\"inLanguage\":\"de\",\"@id\":\"https:\/\/denkraum42.de\/?page_id=289#primaryimage\",\"url\":\"https:\/\/denkraum42.de\/wp-content\/uploads\/2024\/06\/boat-1867124_1280.jpg\",\"contentUrl\":\"https:\/\/denkraum42.de\/wp-content\/uploads\/2024\/06\/boat-1867124_1280.jpg\",\"width\":1280,\"height\":853,\"caption\":\"Next Step\"},{\"@type\":\"BreadcrumbList\",\"@id\":\"https:\/\/denkraum42.de\/?page_id=289#breadcrumb\",\"itemListElement\":[{\"@type\":\"ListItem\",\"position\":1,\"name\":\"Startseite\",\"item\":\"https:\/\/denkraum42.de\/\"},{\"@type\":\"ListItem\",\"position\":2,\"name\":\"Vom Selbst\u00e4ndigen zum Unternehmer: Ihr Weg in eine erfolgreiche Zukunft\"}]},{\"@type\":\"WebSite\",\"@id\":\"https:\/\/denkraum42.de\/#website\",\"url\":\"https:\/\/denkraum42.de\/\",\"name\":\"Denkraum 42\",\"description\":\"Echte Transformation und integraler Wandel. Entwicklung evolution\u00e4r gestalten.\",\"publisher\":{\"@id\":\"https:\/\/denkraum42.de\/#organization\"},\"potentialAction\":[{\"@type\":\"SearchAction\",\"target\":{\"@type\":\"EntryPoint\",\"urlTemplate\":\"https:\/\/denkraum42.de\/?s={search_term_string}\"},\"query-input\":\"required name=search_term_string\"}],\"inLanguage\":\"de\"},{\"@type\":\"Organization\",\"@id\":\"https:\/\/denkraum42.de\/#organization\",\"name\":\"Denkraum 42\",\"url\":\"https:\/\/denkraum42.de\/\",\"logo\":{\"@type\":\"ImageObject\",\"inLanguage\":\"de\",\"@id\":\"https:\/\/denkraum42.de\/#\/schema\/logo\/image\/\",\"url\":\"https:\/\/denkraum42.de\/wp-content\/uploads\/2024\/05\/cropped-cropped-triskell-1193998_1920.png\",\"contentUrl\":\"https:\/\/denkraum42.de\/wp-content\/uploads\/2024\/05\/cropped-cropped-triskell-1193998_1920.png\",\"width\":250,\"height\":250,\"caption\":\"Denkraum 42\"},\"image\":{\"@id\":\"https:\/\/denkraum42.de\/#\/schema\/logo\/image\/\"}}]}<\/script>\n<!-- \/ Yoast SEO plugin. -->","yoast_head_json":{"title":"Vom Selbst\u00e4ndigen zum Unternehmer: Ihr Weg in eine erfolgreiche Zukunft - Denkraum 42","description":"Sind Sie bereit f\u00fcr den n\u00e4chsten Schritt?Ihr Solounternehmen w\u00e4chst, und pl\u00f6tzlich f\u00fchlen Sie sich von der Arbeit \u00fcberw\u00e4ltigt. Eine 70-Stunden-Woche wird zur Norm, und Ihre Finanzen zwingen Sie dazu, Dinge zu tun, die nicht Ihrem Herzen entsprechen.","robots":{"index":"index","follow":"follow","max-snippet":"max-snippet:-1","max-image-preview":"max-image-preview:large","max-video-preview":"max-video-preview:-1"},"canonical":"https:\/\/denkraum42.de\/?page_id=289","og_locale":"de_DE","og_type":"article","og_title":"Vom Selbst\u00e4ndigen zum Unternehmer: Ihr Weg in eine erfolgreiche Zukunft - Denkraum 42","og_description":"Sind Sie bereit f\u00fcr den n\u00e4chsten Schritt?Ihr Solounternehmen w\u00e4chst, und pl\u00f6tzlich f\u00fchlen Sie sich von der Arbeit \u00fcberw\u00e4ltigt. Eine 70-Stunden-Woche wird zur Norm, und Ihre Finanzen zwingen Sie dazu, Dinge zu tun, die nicht Ihrem Herzen entsprechen.","og_url":"https:\/\/denkraum42.de\/?page_id=289","og_site_name":"Denkraum 42","article_modified_time":"2024-08-15T09:55:20+00:00","og_image":[{"width":1280,"height":853,"url":"https:\/\/denkraum42.de\/wp-content\/uploads\/2024\/06\/boat-1867124_1280.jpg","type":"image\/jpeg"}],"twitter_card":"summary_large_image","twitter_misc":{"Gesch\u00e4tzte Lesezeit":"3\u00a0Minuten"},"schema":{"@context":"https:\/\/schema.org","@graph":[{"@type":"WebPage","@id":"https:\/\/denkraum42.de\/?page_id=289","url":"https:\/\/denkraum42.de\/?page_id=289","name":"Vom Selbst\u00e4ndigen zum Unternehmer: Ihr Weg in eine erfolgreiche Zukunft - Denkraum 42","isPartOf":{"@id":"https:\/\/denkraum42.de\/#website"},"primaryImageOfPage":{"@id":"https:\/\/denkraum42.de\/?page_id=289#primaryimage"},"image":{"@id":"https:\/\/denkraum42.de\/?page_id=289#primaryimage"},"thumbnailUrl":"https:\/\/denkraum42.de\/wp-content\/uploads\/2024\/06\/boat-1867124_1280.jpg","datePublished":"2024-06-06T15:43:07+00:00","dateModified":"2024-08-15T09:55:20+00:00","description":"Sind Sie bereit f\u00fcr den n\u00e4chsten Schritt?Ihr Solounternehmen w\u00e4chst, und pl\u00f6tzlich f\u00fchlen Sie sich von der Arbeit \u00fcberw\u00e4ltigt. Eine 70-Stunden-Woche wird zur Norm, und Ihre Finanzen zwingen Sie dazu, Dinge zu tun, die nicht Ihrem Herzen entsprechen.","breadcrumb":{"@id":"https:\/\/denkraum42.de\/?page_id=289#breadcrumb"},"inLanguage":"de","potentialAction":[{"@type":"ReadAction","target":["https:\/\/denkraum42.de\/?page_id=289"]}]},{"@type":"ImageObject","inLanguage":"de","@id":"https:\/\/denkraum42.de\/?page_id=289#primaryimage","url":"https:\/\/denkraum42.de\/wp-content\/uploads\/2024\/06\/boat-1867124_1280.jpg","contentUrl":"https:\/\/denkraum42.de\/wp-content\/uploads\/2024\/06\/boat-1867124_1280.jpg","width":1280,"height":853,"caption":"Next Step"},{"@type":"BreadcrumbList","@id":"https:\/\/denkraum42.de\/?page_id=289#breadcrumb","itemListElement":[{"@type":"ListItem","position":1,"name":"Startseite","item":"https:\/\/denkraum42.de\/"},{"@type":"ListItem","position":2,"name":"Vom Selbst\u00e4ndigen zum Unternehmer: Ihr Weg in eine erfolgreiche Zukunft"}]},{"@type":"WebSite","@id":"https:\/\/denkraum42.de\/#website","url":"https:\/\/denkraum42.de\/","name":"Denkraum 42","description":"Echte Transformation und integraler Wandel. Entwicklung evolution\u00e4r gestalten.","publisher":{"@id":"https:\/\/denkraum42.de\/#organization"},"potentialAction":[{"@type":"SearchAction","target":{"@type":"EntryPoint","urlTemplate":"https:\/\/denkraum42.de\/?s={search_term_string}"},"query-input":"required name=search_term_string"}],"inLanguage":"de"},{"@type":"Organization","@id":"https:\/\/denkraum42.de\/#organization","name":"Denkraum 42","url":"https:\/\/denkraum42.de\/","logo":{"@type":"ImageObject","inLanguage":"de","@id":"https:\/\/denkraum42.de\/#\/schema\/logo\/image\/","url":"https:\/\/denkraum42.de\/wp-content\/uploads\/2024\/05\/cropped-cropped-triskell-1193998_1920.png","contentUrl":"https:\/\/denkraum42.de\/wp-content\/uploads\/2024\/05\/cropped-cropped-triskell-1193998_1920.png","width":250,"height":250,"caption":"Denkraum 42"},"image":{"@id":"https:\/\/denkraum42.de\/#\/schema\/logo\/image\/"}}]}},"_links":{"self":[{"href":"https:\/\/denkraum42.de\/index.php?rest_route=\/wp\/v2\/pages\/289","targetHints":{"allow":["GET"]}}],"collection":[{"href":"https:\/\/denkraum42.de\/index.php?rest_route=\/wp\/v2\/pages"}],"about":[{"href":"https:\/\/denkraum42.de\/index.php?rest_route=\/wp\/v2\/types\/page"}],"author":[{"embeddable":true,"href":"https:\/\/denkraum42.de\/index.php?rest_route=\/wp\/v2\/users\/1"}],"replies":[{"embeddable":true,"href":"https:\/\/denkraum42.de\/index.php?rest_route=%2Fwp%2Fv2%2Fcomments&post=289"}],"version-history":[{"count":2,"href":"https:\/\/denkraum42.de\/index.php?rest_route=\/wp\/v2\/pages\/289\/revisions"}],"predecessor-version":[{"id":523,"href":"https:\/\/denkraum42.de\/index.php?rest_route=\/wp\/v2\/pages\/289\/revisions\/523"}],"wp:featuredmedia":[{"embeddable":true,"href":"https:\/\/denkraum42.de\/index.php?rest_route=\/wp\/v2\/media\/290"}],"wp:attachment":[{"href":"https:\/\/denkraum42.de\/index.php?rest_route=%2Fwp%2Fv2%2Fmedia&parent=289"}],"curies":[{"name":"wp","href":"https:\/\/api.w.org\/{rel}","templated":true}]}}