{"id":390,"date":"2024-07-03T12:11:03","date_gmt":"2024-07-03T12:11:03","guid":{"rendered":"https:\/\/denkraum42.de\/?page_id=390"},"modified":"2024-08-04T13:04:00","modified_gmt":"2024-08-04T13:04:00","slug":"business-starter-challenge","status":"publish","type":"page","link":"https:\/\/denkraum42.de\/?page_id=390","title":{"rendered":"Business Starter Programm"},"content":{"rendered":"\n<h1 class=\"wp-block-heading\"><br><br><br>Deine Berufung wartet auf dich!<\/h1>\n\n\n\n<h1 class=\"wp-block-heading\">Du spielst ernsthaft mit dem Gedanken, deiner wahren Berufung zu folgen und dein eigenes Business aufzubauen? Doch du bist dir unsicher und wei\u00dft nicht, wo du anfangen sollst?<\/h1>\n\n\n\n<h2 class=\"wp-block-heading\">Viele Neugr\u00fcnder setzen bei ihrem Start auf rein betriebswirtschaftliche Beratung. Sie erstellen umfangreiche Businesspl\u00e4ne, rechnen Zahlen hoch und blicken 4 bis 5 Jahre in die Zukunft.<br><br>Doch die Realit\u00e4t sieht oft anders aus:&nbsp;<strong>9 von 10 Neugr\u00fcndern scheitern innerhalb der ersten vier Jahre!<\/strong><\/h2>\n\n\n\n<h3 class=\"wp-block-heading\">Warum? Weil sie sich auf \u201eMe-too\u201c-Produkte konzentrieren und sich am Au\u00dfen orientieren. Nach dem Motto: \u201eWenn alle es machen, wird es wohl richtig sein.\u201c Dabei vergessen sie das Wichtigste \u2013 sich selbst und ihre einzigartigen St\u00e4rken.<\/h3>\n\n\n\n<h2 class=\"wp-block-heading\"><br>Finde deinen Weg zum Erfolg!<br><br><br>Statt dich in der Masse zu verlieren, ist es entscheidend, deine individuelle Vision zu entwickeln und die richtigen Kunden anzusprechen.<br><br>In unserer&nbsp;<strong>Business Starter Programm<\/strong>&nbsp;helfen wir dir dabei, genau das zu tun!<\/h2>\n\n\n\n<h2 class=\"wp-block-heading\"><br><br>Wir zeigen dir, wie du deine Leidenschaft in ein profitables Gesch\u00e4ft verwandelst \u2013 ohne dich nur auf Zahlen und Statistiken zu verlassen. Lerne, wie du authentisch bleibst und deine Zielgruppe wirklich ansprichst.<\/h2>\n\n\n\n<h1 class=\"wp-block-heading\">Mach den ersten Schritt in eine erfolgreiche Zukunft! Lass uns gemeinsam herausfinden, wie du deine Tr\u00e4ume verwirklichen kannst. Bist du bereit f\u00fcr die Herausforderung?<\/h1>\n\n\n\n<h2 class=\"wp-block-heading has-text-align-center\"><br>Der Schl\u00fcssel zum Erfolg liegt in dir<br><br>In der Welt der Neugr\u00fcndungen werden oft die entscheidenden Skills und Lernaufgaben \u00fcbersehen. Viele konzentrieren sich ausschlie\u00dflich auf betriebswirtschaftliche Aspekte und vergessen dabei das Wichtigste:&nbsp;<\/h2>\n\n\n\n<h2 class=\"wp-block-heading\"><strong>Du bist es, der diese Zahlen zum Leben erwecken muss!<\/strong><\/h2>\n\n\n\n<p><br><br>Der wahre Grund f\u00fcr das Scheitern vieler Neuunternehmer sind nicht nur die kalkulierten Zahlen \u2013 es sind sie selbst.&nbsp;<\/p>\n\n\n\n<h1 class=\"wp-block-heading has-text-align-center\"><br><strong>Gewonnen wird im Kopf!<\/strong>&nbsp;<br><br>Dein Weg zu einem erfolgreichen Business<br><\/h1>\n\n\n\n<p>In diesem Programm erf\u00e4hrst du:<\/p>\n\n\n\n<ul class=\"wp-block-list\">\n<li><strong>Was dich und deine Selbstst\u00e4ndigkeit einzigartig macht<\/strong><\/li>\n\n\n\n<li><strong>Wie du die passenden Kunden findest<\/strong><\/li>\n\n\n\n<li><strong>Wie modernes Marketing wirklich funktioniert<\/strong><\/li>\n\n\n\n<li><strong>Warum eine gute Gr\u00fcndung mehr braucht als nur einen Businessplan<\/strong><\/li>\n\n\n\n<li><strong>Wieso dir rein betriebswirtschaftlich denkende Menschen nicht weiterhelfen k\u00f6nnen \u2013 die Zeiten haben sich ge\u00e4ndert!<\/strong><\/li>\n<\/ul>\n\n\n\n<p>Ich begleite dich Schritt f\u00fcr Schritt durch die Ebenen einer erfolgreichen Existenzgr\u00fcndung und unterst\u00fctze dich beim pers\u00f6nlichen Wachstum vom Angestellten zum Selbst\u00e4ndigen.<\/p>\n\n\n\n<h2 class=\"wp-block-heading\">Stell dir vor, du steigst aus dem Hamsterrad von \u201eH\u00f6her, Schneller, Weiter\u201c aus. Du findest dein Traumbusiness und lebst es in vollen Z\u00fcgen. Du machst dein Business familienfreundlich, statt deine Familie businessf\u00e4hig zu machen.<\/h2>\n\n\n\n<h2 class=\"wp-block-heading\">Du entscheidest selbst, mit wem, wo und wann du zusammenarbeiten m\u00f6chtest. Endlich hast du Zeit und Geld f\u00fcr deinen eigenen Weg!<br><br>Verabschiede dich von k\u00fcnstlichen Masken und lebe dein authentisches Leben. Entwickle deine Marke ICH!<br><br><strong>Buche jetzt dein kostenloses Infogespr\u00e4ch<\/strong>&nbsp;und starte mit diesem Angebot deinen ganz pers\u00f6nlichen Weg in den Erfolg. <strong>Pers\u00f6nlichkeitsentwicklung von der Stange gibt es wie Sand am Meer \u2013 sei es dir wert, ein ma\u00dfgeschneidertes Programm zu buchen<\/strong>!<\/h2>\n\n\n\n<div class=\"wp-block-buttons is-content-justification-center is-layout-flex wp-container-core-buttons-is-layout-16018d1d wp-block-buttons-is-layout-flex\">\n<div class=\"wp-block-button\"><a class=\"wp-block-button__link wp-element-button\" href=\"https:\/\/calendly.com\/dialog-stoehr-hr\/impulsgespraech\">Ja, das will ich<\/a><\/div>\n<\/div>\n\n\n\n<h2 class=\"wp-block-heading\">Das sagen meine Kunden<\/h2>\n\n\n\n<figure class=\"wp-block-gallery has-nested-images columns-default is-cropped wp-block-gallery-1 is-layout-flex wp-block-gallery-is-layout-flex\">\n<figure class=\"wp-block-image size-large\"><img loading=\"lazy\" decoding=\"async\" width=\"924\" height=\"453\" data-id=\"396\" src=\"https:\/\/denkraum42.de\/wp-content\/uploads\/2024\/07\/Screenshot-2024-06-15-073352.png\" alt=\"\" class=\"wp-image-396\" srcset=\"https:\/\/denkraum42.de\/wp-content\/uploads\/2024\/07\/Screenshot-2024-06-15-073352.png 924w, https:\/\/denkraum42.de\/wp-content\/uploads\/2024\/07\/Screenshot-2024-06-15-073352-300x147.png 300w, https:\/\/denkraum42.de\/wp-content\/uploads\/2024\/07\/Screenshot-2024-06-15-073352-768x377.png 768w\" sizes=\"auto, (max-width: 767px) 89vw, (max-width: 1000px) 54vw, (max-width: 1071px) 543px, 580px\" \/><\/figure>\n<\/figure>\n\n\n\n<figure class=\"wp-block-gallery has-nested-images columns-default is-cropped wp-block-gallery-2 is-layout-flex wp-block-gallery-is-layout-flex\">\n<figure class=\"wp-block-image size-large\"><img loading=\"lazy\" decoding=\"async\" width=\"374\" height=\"527\" data-id=\"397\" src=\"https:\/\/denkraum42.de\/wp-content\/uploads\/2024\/07\/Screenshot-2024-07-03-135204.png\" alt=\"\" class=\"wp-image-397\" srcset=\"https:\/\/denkraum42.de\/wp-content\/uploads\/2024\/07\/Screenshot-2024-07-03-135204.png 374w, https:\/\/denkraum42.de\/wp-content\/uploads\/2024\/07\/Screenshot-2024-07-03-135204-213x300.png 213w\" sizes=\"auto, (max-width: 374px) 100vw, 374px\" \/><\/figure>\n\n\n\n<figure class=\"wp-block-image size-large\"><img loading=\"lazy\" decoding=\"async\" width=\"768\" height=\"1024\" data-id=\"393\" src=\"https:\/\/denkraum42.de\/wp-content\/uploads\/2024\/07\/31948846_1688307451257972_7274714472369881088_n-768x1024.jpg\" alt=\"\" class=\"wp-image-393\" srcset=\"https:\/\/denkraum42.de\/wp-content\/uploads\/2024\/07\/31948846_1688307451257972_7274714472369881088_n-768x1024.jpg 768w, https:\/\/denkraum42.de\/wp-content\/uploads\/2024\/07\/31948846_1688307451257972_7274714472369881088_n-225x300.jpg 225w, https:\/\/denkraum42.de\/wp-content\/uploads\/2024\/07\/31948846_1688307451257972_7274714472369881088_n-1152x1536.jpg 1152w, https:\/\/denkraum42.de\/wp-content\/uploads\/2024\/07\/31948846_1688307451257972_7274714472369881088_n-1320x1760.jpg 1320w, https:\/\/denkraum42.de\/wp-content\/uploads\/2024\/07\/31948846_1688307451257972_7274714472369881088_n.jpg 1536w\" sizes=\"auto, (max-width: 767px) 89vw, (max-width: 1000px) 54vw, (max-width: 1071px) 543px, 580px\" \/><\/figure>\n<\/figure>\n\n\n\n<figure class=\"wp-block-gallery has-nested-images columns-default is-cropped wp-block-gallery-3 is-layout-flex wp-block-gallery-is-layout-flex\">\n<figure class=\"wp-block-image size-large\"><img loading=\"lazy\" decoding=\"async\" width=\"567\" height=\"206\" data-id=\"395\" src=\"https:\/\/denkraum42.de\/wp-content\/uploads\/2024\/07\/FeedbackUweBernhard.png\" alt=\"\" class=\"wp-image-395\" srcset=\"https:\/\/denkraum42.de\/wp-content\/uploads\/2024\/07\/FeedbackUweBernhard.png 567w, https:\/\/denkraum42.de\/wp-content\/uploads\/2024\/07\/FeedbackUweBernhard-300x109.png 300w\" sizes=\"auto, (max-width: 567px) 100vw, 567px\" \/><\/figure>\n<\/figure>\n\n\n\n<p>Du erh\u00e4ltst<\/p>\n\n\n\n<p>Die notwendigen theoretischen Grundlagen f\u00fcr dein einzigartiges Business<\/p>\n\n\n\n<p>Eine dreimonatige intensive Begleitung \u00fcber telefonisches 1:1 Mentoring.<\/p>\n\n\n\n<p>Regelm\u00e4\u00dfige ZoomCalls mit Feinjustierung und Q&amp;A<\/p>\n\n\n\n<p>Ein umfangreiches Workbook<\/p>\n\n\n\n<h2 class=\"wp-block-heading\">Ich nehme dich bei diesem Paket an die Hand und zeige dir Schritt f\u00fcr Schritt, wie du deine Tr\u00e4ume leben kannst.<\/h2>\n\n\n\n<p>Dein Einstieg in das Programm ist jederzeit m\u00f6glich<\/p>\n\n\n\n<p><\/p>\n\n\n\n<p>Das Starterpaket hat einen Gesamtwert von 4.300 EUR<\/p>\n\n\n\n<p>Du erh\u00e4ltst es in unserer Sommeraktion f\u00fcr lediglich 3.899 EUR<\/p>\n\n\n\n<h3 class=\"wp-block-heading has-text-align-center\"><\/h3>\n\n\n\n<p>Ratenzahlung m\u00f6glich<\/p>\n\n\n\n<p>als integrale Pers\u00f6nlichkeitsentwicklung von der Umsatzsteuer befreit<\/p>\n\n\n\n<h2 class=\"wp-block-heading\">Starte mit diesem Angebot deinen ganz pers\u00f6nlichen Weg in den Erfolg.<\/h2>\n\n\n\n<h2 class=\"wp-block-heading\">Pers\u00f6nlichkeitsentwicklung von der Stange gibt es wie Sand am Meer. Sei es dir wert, dein ma\u00dfgeschneidertes Programm zu buchen.<\/h2>\n\n\n\n<div class=\"wp-block-buttons is-content-justification-center is-layout-flex wp-container-core-buttons-is-layout-16018d1d wp-block-buttons-is-layout-flex\">\n<div class=\"wp-block-button\"><a class=\"wp-block-button__link wp-element-button\" href=\"https:\/\/denkraum42.de\/?page_id=263\">Ja, das will ich. Ich bin dabei!<\/a><\/div>\n<\/div>\n\n\n\n<p><\/p>\n\n\n\n<p>Du hast noch Fragen. Dann buche dir hier deinen ganz pers\u00f6nliches und kostenfreies Impulsgespr\u00e4ch<\/p>\n\n\n\n<p><\/p>\n\n\n\n<div class=\"wp-block-buttons is-content-justification-center is-layout-flex wp-container-core-buttons-is-layout-16018d1d wp-block-buttons-is-layout-flex\">\n<div class=\"wp-block-button\"><a class=\"wp-block-button__link wp-element-button\" href=\"https:\/\/calendly.com\/dialog-stoehr-hr\/impulsgespraech\">Hier Impulsgespr\u00e4ch buchen<\/a><\/div>\n<\/div>\n\n\n\n<p><\/p>\n\n\n\n<p><\/p>\n","protected":false},"excerpt":{"rendered":"<p>Deine Berufung wartet auf dich! Du spielst ernsthaft mit dem Gedanken, deiner wahren Berufung zu folgen und dein eigenes Business aufzubauen? Doch du bist dir unsicher und wei\u00dft nicht, wo du anfangen sollst? Viele Neugr\u00fcnder setzen bei ihrem Start auf rein betriebswirtschaftliche Beratung. Sie erstellen umfangreiche Businesspl\u00e4ne, rechnen Zahlen hoch und blicken 4 bis 5 &hellip; <\/p>\n<p class=\"link-more\"><a href=\"https:\/\/denkraum42.de\/?page_id=390\" class=\"more-link\"><span class=\"screen-reader-text\">\u201eBusiness Starter Programm\u201c<\/span> weiterlesen<\/a><\/p>\n","protected":false},"author":1,"featured_media":391,"parent":0,"menu_order":0,"comment_status":"closed","ping_status":"closed","template":"","meta":{"footnotes":""},"class_list":["post-390","page","type-page","status-publish","has-post-thumbnail","hentry"],"yoast_head":"<!-- This site is optimized with the Yoast SEO plugin v22.6 - https:\/\/yoast.com\/wordpress\/plugins\/seo\/ -->\n<title>Business Starter Programm - Denkraum 42<\/title>\n<meta name=\"description\" content=\"Wir zeigen dir, wie du deine Leidenschaft in ein profitables Gesch\u00e4ft verwandelst..Lerne, wie du authentisch bleibst und deine Zielgruppe wirklich ansprichst.\" \/>\n<meta name=\"robots\" content=\"index, follow, max-snippet:-1, max-image-preview:large, max-video-preview:-1\" \/>\n<link rel=\"canonical\" href=\"https:\/\/denkraum42.de\/?page_id=390\" \/>\n<meta property=\"og:locale\" content=\"de_DE\" \/>\n<meta property=\"og:type\" content=\"article\" \/>\n<meta property=\"og:title\" content=\"Business Starter Programm - Denkraum 42\" \/>\n<meta property=\"og:description\" content=\"Wir zeigen dir, wie du deine Leidenschaft in ein profitables Gesch\u00e4ft verwandelst..Lerne, wie du authentisch bleibst und deine Zielgruppe wirklich ansprichst.\" \/>\n<meta property=\"og:url\" content=\"https:\/\/denkraum42.de\/?page_id=390\" \/>\n<meta property=\"og:site_name\" content=\"Denkraum 42\" \/>\n<meta property=\"article:modified_time\" content=\"2024-08-04T13:04:00+00:00\" \/>\n<meta property=\"og:image\" content=\"https:\/\/denkraum42.de\/wp-content\/uploads\/2024\/07\/beach-8338844_1280.jpg\" \/>\n\t<meta property=\"og:image:width\" content=\"1280\" \/>\n\t<meta property=\"og:image:height\" content=\"853\" \/>\n\t<meta property=\"og:image:type\" content=\"image\/jpeg\" \/>\n<meta name=\"twitter:card\" content=\"summary_large_image\" \/>\n<meta name=\"twitter:label1\" content=\"Gesch\u00e4tzte Lesezeit\" \/>\n\t<meta name=\"twitter:data1\" content=\"5\u00a0Minuten\" \/>\n<script type=\"application\/ld+json\" class=\"yoast-schema-graph\">{\"@context\":\"https:\/\/schema.org\",\"@graph\":[{\"@type\":\"WebPage\",\"@id\":\"https:\/\/denkraum42.de\/?page_id=390\",\"url\":\"https:\/\/denkraum42.de\/?page_id=390\",\"name\":\"Business Starter Programm - Denkraum 42\",\"isPartOf\":{\"@id\":\"https:\/\/denkraum42.de\/#website\"},\"primaryImageOfPage\":{\"@id\":\"https:\/\/denkraum42.de\/?page_id=390#primaryimage\"},\"image\":{\"@id\":\"https:\/\/denkraum42.de\/?page_id=390#primaryimage\"},\"thumbnailUrl\":\"https:\/\/denkraum42.de\/wp-content\/uploads\/2024\/07\/beach-8338844_1280.jpg\",\"datePublished\":\"2024-07-03T12:11:03+00:00\",\"dateModified\":\"2024-08-04T13:04:00+00:00\",\"description\":\"Wir zeigen dir, wie du deine Leidenschaft in ein profitables Gesch\u00e4ft verwandelst..Lerne, wie du authentisch bleibst und deine Zielgruppe wirklich ansprichst.\",\"breadcrumb\":{\"@id\":\"https:\/\/denkraum42.de\/?page_id=390#breadcrumb\"},\"inLanguage\":\"de\",\"potentialAction\":[{\"@type\":\"ReadAction\",\"target\":[\"https:\/\/denkraum42.de\/?page_id=390\"]}]},{\"@type\":\"ImageObject\",\"inLanguage\":\"de\",\"@id\":\"https:\/\/denkraum42.de\/?page_id=390#primaryimage\",\"url\":\"https:\/\/denkraum42.de\/wp-content\/uploads\/2024\/07\/beach-8338844_1280.jpg\",\"contentUrl\":\"https:\/\/denkraum42.de\/wp-content\/uploads\/2024\/07\/beach-8338844_1280.jpg\",\"width\":1280,\"height\":853},{\"@type\":\"BreadcrumbList\",\"@id\":\"https:\/\/denkraum42.de\/?page_id=390#breadcrumb\",\"itemListElement\":[{\"@type\":\"ListItem\",\"position\":1,\"name\":\"Startseite\",\"item\":\"https:\/\/denkraum42.de\/\"},{\"@type\":\"ListItem\",\"position\":2,\"name\":\"Business Starter Programm\"}]},{\"@type\":\"WebSite\",\"@id\":\"https:\/\/denkraum42.de\/#website\",\"url\":\"https:\/\/denkraum42.de\/\",\"name\":\"Denkraum 42\",\"description\":\"Echte Transformation und integraler Wandel. Entwicklung evolution\u00e4r gestalten.\",\"publisher\":{\"@id\":\"https:\/\/denkraum42.de\/#organization\"},\"potentialAction\":[{\"@type\":\"SearchAction\",\"target\":{\"@type\":\"EntryPoint\",\"urlTemplate\":\"https:\/\/denkraum42.de\/?s={search_term_string}\"},\"query-input\":\"required name=search_term_string\"}],\"inLanguage\":\"de\"},{\"@type\":\"Organization\",\"@id\":\"https:\/\/denkraum42.de\/#organization\",\"name\":\"Denkraum 42\",\"url\":\"https:\/\/denkraum42.de\/\",\"logo\":{\"@type\":\"ImageObject\",\"inLanguage\":\"de\",\"@id\":\"https:\/\/denkraum42.de\/#\/schema\/logo\/image\/\",\"url\":\"https:\/\/denkraum42.de\/wp-content\/uploads\/2024\/05\/cropped-cropped-triskell-1193998_1920.png\",\"contentUrl\":\"https:\/\/denkraum42.de\/wp-content\/uploads\/2024\/05\/cropped-cropped-triskell-1193998_1920.png\",\"width\":250,\"height\":250,\"caption\":\"Denkraum 42\"},\"image\":{\"@id\":\"https:\/\/denkraum42.de\/#\/schema\/logo\/image\/\"}}]}<\/script>\n<!-- \/ Yoast SEO plugin. -->","yoast_head_json":{"title":"Business Starter Programm - Denkraum 42","description":"Wir zeigen dir, wie du deine Leidenschaft in ein profitables Gesch\u00e4ft verwandelst..Lerne, wie du authentisch bleibst und deine Zielgruppe wirklich ansprichst.","robots":{"index":"index","follow":"follow","max-snippet":"max-snippet:-1","max-image-preview":"max-image-preview:large","max-video-preview":"max-video-preview:-1"},"canonical":"https:\/\/denkraum42.de\/?page_id=390","og_locale":"de_DE","og_type":"article","og_title":"Business Starter Programm - Denkraum 42","og_description":"Wir zeigen dir, wie du deine Leidenschaft in ein profitables Gesch\u00e4ft verwandelst..Lerne, wie du authentisch bleibst und deine Zielgruppe wirklich ansprichst.","og_url":"https:\/\/denkraum42.de\/?page_id=390","og_site_name":"Denkraum 42","article_modified_time":"2024-08-04T13:04:00+00:00","og_image":[{"width":1280,"height":853,"url":"https:\/\/denkraum42.de\/wp-content\/uploads\/2024\/07\/beach-8338844_1280.jpg","type":"image\/jpeg"}],"twitter_card":"summary_large_image","twitter_misc":{"Gesch\u00e4tzte Lesezeit":"5\u00a0Minuten"},"schema":{"@context":"https:\/\/schema.org","@graph":[{"@type":"WebPage","@id":"https:\/\/denkraum42.de\/?page_id=390","url":"https:\/\/denkraum42.de\/?page_id=390","name":"Business Starter Programm - Denkraum 42","isPartOf":{"@id":"https:\/\/denkraum42.de\/#website"},"primaryImageOfPage":{"@id":"https:\/\/denkraum42.de\/?page_id=390#primaryimage"},"image":{"@id":"https:\/\/denkraum42.de\/?page_id=390#primaryimage"},"thumbnailUrl":"https:\/\/denkraum42.de\/wp-content\/uploads\/2024\/07\/beach-8338844_1280.jpg","datePublished":"2024-07-03T12:11:03+00:00","dateModified":"2024-08-04T13:04:00+00:00","description":"Wir zeigen dir, wie du deine Leidenschaft in ein profitables Gesch\u00e4ft verwandelst..Lerne, wie du authentisch bleibst und deine Zielgruppe wirklich ansprichst.","breadcrumb":{"@id":"https:\/\/denkraum42.de\/?page_id=390#breadcrumb"},"inLanguage":"de","potentialAction":[{"@type":"ReadAction","target":["https:\/\/denkraum42.de\/?page_id=390"]}]},{"@type":"ImageObject","inLanguage":"de","@id":"https:\/\/denkraum42.de\/?page_id=390#primaryimage","url":"https:\/\/denkraum42.de\/wp-content\/uploads\/2024\/07\/beach-8338844_1280.jpg","contentUrl":"https:\/\/denkraum42.de\/wp-content\/uploads\/2024\/07\/beach-8338844_1280.jpg","width":1280,"height":853},{"@type":"BreadcrumbList","@id":"https:\/\/denkraum42.de\/?page_id=390#breadcrumb","itemListElement":[{"@type":"ListItem","position":1,"name":"Startseite","item":"https:\/\/denkraum42.de\/"},{"@type":"ListItem","position":2,"name":"Business Starter Programm"}]},{"@type":"WebSite","@id":"https:\/\/denkraum42.de\/#website","url":"https:\/\/denkraum42.de\/","name":"Denkraum 42","description":"Echte Transformation und integraler Wandel. Entwicklung evolution\u00e4r gestalten.","publisher":{"@id":"https:\/\/denkraum42.de\/#organization"},"potentialAction":[{"@type":"SearchAction","target":{"@type":"EntryPoint","urlTemplate":"https:\/\/denkraum42.de\/?s={search_term_string}"},"query-input":"required name=search_term_string"}],"inLanguage":"de"},{"@type":"Organization","@id":"https:\/\/denkraum42.de\/#organization","name":"Denkraum 42","url":"https:\/\/denkraum42.de\/","logo":{"@type":"ImageObject","inLanguage":"de","@id":"https:\/\/denkraum42.de\/#\/schema\/logo\/image\/","url":"https:\/\/denkraum42.de\/wp-content\/uploads\/2024\/05\/cropped-cropped-triskell-1193998_1920.png","contentUrl":"https:\/\/denkraum42.de\/wp-content\/uploads\/2024\/05\/cropped-cropped-triskell-1193998_1920.png","width":250,"height":250,"caption":"Denkraum 42"},"image":{"@id":"https:\/\/denkraum42.de\/#\/schema\/logo\/image\/"}}]}},"_links":{"self":[{"href":"https:\/\/denkraum42.de\/index.php?rest_route=\/wp\/v2\/pages\/390","targetHints":{"allow":["GET"]}}],"collection":[{"href":"https:\/\/denkraum42.de\/index.php?rest_route=\/wp\/v2\/pages"}],"about":[{"href":"https:\/\/denkraum42.de\/index.php?rest_route=\/wp\/v2\/types\/page"}],"author":[{"embeddable":true,"href":"https:\/\/denkraum42.de\/index.php?rest_route=\/wp\/v2\/users\/1"}],"replies":[{"embeddable":true,"href":"https:\/\/denkraum42.de\/index.php?rest_route=%2Fwp%2Fv2%2Fcomments&post=390"}],"version-history":[{"count":12,"href":"https:\/\/denkraum42.de\/index.php?rest_route=\/wp\/v2\/pages\/390\/revisions"}],"predecessor-version":[{"id":476,"href":"https:\/\/denkraum42.de\/index.php?rest_route=\/wp\/v2\/pages\/390\/revisions\/476"}],"wp:featuredmedia":[{"embeddable":true,"href":"https:\/\/denkraum42.de\/index.php?rest_route=\/wp\/v2\/media\/391"}],"wp:attachment":[{"href":"https:\/\/denkraum42.de\/index.php?rest_route=%2Fwp%2Fv2%2Fmedia&parent=390"}],"curies":[{"name":"wp","href":"https:\/\/api.w.org\/{rel}","templated":true}]}}