{"id":478,"date":"2024-08-12T09:05:37","date_gmt":"2024-08-12T09:05:37","guid":{"rendered":"https:\/\/denkraum42.de\/?page_id=478"},"modified":"2024-08-12T09:08:43","modified_gmt":"2024-08-12T09:08:43","slug":"kundenmagnet","status":"publish","type":"page","link":"https:\/\/denkraum42.de\/?page_id=478","title":{"rendered":"Kundenmagnet"},"content":{"rendered":"\n<h2 class=\"wp-block-heading\"><strong>Wie Werte Deine Kommunikation revolutionieren!<\/strong><\/h2>\n\n\n\n<h2 class=\"wp-block-heading\">In einer Zeit, in der Kunden mit einer Flut von Informationen konfrontiert werden, ist es entscheidend, sich von der Masse abzuheben.&nbsp;<\/h2>\n\n\n\n<h2 class=\"wp-block-heading\"><strong>&#8222;Kundenmagnet: Wie Werte Deine Kommunikation revolutionieren!&#8220;<\/strong>&nbsp;bietet Dir die M\u00f6glichkeit, die tiefen Bed\u00fcrfnisse und Werte Deiner Zielgruppe zu verstehen und gezielt anzusprechen.<\/h2>\n\n\n\n<h1 class=\"wp-block-heading\">In diesem interaktiven Seminar lernst Du, wie Du durch wertorientierte Kommunikation nicht nur das Interesse Deiner Kunden weckst, sondern auch langfristige Beziehungen aufbauen kannst. Ich zeige Dir, wie Du Deine Marketingstrategien so gestalten kannst, dass sie nicht nur informieren, sondern auch inspirieren und \u00fcberzeugen.<\/h1>\n\n\n\n<h4 class=\"wp-block-heading\" id=\"was-erwartet-sie\"><strong>Was dich erwartet: <\/strong><\/h4>\n\n\n\n<ul class=\"wp-block-list\">\n<li><strong>Wertvolle Einblicke:<\/strong>&nbsp;Erfahre, wie Werte das Kaufverhalten beeinflussen und welche psychologischen Mechanismen dahinterstecken.<\/li>\n\n\n\n<li><strong>Praktische Werkzeuge:<\/strong>&nbsp;Entwickele effektive Kommunikationsstrategien, die auf den individuellen Werten Deiner Zielgruppe basieren.<\/li>\n\n\n\n<li><strong>Interaktive \u00dcbungen:<\/strong>&nbsp;Wir arbeiten in der Gruppe an realen Fallstudien und lernen  von Best Practices erfolgreicher Unternehmen.<\/li>\n\n\n\n<li><strong>Networking-M\u00f6glichkeiten:<\/strong>&nbsp;Tausche Dich mit Gleichgesinnten aus und erweitere Dein berufliches Netzwerk.<\/li>\n<\/ul>\n\n\n\n<p>Am Ende des Seminar wirst Du:<\/p>\n\n\n\n<ul class=\"wp-block-list\">\n<li>Die verschiedenen Werteebenen nach Spiral Dynamics umfassend verstehen und anwenden k\u00f6nnen.<\/li>\n\n\n\n<li>In der Lage sein, die spezifischen Bed\u00fcrfnisse und Motivationen Deiner Kunden pr\u00e4zise zu identifizieren.<\/li>\n\n\n\n<li>Effektive Kommunikationsstrategien entwickeln k\u00f6nnen, die Deine Marketingbotschaften emotional aufladen und verst\u00e4rken.<\/li>\n\n\n\n<li>Praktische Werkzeuge zur Anpassung Deiner Marketingbotschaften nutzen k\u00f6nnen, um eine tiefere Verbindung zu Deinen Kunden herzustellen.<\/li>\n\n\n\n<li>Ein vertieftes Verst\u00e4ndnis f\u00fcr den Einfluss von Werten auf das Kaufverhalten haben und dieses Wissen strategisch einsetzen k\u00f6nnen.<\/li>\n<\/ul>\n\n\n\n<h1 class=\"wp-block-heading\">Durch die Teilnahme an diesem Seminar wirst Du nicht nur zum Experten f\u00fcr wertorientierte Kommunikation \u2013 Du verwandelst  Dich in einen echten Kundenmagneten! Du steigerst Deine Verkaufszahlen, verbesserst Deine Kundenbindung und hebst Dich von der Konkurrenz ab.<\/h1>\n\n\n\n<p>Wir arbeiten in diesem Seminar interaktiv in einer kleinen exklusiven Gruppe. Daher sind die Teilnahmepl\u00e4tze limitiert.<\/p>\n\n\n\n<p><\/p>\n\n\n\n<p>Wann?<\/p>\n\n\n\n<p>vier Tage jeweils von 10 bis 17 Uhr<\/p>\n\n\n\n<p>20.\/21.09.204 und<\/p>\n\n\n\n<p>23.\/24.09.2024<\/p>\n\n\n\n<p>Wo?<\/p>\n\n\n\n<p>In einer sch\u00f6nen Villa in Saarbr\u00fccken. Den genauen Seminarort erf\u00e4hrst du nach Anmeldung.<\/p>\n\n\n\n<p>Deine Investition<\/p>\n\n\n\n<p>Bei Anmeldung und Zahlung bis 20.08.24 betr\u00e4gt die Seminargeb\u00fchr EUR 2.590 zzgl MwSt<\/p>\n\n\n\n<p>Bei Anmeldung und Zahlung nach dem 20.08.24 betr\u00e4gt die Seminargeb\u00fchr EUR 3.090 zzgl MwSt<\/p>\n\n\n\n<p><\/p>\n\n\n\n<p>Ja, ich entscheide mich schnell und bin dabei<\/p>\n\n\n\n<div class=\"wp-block-buttons is-content-justification-center is-layout-flex wp-container-core-buttons-is-layout-16018d1d wp-block-buttons-is-layout-flex\">\n<div class=\"wp-block-button\"><a class=\"wp-block-button__link wp-element-button\" href=\"https:\/\/denkraum42.de\/?page_id=263\">Anmeldung an<\/a><\/div>\n<\/div>\n","protected":false},"excerpt":{"rendered":"<p>Wie Werte Deine Kommunikation revolutionieren! In einer Zeit, in der Kunden mit einer Flut von Informationen konfrontiert werden, ist es entscheidend, sich von der Masse abzuheben.&nbsp; &#8222;Kundenmagnet: Wie Werte Deine Kommunikation revolutionieren!&#8220;&nbsp;bietet Dir die M\u00f6glichkeit, die tiefen Bed\u00fcrfnisse und Werte Deiner Zielgruppe zu verstehen und gezielt anzusprechen. In diesem interaktiven Seminar lernst Du, wie Du &hellip; <\/p>\n<p class=\"link-more\"><a href=\"https:\/\/denkraum42.de\/?page_id=478\" class=\"more-link\"><span class=\"screen-reader-text\">\u201eKundenmagnet\u201c<\/span> weiterlesen<\/a><\/p>\n","protected":false},"author":1,"featured_media":479,"parent":0,"menu_order":0,"comment_status":"closed","ping_status":"closed","template":"","meta":{"footnotes":""},"class_list":["post-478","page","type-page","status-publish","has-post-thumbnail","hentry"],"yoast_head":"<!-- This site is optimized with the Yoast SEO plugin v22.6 - https:\/\/yoast.com\/wordpress\/plugins\/seo\/ -->\n<title>Kundenmagnet - Denkraum 42<\/title>\n<meta name=\"description\" content=\"In einer Welt voller Informationen und Ablenkungen ist es entscheidend, dass Deine Botschaft nicht nur geh\u00f6rt, sondern auch gef\u00fchlt wird. Lerne, wie Du die tiefen Bed\u00fcrfnisse und Werte Deiner Zielgruppe erkennen und gezielt ansprechen kannst.\" \/>\n<meta name=\"robots\" content=\"index, follow, max-snippet:-1, max-image-preview:large, max-video-preview:-1\" \/>\n<link rel=\"canonical\" href=\"https:\/\/denkraum42.de\/?page_id=478\" \/>\n<meta property=\"og:locale\" content=\"de_DE\" \/>\n<meta property=\"og:type\" content=\"article\" \/>\n<meta property=\"og:title\" content=\"Kundenmagnet - Denkraum 42\" \/>\n<meta property=\"og:description\" content=\"In einer Welt voller Informationen und Ablenkungen ist es entscheidend, dass Deine Botschaft nicht nur geh\u00f6rt, sondern auch gef\u00fchlt wird. Lerne, wie Du die tiefen Bed\u00fcrfnisse und Werte Deiner Zielgruppe erkennen und gezielt ansprechen kannst.\" \/>\n<meta property=\"og:url\" content=\"https:\/\/denkraum42.de\/?page_id=478\" \/>\n<meta property=\"og:site_name\" content=\"Denkraum 42\" \/>\n<meta property=\"article:modified_time\" content=\"2024-08-12T09:08:43+00:00\" \/>\n<meta property=\"og:image\" content=\"https:\/\/denkraum42.de\/wp-content\/uploads\/2024\/08\/poppy-4226793_1280-1.jpg\" \/>\n\t<meta property=\"og:image:width\" content=\"1280\" \/>\n\t<meta property=\"og:image:height\" content=\"853\" \/>\n\t<meta property=\"og:image:type\" content=\"image\/jpeg\" \/>\n<meta name=\"twitter:card\" content=\"summary_large_image\" \/>\n<meta name=\"twitter:label1\" content=\"Gesch\u00e4tzte Lesezeit\" \/>\n\t<meta name=\"twitter:data1\" content=\"3\u00a0Minuten\" \/>\n<script type=\"application\/ld+json\" class=\"yoast-schema-graph\">{\"@context\":\"https:\/\/schema.org\",\"@graph\":[{\"@type\":\"WebPage\",\"@id\":\"https:\/\/denkraum42.de\/?page_id=478\",\"url\":\"https:\/\/denkraum42.de\/?page_id=478\",\"name\":\"Kundenmagnet - Denkraum 42\",\"isPartOf\":{\"@id\":\"https:\/\/denkraum42.de\/#website\"},\"primaryImageOfPage\":{\"@id\":\"https:\/\/denkraum42.de\/?page_id=478#primaryimage\"},\"image\":{\"@id\":\"https:\/\/denkraum42.de\/?page_id=478#primaryimage\"},\"thumbnailUrl\":\"https:\/\/denkraum42.de\/wp-content\/uploads\/2024\/08\/poppy-4226793_1280-1.jpg\",\"datePublished\":\"2024-08-12T09:05:37+00:00\",\"dateModified\":\"2024-08-12T09:08:43+00:00\",\"description\":\"In einer Welt voller Informationen und Ablenkungen ist es entscheidend, dass Deine Botschaft nicht nur geh\u00f6rt, sondern auch gef\u00fchlt wird. Lerne, wie Du die tiefen Bed\u00fcrfnisse und Werte Deiner Zielgruppe erkennen und gezielt ansprechen kannst.\",\"breadcrumb\":{\"@id\":\"https:\/\/denkraum42.de\/?page_id=478#breadcrumb\"},\"inLanguage\":\"de\",\"potentialAction\":[{\"@type\":\"ReadAction\",\"target\":[\"https:\/\/denkraum42.de\/?page_id=478\"]}]},{\"@type\":\"ImageObject\",\"inLanguage\":\"de\",\"@id\":\"https:\/\/denkraum42.de\/?page_id=478#primaryimage\",\"url\":\"https:\/\/denkraum42.de\/wp-content\/uploads\/2024\/08\/poppy-4226793_1280-1.jpg\",\"contentUrl\":\"https:\/\/denkraum42.de\/wp-content\/uploads\/2024\/08\/poppy-4226793_1280-1.jpg\",\"width\":1280,\"height\":853},{\"@type\":\"BreadcrumbList\",\"@id\":\"https:\/\/denkraum42.de\/?page_id=478#breadcrumb\",\"itemListElement\":[{\"@type\":\"ListItem\",\"position\":1,\"name\":\"Startseite\",\"item\":\"https:\/\/denkraum42.de\/\"},{\"@type\":\"ListItem\",\"position\":2,\"name\":\"Kundenmagnet\"}]},{\"@type\":\"WebSite\",\"@id\":\"https:\/\/denkraum42.de\/#website\",\"url\":\"https:\/\/denkraum42.de\/\",\"name\":\"Denkraum 42\",\"description\":\"Echte Transformation und integraler Wandel. Entwicklung evolution\u00e4r gestalten.\",\"publisher\":{\"@id\":\"https:\/\/denkraum42.de\/#organization\"},\"potentialAction\":[{\"@type\":\"SearchAction\",\"target\":{\"@type\":\"EntryPoint\",\"urlTemplate\":\"https:\/\/denkraum42.de\/?s={search_term_string}\"},\"query-input\":\"required name=search_term_string\"}],\"inLanguage\":\"de\"},{\"@type\":\"Organization\",\"@id\":\"https:\/\/denkraum42.de\/#organization\",\"name\":\"Denkraum 42\",\"url\":\"https:\/\/denkraum42.de\/\",\"logo\":{\"@type\":\"ImageObject\",\"inLanguage\":\"de\",\"@id\":\"https:\/\/denkraum42.de\/#\/schema\/logo\/image\/\",\"url\":\"https:\/\/denkraum42.de\/wp-content\/uploads\/2024\/05\/cropped-cropped-triskell-1193998_1920.png\",\"contentUrl\":\"https:\/\/denkraum42.de\/wp-content\/uploads\/2024\/05\/cropped-cropped-triskell-1193998_1920.png\",\"width\":250,\"height\":250,\"caption\":\"Denkraum 42\"},\"image\":{\"@id\":\"https:\/\/denkraum42.de\/#\/schema\/logo\/image\/\"}}]}<\/script>\n<!-- \/ Yoast SEO plugin. -->","yoast_head_json":{"title":"Kundenmagnet - Denkraum 42","description":"In einer Welt voller Informationen und Ablenkungen ist es entscheidend, dass Deine Botschaft nicht nur geh\u00f6rt, sondern auch gef\u00fchlt wird. Lerne, wie Du die tiefen Bed\u00fcrfnisse und Werte Deiner Zielgruppe erkennen und gezielt ansprechen kannst.","robots":{"index":"index","follow":"follow","max-snippet":"max-snippet:-1","max-image-preview":"max-image-preview:large","max-video-preview":"max-video-preview:-1"},"canonical":"https:\/\/denkraum42.de\/?page_id=478","og_locale":"de_DE","og_type":"article","og_title":"Kundenmagnet - Denkraum 42","og_description":"In einer Welt voller Informationen und Ablenkungen ist es entscheidend, dass Deine Botschaft nicht nur geh\u00f6rt, sondern auch gef\u00fchlt wird. Lerne, wie Du die tiefen Bed\u00fcrfnisse und Werte Deiner Zielgruppe erkennen und gezielt ansprechen kannst.","og_url":"https:\/\/denkraum42.de\/?page_id=478","og_site_name":"Denkraum 42","article_modified_time":"2024-08-12T09:08:43+00:00","og_image":[{"width":1280,"height":853,"url":"https:\/\/denkraum42.de\/wp-content\/uploads\/2024\/08\/poppy-4226793_1280-1.jpg","type":"image\/jpeg"}],"twitter_card":"summary_large_image","twitter_misc":{"Gesch\u00e4tzte Lesezeit":"3\u00a0Minuten"},"schema":{"@context":"https:\/\/schema.org","@graph":[{"@type":"WebPage","@id":"https:\/\/denkraum42.de\/?page_id=478","url":"https:\/\/denkraum42.de\/?page_id=478","name":"Kundenmagnet - Denkraum 42","isPartOf":{"@id":"https:\/\/denkraum42.de\/#website"},"primaryImageOfPage":{"@id":"https:\/\/denkraum42.de\/?page_id=478#primaryimage"},"image":{"@id":"https:\/\/denkraum42.de\/?page_id=478#primaryimage"},"thumbnailUrl":"https:\/\/denkraum42.de\/wp-content\/uploads\/2024\/08\/poppy-4226793_1280-1.jpg","datePublished":"2024-08-12T09:05:37+00:00","dateModified":"2024-08-12T09:08:43+00:00","description":"In einer Welt voller Informationen und Ablenkungen ist es entscheidend, dass Deine Botschaft nicht nur geh\u00f6rt, sondern auch gef\u00fchlt wird. Lerne, wie Du die tiefen Bed\u00fcrfnisse und Werte Deiner Zielgruppe erkennen und gezielt ansprechen kannst.","breadcrumb":{"@id":"https:\/\/denkraum42.de\/?page_id=478#breadcrumb"},"inLanguage":"de","potentialAction":[{"@type":"ReadAction","target":["https:\/\/denkraum42.de\/?page_id=478"]}]},{"@type":"ImageObject","inLanguage":"de","@id":"https:\/\/denkraum42.de\/?page_id=478#primaryimage","url":"https:\/\/denkraum42.de\/wp-content\/uploads\/2024\/08\/poppy-4226793_1280-1.jpg","contentUrl":"https:\/\/denkraum42.de\/wp-content\/uploads\/2024\/08\/poppy-4226793_1280-1.jpg","width":1280,"height":853},{"@type":"BreadcrumbList","@id":"https:\/\/denkraum42.de\/?page_id=478#breadcrumb","itemListElement":[{"@type":"ListItem","position":1,"name":"Startseite","item":"https:\/\/denkraum42.de\/"},{"@type":"ListItem","position":2,"name":"Kundenmagnet"}]},{"@type":"WebSite","@id":"https:\/\/denkraum42.de\/#website","url":"https:\/\/denkraum42.de\/","name":"Denkraum 42","description":"Echte Transformation und integraler Wandel. Entwicklung evolution\u00e4r gestalten.","publisher":{"@id":"https:\/\/denkraum42.de\/#organization"},"potentialAction":[{"@type":"SearchAction","target":{"@type":"EntryPoint","urlTemplate":"https:\/\/denkraum42.de\/?s={search_term_string}"},"query-input":"required name=search_term_string"}],"inLanguage":"de"},{"@type":"Organization","@id":"https:\/\/denkraum42.de\/#organization","name":"Denkraum 42","url":"https:\/\/denkraum42.de\/","logo":{"@type":"ImageObject","inLanguage":"de","@id":"https:\/\/denkraum42.de\/#\/schema\/logo\/image\/","url":"https:\/\/denkraum42.de\/wp-content\/uploads\/2024\/05\/cropped-cropped-triskell-1193998_1920.png","contentUrl":"https:\/\/denkraum42.de\/wp-content\/uploads\/2024\/05\/cropped-cropped-triskell-1193998_1920.png","width":250,"height":250,"caption":"Denkraum 42"},"image":{"@id":"https:\/\/denkraum42.de\/#\/schema\/logo\/image\/"}}]}},"_links":{"self":[{"href":"https:\/\/denkraum42.de\/index.php?rest_route=\/wp\/v2\/pages\/478","targetHints":{"allow":["GET"]}}],"collection":[{"href":"https:\/\/denkraum42.de\/index.php?rest_route=\/wp\/v2\/pages"}],"about":[{"href":"https:\/\/denkraum42.de\/index.php?rest_route=\/wp\/v2\/types\/page"}],"author":[{"embeddable":true,"href":"https:\/\/denkraum42.de\/index.php?rest_route=\/wp\/v2\/users\/1"}],"replies":[{"embeddable":true,"href":"https:\/\/denkraum42.de\/index.php?rest_route=%2Fwp%2Fv2%2Fcomments&post=478"}],"version-history":[{"count":3,"href":"https:\/\/denkraum42.de\/index.php?rest_route=\/wp\/v2\/pages\/478\/revisions"}],"predecessor-version":[{"id":483,"href":"https:\/\/denkraum42.de\/index.php?rest_route=\/wp\/v2\/pages\/478\/revisions\/483"}],"wp:featuredmedia":[{"embeddable":true,"href":"https:\/\/denkraum42.de\/index.php?rest_route=\/wp\/v2\/media\/479"}],"wp:attachment":[{"href":"https:\/\/denkraum42.de\/index.php?rest_route=%2Fwp%2Fv2%2Fmedia&parent=478"}],"curies":[{"name":"wp","href":"https:\/\/api.w.org\/{rel}","templated":true}]}}