{"id":498,"date":"2024-08-13T11:58:14","date_gmt":"2024-08-13T11:58:14","guid":{"rendered":"https:\/\/denkraum42.de\/?page_id=498"},"modified":"2024-08-13T12:27:28","modified_gmt":"2024-08-13T12:27:28","slug":"phoenix-mentoringprogramm","status":"publish","type":"page","link":"https:\/\/denkraum42.de\/?page_id=498","title":{"rendered":"Ph\u00f6nix Mentoringprogramm"},"content":{"rendered":"\n<p>Weitere Vorteile<\/p>\n\n\n\n<ol class=\"wp-block-list\">\n<li><strong>Individuelle Begleitung:<\/strong>\n<ul class=\"wp-block-list\">\n<li>Du erh\u00e4ltst pers\u00f6nliche Unterst\u00fctzung durch 1:1 Mentoring um, deine Ziele zu definieren und einen klaren Aktionsplan zu entwickeln.<\/li>\n\n\n\n<li>Regelm\u00e4\u00dfige Einzelgespr\u00e4che (monatlich) bieten dir die M\u00f6glichkeit, Fragen zu kl\u00e4ren, Herausforderungen zu besprechen und Fortschritte zu reflektieren.<\/li>\n<\/ul>\n<\/li>\n\n\n\n<li><strong>Zielsetzung und Reflexion:<\/strong>\n<ul class=\"wp-block-list\">\n<li>Gemeinsam setzen wir klare Ziele f\u00fcr deine pers\u00f6nliche Entwicklung und reflektieren regelm\u00e4\u00dfig \u00fcber deinen Fortschritt.<\/li>\n\n\n\n<li>Du lernst Techniken zur Selbstreflexion und zur Anpassung deiner Strategien an sich ver\u00e4ndernde Lebensumst\u00e4nde<\/li>\n<\/ul>\n<\/li>\n\n\n\n<li><strong>Warum solltest du am Mentoring-Programm teilnehmen?<\/strong><strong>Nachhaltige Transformation:<\/strong>&nbsp;Das Mentoring-Programm bietet dir die M\u00f6glichkeit, die im Seminar erlernten Konzepte und Techniken langfristig in dein Leben zu integrieren. Du wirst nicht nur kurzfristige Ver\u00e4nderungen erleben, sondern auch eine tiefgreifende pers\u00f6nliche Transformation.<\/li>\n\n\n\n<li><strong>Individuelle Unterst\u00fctzung:<\/strong>&nbsp;Jeder Mensch ist einzigartig, und so sind auch die Herausforderungen, denen wir gegen\u00fcberstehen. Durch die individuelle Begleitung kannst du sicherstellen, dass deine spezifischen Bed\u00fcrfnisse und Ziele im Mittelpunkt stehen.<\/li>\n<\/ol>\n\n\n\n<p><\/p>\n\n\n\n<p>Preise f\u00fcr das Mentoringprogramm<\/p>\n\n\n\n<p>pro Person<\/p>\n\n\n\n<p>EUR 3.840<\/p>\n\n\n\n<p>Bei Buchung und Zahlung bis 20.08.2024 lediglich EUR 3.540<\/p>\n\n\n\n<p>Das 6-monatige Mentoring-Programm \u201eDer Weg des Ph\u00f6nix\u201c ist eine wertvolle Erg\u00e4nzung zu deinem Seminarerlebnis. Es bietet dir die Werkzeuge, Unterst\u00fctzung und Gemeinschaft, die du ben\u00f6tigst, um deine Reise zur Selbstentfaltung fortzusetzen. Lass uns gemeinsam an deiner Vision arbeiten und sie Wirklichkeit werden lassen!<\/p>\n\n\n\n<h1 class=\"wp-block-heading has-text-align-center\">Melde dich jetzt an und beginne deine transformative Reise!<\/h1>\n\n\n\n<p>Zur Anmeldung nutze einfach diesen Button. Bitte gebe bei der Anmeldung die Seminarbezeichnung an sowie f\u00fcr welche Variante du dich entschieden hast.<\/p>\n\n\n\n<p><\/p>\n\n\n\n<div class=\"wp-block-buttons is-content-justification-center is-layout-flex wp-container-core-buttons-is-layout-16018d1d wp-block-buttons-is-layout-flex\">\n<div class=\"wp-block-button\"><a class=\"wp-block-button__link wp-element-button\" href=\"https:\/\/denkraum42.de\/?page_id=263\">Anmeldung<\/a><\/div>\n<\/div>\n\n\n\n<p><\/p>\n\n\n\n<p><\/p>\n\n\n\n<p><\/p>\n","protected":false},"excerpt":{"rendered":"<p>Weitere Vorteile Preise f\u00fcr das Mentoringprogramm pro Person EUR 3.840 Bei Buchung und Zahlung bis 20.08.2024 lediglich EUR 3.540 Das 6-monatige Mentoring-Programm \u201eDer Weg des Ph\u00f6nix\u201c ist eine wertvolle Erg\u00e4nzung zu deinem Seminarerlebnis. Es bietet dir die Werkzeuge, Unterst\u00fctzung und Gemeinschaft, die du ben\u00f6tigst, um deine Reise zur Selbstentfaltung fortzusetzen. Lass uns gemeinsam an deiner &hellip; <\/p>\n<p class=\"link-more\"><a href=\"https:\/\/denkraum42.de\/?page_id=498\" class=\"more-link\"><span class=\"screen-reader-text\">\u201ePh\u00f6nix Mentoringprogramm\u201c<\/span> weiterlesen<\/a><\/p>\n","protected":false},"author":1,"featured_media":0,"parent":0,"menu_order":0,"comment_status":"closed","ping_status":"closed","template":"","meta":{"footnotes":""},"class_list":["post-498","page","type-page","status-publish","hentry"],"yoast_head":"<!-- This site is optimized with the Yoast SEO plugin v22.6 - https:\/\/yoast.com\/wordpress\/plugins\/seo\/ -->\n<title>Ph\u00f6nix Mentoringprogramm - Denkraum 42<\/title>\n<meta name=\"robots\" content=\"index, follow, max-snippet:-1, max-image-preview:large, max-video-preview:-1\" \/>\n<link rel=\"canonical\" href=\"https:\/\/denkraum42.de\/?page_id=498\" \/>\n<meta property=\"og:locale\" content=\"de_DE\" \/>\n<meta property=\"og:type\" content=\"article\" \/>\n<meta property=\"og:title\" content=\"Ph\u00f6nix Mentoringprogramm - Denkraum 42\" \/>\n<meta property=\"og:description\" content=\"Weitere Vorteile Preise f\u00fcr das Mentoringprogramm pro Person EUR 3.840 Bei Buchung und Zahlung bis 20.08.2024 lediglich EUR 3.540 Das 6-monatige Mentoring-Programm \u201eDer Weg des Ph\u00f6nix\u201c ist eine wertvolle Erg\u00e4nzung zu deinem Seminarerlebnis. Es bietet dir die Werkzeuge, Unterst\u00fctzung und Gemeinschaft, die du ben\u00f6tigst, um deine Reise zur Selbstentfaltung fortzusetzen. Lass uns gemeinsam an deiner &hellip; \u201ePh\u00f6nix Mentoringprogramm\u201c weiterlesen\" \/>\n<meta property=\"og:url\" content=\"https:\/\/denkraum42.de\/?page_id=498\" \/>\n<meta property=\"og:site_name\" content=\"Denkraum 42\" \/>\n<meta property=\"article:modified_time\" content=\"2024-08-13T12:27:28+00:00\" \/>\n<meta name=\"twitter:card\" content=\"summary_large_image\" \/>\n<meta name=\"twitter:label1\" content=\"Gesch\u00e4tzte Lesezeit\" \/>\n\t<meta name=\"twitter:data1\" content=\"2\u00a0Minuten\" \/>\n<script type=\"application\/ld+json\" class=\"yoast-schema-graph\">{\"@context\":\"https:\/\/schema.org\",\"@graph\":[{\"@type\":\"WebPage\",\"@id\":\"https:\/\/denkraum42.de\/?page_id=498\",\"url\":\"https:\/\/denkraum42.de\/?page_id=498\",\"name\":\"Ph\u00f6nix Mentoringprogramm - Denkraum 42\",\"isPartOf\":{\"@id\":\"https:\/\/denkraum42.de\/#website\"},\"datePublished\":\"2024-08-13T11:58:14+00:00\",\"dateModified\":\"2024-08-13T12:27:28+00:00\",\"breadcrumb\":{\"@id\":\"https:\/\/denkraum42.de\/?page_id=498#breadcrumb\"},\"inLanguage\":\"de\",\"potentialAction\":[{\"@type\":\"ReadAction\",\"target\":[\"https:\/\/denkraum42.de\/?page_id=498\"]}]},{\"@type\":\"BreadcrumbList\",\"@id\":\"https:\/\/denkraum42.de\/?page_id=498#breadcrumb\",\"itemListElement\":[{\"@type\":\"ListItem\",\"position\":1,\"name\":\"Startseite\",\"item\":\"https:\/\/denkraum42.de\/\"},{\"@type\":\"ListItem\",\"position\":2,\"name\":\"Ph\u00f6nix Mentoringprogramm\"}]},{\"@type\":\"WebSite\",\"@id\":\"https:\/\/denkraum42.de\/#website\",\"url\":\"https:\/\/denkraum42.de\/\",\"name\":\"Denkraum 42\",\"description\":\"Echte Transformation und integraler Wandel. Entwicklung evolution\u00e4r gestalten.\",\"publisher\":{\"@id\":\"https:\/\/denkraum42.de\/#organization\"},\"potentialAction\":[{\"@type\":\"SearchAction\",\"target\":{\"@type\":\"EntryPoint\",\"urlTemplate\":\"https:\/\/denkraum42.de\/?s={search_term_string}\"},\"query-input\":\"required name=search_term_string\"}],\"inLanguage\":\"de\"},{\"@type\":\"Organization\",\"@id\":\"https:\/\/denkraum42.de\/#organization\",\"name\":\"Denkraum 42\",\"url\":\"https:\/\/denkraum42.de\/\",\"logo\":{\"@type\":\"ImageObject\",\"inLanguage\":\"de\",\"@id\":\"https:\/\/denkraum42.de\/#\/schema\/logo\/image\/\",\"url\":\"https:\/\/denkraum42.de\/wp-content\/uploads\/2024\/05\/cropped-cropped-triskell-1193998_1920.png\",\"contentUrl\":\"https:\/\/denkraum42.de\/wp-content\/uploads\/2024\/05\/cropped-cropped-triskell-1193998_1920.png\",\"width\":250,\"height\":250,\"caption\":\"Denkraum 42\"},\"image\":{\"@id\":\"https:\/\/denkraum42.de\/#\/schema\/logo\/image\/\"}}]}<\/script>\n<!-- \/ Yoast SEO plugin. -->","yoast_head_json":{"title":"Ph\u00f6nix Mentoringprogramm - Denkraum 42","robots":{"index":"index","follow":"follow","max-snippet":"max-snippet:-1","max-image-preview":"max-image-preview:large","max-video-preview":"max-video-preview:-1"},"canonical":"https:\/\/denkraum42.de\/?page_id=498","og_locale":"de_DE","og_type":"article","og_title":"Ph\u00f6nix Mentoringprogramm - Denkraum 42","og_description":"Weitere Vorteile Preise f\u00fcr das Mentoringprogramm pro Person EUR 3.840 Bei Buchung und Zahlung bis 20.08.2024 lediglich EUR 3.540 Das 6-monatige Mentoring-Programm \u201eDer Weg des Ph\u00f6nix\u201c ist eine wertvolle Erg\u00e4nzung zu deinem Seminarerlebnis. Es bietet dir die Werkzeuge, Unterst\u00fctzung und Gemeinschaft, die du ben\u00f6tigst, um deine Reise zur Selbstentfaltung fortzusetzen. Lass uns gemeinsam an deiner &hellip; \u201ePh\u00f6nix Mentoringprogramm\u201c weiterlesen","og_url":"https:\/\/denkraum42.de\/?page_id=498","og_site_name":"Denkraum 42","article_modified_time":"2024-08-13T12:27:28+00:00","twitter_card":"summary_large_image","twitter_misc":{"Gesch\u00e4tzte Lesezeit":"2\u00a0Minuten"},"schema":{"@context":"https:\/\/schema.org","@graph":[{"@type":"WebPage","@id":"https:\/\/denkraum42.de\/?page_id=498","url":"https:\/\/denkraum42.de\/?page_id=498","name":"Ph\u00f6nix Mentoringprogramm - Denkraum 42","isPartOf":{"@id":"https:\/\/denkraum42.de\/#website"},"datePublished":"2024-08-13T11:58:14+00:00","dateModified":"2024-08-13T12:27:28+00:00","breadcrumb":{"@id":"https:\/\/denkraum42.de\/?page_id=498#breadcrumb"},"inLanguage":"de","potentialAction":[{"@type":"ReadAction","target":["https:\/\/denkraum42.de\/?page_id=498"]}]},{"@type":"BreadcrumbList","@id":"https:\/\/denkraum42.de\/?page_id=498#breadcrumb","itemListElement":[{"@type":"ListItem","position":1,"name":"Startseite","item":"https:\/\/denkraum42.de\/"},{"@type":"ListItem","position":2,"name":"Ph\u00f6nix Mentoringprogramm"}]},{"@type":"WebSite","@id":"https:\/\/denkraum42.de\/#website","url":"https:\/\/denkraum42.de\/","name":"Denkraum 42","description":"Echte Transformation und integraler Wandel. Entwicklung evolution\u00e4r gestalten.","publisher":{"@id":"https:\/\/denkraum42.de\/#organization"},"potentialAction":[{"@type":"SearchAction","target":{"@type":"EntryPoint","urlTemplate":"https:\/\/denkraum42.de\/?s={search_term_string}"},"query-input":"required name=search_term_string"}],"inLanguage":"de"},{"@type":"Organization","@id":"https:\/\/denkraum42.de\/#organization","name":"Denkraum 42","url":"https:\/\/denkraum42.de\/","logo":{"@type":"ImageObject","inLanguage":"de","@id":"https:\/\/denkraum42.de\/#\/schema\/logo\/image\/","url":"https:\/\/denkraum42.de\/wp-content\/uploads\/2024\/05\/cropped-cropped-triskell-1193998_1920.png","contentUrl":"https:\/\/denkraum42.de\/wp-content\/uploads\/2024\/05\/cropped-cropped-triskell-1193998_1920.png","width":250,"height":250,"caption":"Denkraum 42"},"image":{"@id":"https:\/\/denkraum42.de\/#\/schema\/logo\/image\/"}}]}},"_links":{"self":[{"href":"https:\/\/denkraum42.de\/index.php?rest_route=\/wp\/v2\/pages\/498","targetHints":{"allow":["GET"]}}],"collection":[{"href":"https:\/\/denkraum42.de\/index.php?rest_route=\/wp\/v2\/pages"}],"about":[{"href":"https:\/\/denkraum42.de\/index.php?rest_route=\/wp\/v2\/types\/page"}],"author":[{"embeddable":true,"href":"https:\/\/denkraum42.de\/index.php?rest_route=\/wp\/v2\/users\/1"}],"replies":[{"embeddable":true,"href":"https:\/\/denkraum42.de\/index.php?rest_route=%2Fwp%2Fv2%2Fcomments&post=498"}],"version-history":[{"count":3,"href":"https:\/\/denkraum42.de\/index.php?rest_route=\/wp\/v2\/pages\/498\/revisions"}],"predecessor-version":[{"id":504,"href":"https:\/\/denkraum42.de\/index.php?rest_route=\/wp\/v2\/pages\/498\/revisions\/504"}],"wp:attachment":[{"href":"https:\/\/denkraum42.de\/index.php?rest_route=%2Fwp%2Fv2%2Fmedia&parent=498"}],"curies":[{"name":"wp","href":"https:\/\/api.w.org\/{rel}","templated":true}]}}