{"id":53,"date":"2024-05-03T09:47:20","date_gmt":"2024-05-03T09:47:20","guid":{"rendered":"https:\/\/denkraum42.de\/?page_id=53"},"modified":"2024-06-05T17:01:27","modified_gmt":"2024-06-05T17:01:27","slug":"angebote","status":"publish","type":"page","link":"https:\/\/denkraum42.de\/?page_id=53","title":{"rendered":"Angebote"},"content":{"rendered":"\n<h2 class=\"wp-block-heading\">Tiefe Entwicklung. Wahre Transformation.<\/h2>\n\n\n\n<p>Hier findest Du Angebote f\u00fcr Dich und Deine eigene Entwicklung. F\u00fcr deine Zukunftsf\u00e4higkeit als Soloselbst\u00e4ndiger. F\u00fcr Deine Organisation oder Dein Unternehmen. F\u00fcr mehr Balance und ein tieferes Verst\u00e4ndnis als F\u00fchrungskraft.<\/p>\n\n\n\n<blockquote class=\"wp-block-quote is-layout-flow wp-block-quote-is-layout-flow\">\n<p>&#8222;Bei den meisten Transformationsprogrammen geht es nur darum, die alten M\u00f6bel in den alten R\u00e4umen umzustellen. Mag sein, dass manchmal sogar Anstalten gemacht werden, einige St\u00fccke wegzuwerfen. Aber eine echte Transformation bedeutet, die R\u00e4ume v\u00f6llig neu zu gestalten. Echte Transformation erfordert, dass wir das Denken hinter unserem Denken ver\u00e4ndern.&#8220;<\/p>\n<cite>Danah Zohar<\/cite><\/blockquote>\n\n\n\n<p><\/p>\n\n\n\n<p>Um der Komplexit\u00e4t der heutigen Gesellschaft gerecht zu werden und Menschen optimal anhand ihrer eigenen F\u00e4higkeiten zu entwickeln, bedarf es ein tiefes Verst\u00e4ndnis f\u00fcr menschliche und unternehmerische Entwicklung und eine entsprechende Methodenkompetenz, zu wissen, was man wann und wie anwenden kann.<\/p>\n\n\n\n<figure class=\"wp-block-gallery has-nested-images columns-default is-cropped wp-block-gallery-1 is-layout-flex wp-block-gallery-is-layout-flex\">\n<figure class=\"wp-block-image size-large\"><img loading=\"lazy\" decoding=\"async\" width=\"1024\" height=\"682\" data-id=\"186\" src=\"https:\/\/denkraum42.de\/wp-content\/uploads\/2024\/06\/writing-923882_1280-1024x682.jpg\" alt=\"\" class=\"wp-image-186\" srcset=\"https:\/\/denkraum42.de\/wp-content\/uploads\/2024\/06\/writing-923882_1280-1024x682.jpg 1024w, https:\/\/denkraum42.de\/wp-content\/uploads\/2024\/06\/writing-923882_1280-300x200.jpg 300w, https:\/\/denkraum42.de\/wp-content\/uploads\/2024\/06\/writing-923882_1280-768x512.jpg 768w, https:\/\/denkraum42.de\/wp-content\/uploads\/2024\/06\/writing-923882_1280.jpg 1280w\" sizes=\"auto, (max-width: 767px) 89vw, (max-width: 1000px) 54vw, (max-width: 1071px) 543px, 580px\" \/><figcaption class=\"wp-element-caption\"><a href=\"https:\/\/denkraum42.de\/?page_id=161\">F\u00fcr Dich<\/a><\/figcaption><\/figure>\n\n\n\n<figure class=\"wp-block-image size-large\"><img loading=\"lazy\" decoding=\"async\" width=\"682\" height=\"1024\" data-id=\"191\" src=\"https:\/\/denkraum42.de\/wp-content\/uploads\/2024\/06\/fantasy-8505406_1280-682x1024.jpg\" alt=\"\" class=\"wp-image-191\" srcset=\"https:\/\/denkraum42.de\/wp-content\/uploads\/2024\/06\/fantasy-8505406_1280-682x1024.jpg 682w, https:\/\/denkraum42.de\/wp-content\/uploads\/2024\/06\/fantasy-8505406_1280-200x300.jpg 200w, https:\/\/denkraum42.de\/wp-content\/uploads\/2024\/06\/fantasy-8505406_1280-768x1152.jpg 768w, https:\/\/denkraum42.de\/wp-content\/uploads\/2024\/06\/fantasy-8505406_1280.jpg 853w\" sizes=\"auto, (max-width: 682px) 100vw, 682px\" \/><figcaption class=\"wp-element-caption\"><a href=\"https:\/\/denkraum42.de\/?page_id=159\">F\u00fcr Unternehmen<\/a><\/figcaption><\/figure>\n\n\n\n<figure class=\"wp-block-image size-large\"><img loading=\"lazy\" decoding=\"async\" width=\"1024\" height=\"585\" data-id=\"196\" src=\"https:\/\/denkraum42.de\/wp-content\/uploads\/2024\/06\/ai-generated-8708411_1920-1024x585.jpg\" alt=\"\" class=\"wp-image-196\" srcset=\"https:\/\/denkraum42.de\/wp-content\/uploads\/2024\/06\/ai-generated-8708411_1920-1024x585.jpg 1024w, https:\/\/denkraum42.de\/wp-content\/uploads\/2024\/06\/ai-generated-8708411_1920-300x171.jpg 300w, https:\/\/denkraum42.de\/wp-content\/uploads\/2024\/06\/ai-generated-8708411_1920-768x439.jpg 768w, https:\/\/denkraum42.de\/wp-content\/uploads\/2024\/06\/ai-generated-8708411_1920-1536x878.jpg 1536w, https:\/\/denkraum42.de\/wp-content\/uploads\/2024\/06\/ai-generated-8708411_1920-1320x754.jpg 1320w, https:\/\/denkraum42.de\/wp-content\/uploads\/2024\/06\/ai-generated-8708411_1920.jpg 1920w\" sizes=\"auto, (max-width: 767px) 89vw, (max-width: 1000px) 54vw, (max-width: 1071px) 543px, 580px\" \/><figcaption class=\"wp-element-caption\">F\u00fcr Trainer und Coaches der neuen Generation<\/figcaption><\/figure>\n<\/figure>\n\n\n\n<figure class=\"wp-block-gallery has-nested-images columns-default is-cropped wp-block-gallery-2 is-layout-flex wp-block-gallery-is-layout-flex\">\n<figure class=\"wp-block-image size-large\"><img loading=\"lazy\" decoding=\"async\" width=\"1024\" height=\"682\" data-id=\"203\" src=\"https:\/\/denkraum42.de\/wp-content\/uploads\/2024\/06\/alone-3433137_1280-1024x682.jpg\" alt=\"\" class=\"wp-image-203\" srcset=\"https:\/\/denkraum42.de\/wp-content\/uploads\/2024\/06\/alone-3433137_1280-1024x682.jpg 1024w, https:\/\/denkraum42.de\/wp-content\/uploads\/2024\/06\/alone-3433137_1280-300x200.jpg 300w, https:\/\/denkraum42.de\/wp-content\/uploads\/2024\/06\/alone-3433137_1280-768x512.jpg 768w, https:\/\/denkraum42.de\/wp-content\/uploads\/2024\/06\/alone-3433137_1280.jpg 1280w\" sizes=\"auto, (max-width: 767px) 89vw, (max-width: 1000px) 54vw, (max-width: 1071px) 543px, 580px\" \/><figcaption class=\"wp-element-caption\"><a href=\"https:\/\/denkraum42.de\/?page_id=171\">Wie navigieren Soloselbst\u00e4ndige im 21. Jahrhundert<\/a><\/figcaption><\/figure>\n\n\n\n<figure class=\"wp-block-image size-large\"><img loading=\"lazy\" decoding=\"async\" width=\"1024\" height=\"575\" data-id=\"202\" src=\"https:\/\/denkraum42.de\/wp-content\/uploads\/2024\/06\/dancer-5184685_1280-1-1024x575.jpg\" alt=\"\" class=\"wp-image-202\" srcset=\"https:\/\/denkraum42.de\/wp-content\/uploads\/2024\/06\/dancer-5184685_1280-1-1024x575.jpg 1024w, https:\/\/denkraum42.de\/wp-content\/uploads\/2024\/06\/dancer-5184685_1280-1-300x169.jpg 300w, https:\/\/denkraum42.de\/wp-content\/uploads\/2024\/06\/dancer-5184685_1280-1-768x431.jpg 768w, https:\/\/denkraum42.de\/wp-content\/uploads\/2024\/06\/dancer-5184685_1280-1.jpg 1280w\" sizes=\"auto, (max-width: 767px) 89vw, (max-width: 1000px) 54vw, (max-width: 1071px) 543px, 580px\" \/><figcaption class=\"wp-element-caption\"><a href=\"https:\/\/denkraum42.de\/?page_id=151\">F\u00f6rderm\u00f6glichkeiten<\/a><\/figcaption><\/figure>\n\n\n\n<figure class=\"wp-block-image size-large\"><img loading=\"lazy\" decoding=\"async\" width=\"1024\" height=\"682\" data-id=\"212\" src=\"https:\/\/denkraum42.de\/wp-content\/uploads\/2024\/06\/journal-2850091_1280-1024x682.jpg\" alt=\"\" class=\"wp-image-212\" srcset=\"https:\/\/denkraum42.de\/wp-content\/uploads\/2024\/06\/journal-2850091_1280-1024x682.jpg 1024w, https:\/\/denkraum42.de\/wp-content\/uploads\/2024\/06\/journal-2850091_1280-300x200.jpg 300w, https:\/\/denkraum42.de\/wp-content\/uploads\/2024\/06\/journal-2850091_1280-768x512.jpg 768w, https:\/\/denkraum42.de\/wp-content\/uploads\/2024\/06\/journal-2850091_1280.jpg 1280w\" sizes=\"auto, (max-width: 767px) 89vw, (max-width: 1000px) 54vw, (max-width: 1071px) 543px, 580px\" \/><figcaption class=\"wp-element-caption\"><a href=\"https:\/\/denkraum42.de\/?page_id=239\">Akademie im eigenen Unternehmen<\/a><\/figcaption><\/figure>\n\n\n\n<figure class=\"wp-block-image size-large\"><img loading=\"lazy\" decoding=\"async\" width=\"1024\" height=\"576\" data-id=\"204\" src=\"https:\/\/denkraum42.de\/wp-content\/uploads\/2024\/06\/sunflowers-1853562_1280-1024x576.jpg\" alt=\"\" class=\"wp-image-204\" srcset=\"https:\/\/denkraum42.de\/wp-content\/uploads\/2024\/06\/sunflowers-1853562_1280-1024x576.jpg 1024w, https:\/\/denkraum42.de\/wp-content\/uploads\/2024\/06\/sunflowers-1853562_1280-300x169.jpg 300w, https:\/\/denkraum42.de\/wp-content\/uploads\/2024\/06\/sunflowers-1853562_1280-768x432.jpg 768w, https:\/\/denkraum42.de\/wp-content\/uploads\/2024\/06\/sunflowers-1853562_1280.jpg 1280w\" sizes=\"auto, (max-width: 767px) 89vw, (max-width: 1000px) 54vw, (max-width: 1071px) 543px, 580px\" \/><figcaption class=\"wp-element-caption\"><a href=\"https:\/\/denkraum42.de\/?page_id=165\">Attraktive Flatrates<\/a><\/figcaption><\/figure>\n<\/figure>\n","protected":false},"excerpt":{"rendered":"<p>Tiefe Entwicklung. Wahre Transformation. Hier findest Du Angebote f\u00fcr Dich und Deine eigene Entwicklung. F\u00fcr deine Zukunftsf\u00e4higkeit als Soloselbst\u00e4ndiger. F\u00fcr Deine Organisation oder Dein Unternehmen. F\u00fcr mehr Balance und ein tieferes Verst\u00e4ndnis als F\u00fchrungskraft. &#8222;Bei den meisten Transformationsprogrammen geht es nur darum, die alten M\u00f6bel in den alten R\u00e4umen umzustellen. Mag sein, dass manchmal sogar &hellip; <\/p>\n<p class=\"link-more\"><a href=\"https:\/\/denkraum42.de\/?page_id=53\" class=\"more-link\"><span class=\"screen-reader-text\">\u201eAngebote\u201c<\/span> weiterlesen<\/a><\/p>\n","protected":false},"author":1,"featured_media":68,"parent":0,"menu_order":0,"comment_status":"closed","ping_status":"closed","template":"","meta":{"footnotes":""},"class_list":["post-53","page","type-page","status-publish","has-post-thumbnail","hentry"],"yoast_head":"<!-- This site is optimized with the Yoast SEO plugin v22.6 - https:\/\/yoast.com\/wordpress\/plugins\/seo\/ -->\n<title>Angebote - Denkraum 42<\/title>\n<meta name=\"robots\" content=\"index, follow, max-snippet:-1, max-image-preview:large, max-video-preview:-1\" \/>\n<link rel=\"canonical\" href=\"https:\/\/denkraum42.de\/?page_id=53\" \/>\n<meta property=\"og:locale\" content=\"de_DE\" \/>\n<meta property=\"og:type\" content=\"article\" \/>\n<meta property=\"og:title\" content=\"Angebote - Denkraum 42\" \/>\n<meta property=\"og:description\" content=\"Tiefe Entwicklung. Wahre Transformation. Hier findest Du Angebote f\u00fcr Dich und Deine eigene Entwicklung. F\u00fcr deine Zukunftsf\u00e4higkeit als Soloselbst\u00e4ndiger. F\u00fcr Deine Organisation oder Dein Unternehmen. F\u00fcr mehr Balance und ein tieferes Verst\u00e4ndnis als F\u00fchrungskraft. &#8222;Bei den meisten Transformationsprogrammen geht es nur darum, die alten M\u00f6bel in den alten R\u00e4umen umzustellen. Mag sein, dass manchmal sogar &hellip; \u201eAngebote\u201c weiterlesen\" \/>\n<meta property=\"og:url\" content=\"https:\/\/denkraum42.de\/?page_id=53\" \/>\n<meta property=\"og:site_name\" content=\"Denkraum 42\" \/>\n<meta property=\"article:modified_time\" content=\"2024-06-05T17:01:27+00:00\" \/>\n<meta property=\"og:image\" content=\"https:\/\/denkraum42.de\/wp-content\/uploads\/2024\/05\/cropped-ai-generated-8387045_1920-1024x614.png\" \/>\n\t<meta property=\"og:image:width\" content=\"1024\" \/>\n\t<meta property=\"og:image:height\" content=\"614\" \/>\n\t<meta property=\"og:image:type\" content=\"image\/png\" \/>\n<meta name=\"twitter:card\" content=\"summary_large_image\" \/>\n<meta name=\"twitter:label1\" content=\"Gesch\u00e4tzte Lesezeit\" \/>\n\t<meta name=\"twitter:data1\" content=\"3\u00a0Minuten\" \/>\n<script type=\"application\/ld+json\" class=\"yoast-schema-graph\">{\"@context\":\"https:\/\/schema.org\",\"@graph\":[{\"@type\":\"WebPage\",\"@id\":\"https:\/\/denkraum42.de\/?page_id=53\",\"url\":\"https:\/\/denkraum42.de\/?page_id=53\",\"name\":\"Angebote - Denkraum 42\",\"isPartOf\":{\"@id\":\"https:\/\/denkraum42.de\/#website\"},\"primaryImageOfPage\":{\"@id\":\"https:\/\/denkraum42.de\/?page_id=53#primaryimage\"},\"image\":{\"@id\":\"https:\/\/denkraum42.de\/?page_id=53#primaryimage\"},\"thumbnailUrl\":\"https:\/\/denkraum42.de\/wp-content\/uploads\/2024\/05\/cropped-ai-generated-8387045_1920.png\",\"datePublished\":\"2024-05-03T09:47:20+00:00\",\"dateModified\":\"2024-06-05T17:01:27+00:00\",\"breadcrumb\":{\"@id\":\"https:\/\/denkraum42.de\/?page_id=53#breadcrumb\"},\"inLanguage\":\"de\",\"potentialAction\":[{\"@type\":\"ReadAction\",\"target\":[\"https:\/\/denkraum42.de\/?page_id=53\"]}]},{\"@type\":\"ImageObject\",\"inLanguage\":\"de\",\"@id\":\"https:\/\/denkraum42.de\/?page_id=53#primaryimage\",\"url\":\"https:\/\/denkraum42.de\/wp-content\/uploads\/2024\/05\/cropped-ai-generated-8387045_1920.png\",\"contentUrl\":\"https:\/\/denkraum42.de\/wp-content\/uploads\/2024\/05\/cropped-ai-generated-8387045_1920.png\",\"width\":2000,\"height\":1200,\"caption\":\"\u00f6djf\u00f6kjkjfd\"},{\"@type\":\"BreadcrumbList\",\"@id\":\"https:\/\/denkraum42.de\/?page_id=53#breadcrumb\",\"itemListElement\":[{\"@type\":\"ListItem\",\"position\":1,\"name\":\"Startseite\",\"item\":\"https:\/\/denkraum42.de\/\"},{\"@type\":\"ListItem\",\"position\":2,\"name\":\"Angebote\"}]},{\"@type\":\"WebSite\",\"@id\":\"https:\/\/denkraum42.de\/#website\",\"url\":\"https:\/\/denkraum42.de\/\",\"name\":\"Denkraum 42\",\"description\":\"Echte Transformation und integraler Wandel. Entwicklung evolution\u00e4r gestalten.\",\"publisher\":{\"@id\":\"https:\/\/denkraum42.de\/#organization\"},\"potentialAction\":[{\"@type\":\"SearchAction\",\"target\":{\"@type\":\"EntryPoint\",\"urlTemplate\":\"https:\/\/denkraum42.de\/?s={search_term_string}\"},\"query-input\":\"required name=search_term_string\"}],\"inLanguage\":\"de\"},{\"@type\":\"Organization\",\"@id\":\"https:\/\/denkraum42.de\/#organization\",\"name\":\"Denkraum 42\",\"url\":\"https:\/\/denkraum42.de\/\",\"logo\":{\"@type\":\"ImageObject\",\"inLanguage\":\"de\",\"@id\":\"https:\/\/denkraum42.de\/#\/schema\/logo\/image\/\",\"url\":\"https:\/\/denkraum42.de\/wp-content\/uploads\/2024\/05\/cropped-cropped-triskell-1193998_1920.png\",\"contentUrl\":\"https:\/\/denkraum42.de\/wp-content\/uploads\/2024\/05\/cropped-cropped-triskell-1193998_1920.png\",\"width\":250,\"height\":250,\"caption\":\"Denkraum 42\"},\"image\":{\"@id\":\"https:\/\/denkraum42.de\/#\/schema\/logo\/image\/\"}}]}<\/script>\n<!-- \/ Yoast SEO plugin. -->","yoast_head_json":{"title":"Angebote - Denkraum 42","robots":{"index":"index","follow":"follow","max-snippet":"max-snippet:-1","max-image-preview":"max-image-preview:large","max-video-preview":"max-video-preview:-1"},"canonical":"https:\/\/denkraum42.de\/?page_id=53","og_locale":"de_DE","og_type":"article","og_title":"Angebote - Denkraum 42","og_description":"Tiefe Entwicklung. Wahre Transformation. Hier findest Du Angebote f\u00fcr Dich und Deine eigene Entwicklung. F\u00fcr deine Zukunftsf\u00e4higkeit als Soloselbst\u00e4ndiger. F\u00fcr Deine Organisation oder Dein Unternehmen. F\u00fcr mehr Balance und ein tieferes Verst\u00e4ndnis als F\u00fchrungskraft. &#8222;Bei den meisten Transformationsprogrammen geht es nur darum, die alten M\u00f6bel in den alten R\u00e4umen umzustellen. Mag sein, dass manchmal sogar &hellip; \u201eAngebote\u201c weiterlesen","og_url":"https:\/\/denkraum42.de\/?page_id=53","og_site_name":"Denkraum 42","article_modified_time":"2024-06-05T17:01:27+00:00","og_image":[{"width":1024,"height":614,"url":"https:\/\/denkraum42.de\/wp-content\/uploads\/2024\/05\/cropped-ai-generated-8387045_1920-1024x614.png","type":"image\/png"}],"twitter_card":"summary_large_image","twitter_misc":{"Gesch\u00e4tzte Lesezeit":"3\u00a0Minuten"},"schema":{"@context":"https:\/\/schema.org","@graph":[{"@type":"WebPage","@id":"https:\/\/denkraum42.de\/?page_id=53","url":"https:\/\/denkraum42.de\/?page_id=53","name":"Angebote - Denkraum 42","isPartOf":{"@id":"https:\/\/denkraum42.de\/#website"},"primaryImageOfPage":{"@id":"https:\/\/denkraum42.de\/?page_id=53#primaryimage"},"image":{"@id":"https:\/\/denkraum42.de\/?page_id=53#primaryimage"},"thumbnailUrl":"https:\/\/denkraum42.de\/wp-content\/uploads\/2024\/05\/cropped-ai-generated-8387045_1920.png","datePublished":"2024-05-03T09:47:20+00:00","dateModified":"2024-06-05T17:01:27+00:00","breadcrumb":{"@id":"https:\/\/denkraum42.de\/?page_id=53#breadcrumb"},"inLanguage":"de","potentialAction":[{"@type":"ReadAction","target":["https:\/\/denkraum42.de\/?page_id=53"]}]},{"@type":"ImageObject","inLanguage":"de","@id":"https:\/\/denkraum42.de\/?page_id=53#primaryimage","url":"https:\/\/denkraum42.de\/wp-content\/uploads\/2024\/05\/cropped-ai-generated-8387045_1920.png","contentUrl":"https:\/\/denkraum42.de\/wp-content\/uploads\/2024\/05\/cropped-ai-generated-8387045_1920.png","width":2000,"height":1200,"caption":"\u00f6djf\u00f6kjkjfd"},{"@type":"BreadcrumbList","@id":"https:\/\/denkraum42.de\/?page_id=53#breadcrumb","itemListElement":[{"@type":"ListItem","position":1,"name":"Startseite","item":"https:\/\/denkraum42.de\/"},{"@type":"ListItem","position":2,"name":"Angebote"}]},{"@type":"WebSite","@id":"https:\/\/denkraum42.de\/#website","url":"https:\/\/denkraum42.de\/","name":"Denkraum 42","description":"Echte Transformation und integraler Wandel. Entwicklung evolution\u00e4r gestalten.","publisher":{"@id":"https:\/\/denkraum42.de\/#organization"},"potentialAction":[{"@type":"SearchAction","target":{"@type":"EntryPoint","urlTemplate":"https:\/\/denkraum42.de\/?s={search_term_string}"},"query-input":"required name=search_term_string"}],"inLanguage":"de"},{"@type":"Organization","@id":"https:\/\/denkraum42.de\/#organization","name":"Denkraum 42","url":"https:\/\/denkraum42.de\/","logo":{"@type":"ImageObject","inLanguage":"de","@id":"https:\/\/denkraum42.de\/#\/schema\/logo\/image\/","url":"https:\/\/denkraum42.de\/wp-content\/uploads\/2024\/05\/cropped-cropped-triskell-1193998_1920.png","contentUrl":"https:\/\/denkraum42.de\/wp-content\/uploads\/2024\/05\/cropped-cropped-triskell-1193998_1920.png","width":250,"height":250,"caption":"Denkraum 42"},"image":{"@id":"https:\/\/denkraum42.de\/#\/schema\/logo\/image\/"}}]}},"_links":{"self":[{"href":"https:\/\/denkraum42.de\/index.php?rest_route=\/wp\/v2\/pages\/53","targetHints":{"allow":["GET"]}}],"collection":[{"href":"https:\/\/denkraum42.de\/index.php?rest_route=\/wp\/v2\/pages"}],"about":[{"href":"https:\/\/denkraum42.de\/index.php?rest_route=\/wp\/v2\/types\/page"}],"author":[{"embeddable":true,"href":"https:\/\/denkraum42.de\/index.php?rest_route=\/wp\/v2\/users\/1"}],"replies":[{"embeddable":true,"href":"https:\/\/denkraum42.de\/index.php?rest_route=%2Fwp%2Fv2%2Fcomments&post=53"}],"version-history":[{"count":10,"href":"https:\/\/denkraum42.de\/index.php?rest_route=\/wp\/v2\/pages\/53\/revisions"}],"predecessor-version":[{"id":245,"href":"https:\/\/denkraum42.de\/index.php?rest_route=\/wp\/v2\/pages\/53\/revisions\/245"}],"wp:featuredmedia":[{"embeddable":true,"href":"https:\/\/denkraum42.de\/index.php?rest_route=\/wp\/v2\/media\/68"}],"wp:attachment":[{"href":"https:\/\/denkraum42.de\/index.php?rest_route=%2Fwp%2Fv2%2Fmedia&parent=53"}],"curies":[{"name":"wp","href":"https:\/\/api.w.org\/{rel}","templated":true}]}}